{"id":8527,"date":"2020-01-25T08:31:23","date_gmt":"2020-01-25T08:31:23","guid":{"rendered":"https:\/\/eliquidnicotine.co.uk\/shop\/avoria-premium-qualitat-erdbeere-e-liquid\/"},"modified":"2021-08-12T13:04:10","modified_gmt":"2021-08-12T13:04:10","slug":"avoria-premium-quality-strawberry-e-liquid","status":"publish","type":"product","link":"https:\/\/eliquidnicotine.co.uk\/fr\/shop\/avoria-fraise-e-liquide\/","title":{"rendered":"Fraise de qualit\u00e9 sup\u00e9rieure Avoria"},"content":{"rendered":"<p>La cuisson des e-cigarettes est l'un de ces plaisirs quotidiens qui peuvent \u00eatre tr\u00e8s simples, mais aussi tr\u00e8s compliqu\u00e9s. De nombreux utilisateurs appr\u00e9cient le fait qu'il suffit de verser les liquides dans le r\u00e9servoir d'une e-cigarette pour que la cuisson \u00e0 la vapeur commence en quelques secondes.<\/p>","protected":false},"excerpt":{"rendered":"<h2>Tous les produits Avoria b\u00e9n\u00e9ficient d\u00e9sormais d'une r\u00e9duction de 50 %.<\/h2>\n<p>Les E-Liquides Avoria n'ont pas besoin de cacher leur go\u00fbt et vous, en tant qu'utilisateur, en profitez \u00e9norm\u00e9ment \u00e0 presque tous les niveaux. Essayez les jus Avoria E et la gamme incroyablement large de saveurs que vous pouvez appr\u00e9cier.<\/p>","protected":false},"featured_media":6624,"comment_status":"open","ping_status":"closed","template":"","meta":{"_acf_changed":false,"_genesis_hide_title":false,"_genesis_hide_breadcrumbs":false,"_genesis_hide_singular_image":false,"_genesis_hide_footer_widgets":false,"_genesis_custom_body_class":"","_genesis_custom_post_class":"","_genesis_layout":""},"product_brand":[],"product_cat":[397],"product_tag":[],"class_list":{"1":"product","2":"type-product","6":"product_cat-avoria-premium-e-liquid","7":"entry","9":"first","10":"outofstock","11":"taxable","12":"shipping-taxable","13":"purchasable","14":"product-type-variable"},"acf":[],"_links":{"self":[{"href":"https:\/\/eliquidnicotine.co.uk\/fr\/wp-json\/wp\/v2\/product\/8527","targetHints":{"allow":["GET"]}}],"collection":[{"href":"https:\/\/eliquidnicotine.co.uk\/fr\/wp-json\/wp\/v2\/product"}],"about":[{"href":"https:\/\/eliquidnicotine.co.uk\/fr\/wp-json\/wp\/v2\/types\/product"}],"replies":[{"embeddable":true,"href":"https:\/\/eliquidnicotine.co.uk\/fr\/wp-json\/wp\/v2\/comments?post=8527"}],"wp:featuredmedia":[{"embeddable":true,"href":"https:\/\/eliquidnicotine.co.uk\/fr\/wp-json\/wp\/v2\/media\/6624"}],"wp:attachment":[{"href":"https:\/\/eliquidnicotine.co.uk\/fr\/wp-json\/wp\/v2\/media?parent=8527"}],"wp:term":[{"taxonomy":"product_brand","embeddable":true,"href":"https:\/\/eliquidnicotine.co.uk\/fr\/wp-json\/wp\/v2\/product_brand?post=8527"},{"taxonomy":"product_cat","embeddable":true,"href":"https:\/\/eliquidnicotine.co.uk\/fr\/wp-json\/wp\/v2\/product_cat?post=8527"},{"taxonomy":"product_tag","embeddable":true,"href":"https:\/\/eliquidnicotine.co.uk\/fr\/wp-json\/wp\/v2\/product_tag?post=8527"}],"curies":[{"name":"wp","href":"https:\/\/api.w.org\/{rel}","templated":true}]}}