{"id":8561,"date":"2020-01-25T08:31:26","date_gmt":"2020-01-25T08:31:26","guid":{"rendered":"https:\/\/eliquidnicotine.co.uk\/shop\/avoria-premium-qualitat-dirty-mind-e-liquid\/"},"modified":"2021-08-12T13:04:09","modified_gmt":"2021-08-12T13:04:09","slug":"avoria-premium-quality-dirty-mind-e-liquid","status":"publish","type":"product","link":"https:\/\/eliquidnicotine.co.uk\/fr\/shop\/avoria-premium-quality-dirty-mind-e-liquid\/","title":{"rendered":"Avoria Premium Quality Dirty Mind"},"content":{"rendered":"","protected":false},"excerpt":{"rendered":"<h2>Tous les produits Avoria b\u00e9n\u00e9ficient d\u00e9sormais d'une r\u00e9duction de 50 %.<\/h2>\n<p>Les E-Liquides Avoria n'ont pas besoin de cacher leur go\u00fbt et vous, en tant qu'utilisateur, en profitez \u00e9norm\u00e9ment \u00e0 presque tous les niveaux. Essayez les jus Avoria E et la gamme incroyablement large de saveurs que vous pouvez appr\u00e9cier.\u00a0<\/p>","protected":false},"featured_media":6624,"comment_status":"open","ping_status":"closed","template":"","meta":{"_acf_changed":false,"_genesis_hide_title":false,"_genesis_hide_breadcrumbs":false,"_genesis_hide_singular_image":false,"_genesis_hide_footer_widgets":false,"_genesis_custom_body_class":"","_genesis_custom_post_class":"","_genesis_layout":""},"product_brand":[],"product_cat":[397],"product_tag":[],"class_list":{"1":"product","2":"type-product","6":"product_cat-avoria-premium-e-liquid","7":"entry","9":"first","10":"outofstock","11":"taxable","12":"shipping-taxable","13":"purchasable","14":"product-type-variable"},"acf":[],"_links":{"self":[{"href":"https:\/\/eliquidnicotine.co.uk\/fr\/wp-json\/wp\/v2\/product\/8561","targetHints":{"allow":["GET"]}}],"collection":[{"href":"https:\/\/eliquidnicotine.co.uk\/fr\/wp-json\/wp\/v2\/product"}],"about":[{"href":"https:\/\/eliquidnicotine.co.uk\/fr\/wp-json\/wp\/v2\/types\/product"}],"replies":[{"embeddable":true,"href":"https:\/\/eliquidnicotine.co.uk\/fr\/wp-json\/wp\/v2\/comments?post=8561"}],"wp:featuredmedia":[{"embeddable":true,"href":"https:\/\/eliquidnicotine.co.uk\/fr\/wp-json\/wp\/v2\/media\/6624"}],"wp:attachment":[{"href":"https:\/\/eliquidnicotine.co.uk\/fr\/wp-json\/wp\/v2\/media?parent=8561"}],"wp:term":[{"taxonomy":"product_brand","embeddable":true,"href":"https:\/\/eliquidnicotine.co.uk\/fr\/wp-json\/wp\/v2\/product_brand?post=8561"},{"taxonomy":"product_cat","embeddable":true,"href":"https:\/\/eliquidnicotine.co.uk\/fr\/wp-json\/wp\/v2\/product_cat?post=8561"},{"taxonomy":"product_tag","embeddable":true,"href":"https:\/\/eliquidnicotine.co.uk\/fr\/wp-json\/wp\/v2\/product_tag?post=8561"}],"curies":[{"name":"wp","href":"https:\/\/api.w.org\/{rel}","templated":true}]}}