{"id":13105,"date":"2020-02-21T12:49:28","date_gmt":"2020-02-21T12:49:28","guid":{"rendered":"https:\/\/eliquidnicotine.co.uk\/?post_type=product&#038;p=13105"},"modified":"2020-10-12T14:31:10","modified_gmt":"2020-10-12T14:31:10","slug":"mix-pack-for-100-ml-e-liquid","status":"publish","type":"product","link":"https:\/\/eliquidnicotine.co.uk\/it\/shop\/pacchetto-completo-per-100-ml-e-liquid\/","title":{"rendered":"Pacchetto completo per 100 ml e liquid"},"content":{"rendered":"<h2>Confezione da 100 ml e liquido, PG\/VG Aroma e Nicotina<\/h2>\n<p>Pacchetto mix per 100 ml e liquido, economico e gustoso liquido di vapore. Non \u00e8 difficile, si ottiene 20 mg\/ml scatti per aumentare il vostro e liquido alla vostra forza nicotina desiderata. 15 ml di sapore \u00e8 incluso, cio\u00e8 5 ml oltre la quantit\u00e0 totale si ottiene nella bottiglia da 100 ml, fino a voi quanto sapore si utilizza.<\/p>\n<p>Istruzioni: Contenuto della confezione: 100 ml PG\/VG, aroma, shot di nicotina. Ogni shot ha 20 mg\/ml di nicotina per una quantit\u00e0 di 10 ml. Aroma consigliamo 10%, si ottiene 15 ml-15%. A 2 mg\/ml 1 shot \u00e8 sufficiente, 4 mg\/ml 1 shot \u00e8 sufficiente, 4 mg\/ml 2 shot, 6 mg\/ml 3 shot, 8 mg\/ml 4 shot. Ricordate che la quantit\u00e0 totale di liquido \u00e8 di 100 ml gli shot devono essere sottratti da questo, a 2 mg si aggiunge 1 shot di 10 ml a 90 ml PG VG e possibilmente aroma. Suggerimento: iniziare sempre con gli shot e l'aroma, il resto si riempie semplicemente con gli shot neutri PG VG senza nicotina.<\/p>","protected":false},"excerpt":{"rendered":"<p>Confezione di miscelazione aromatica TPA per 100 ml e liquido, ogni dose \u00e8 di 10 ml<br \/>\nIncluso, flacone da 1X100 ml a riempimento corto.<br \/>\nPrima i colpi e l'aroma nella bottiglia da 100 ml, poi riempire ulteriormente con PG VG, agitare e pronto.<br \/>\nA causa della legislazione, tutto viene fornito in bottiglie da 10 ml.<\/p>","protected":false},"featured_media":9459,"comment_status":"open","ping_status":"closed","template":"","meta":{"_acf_changed":false,"_genesis_hide_title":false,"_genesis_hide_breadcrumbs":false,"_genesis_hide_singular_image":false,"_genesis_hide_footer_widgets":false,"_genesis_custom_body_class":"","_genesis_custom_post_class":"","_genesis_layout":""},"product_brand":[],"product_cat":[447],"product_tag":[],"class_list":{"1":"product","2":"type-product","6":"product_cat-e-liquid-mix-pack","7":"entry","9":"first","10":"instock","11":"taxable","12":"shipping-taxable","13":"purchasable","14":"product-type-variable"},"acf":[],"_links":{"self":[{"href":"https:\/\/eliquidnicotine.co.uk\/it\/wp-json\/wp\/v2\/product\/13105","targetHints":{"allow":["GET"]}}],"collection":[{"href":"https:\/\/eliquidnicotine.co.uk\/it\/wp-json\/wp\/v2\/product"}],"about":[{"href":"https:\/\/eliquidnicotine.co.uk\/it\/wp-json\/wp\/v2\/types\/product"}],"replies":[{"embeddable":true,"href":"https:\/\/eliquidnicotine.co.uk\/it\/wp-json\/wp\/v2\/comments?post=13105"}],"wp:featuredmedia":[{"embeddable":true,"href":"https:\/\/eliquidnicotine.co.uk\/it\/wp-json\/wp\/v2\/media\/9459"}],"wp:attachment":[{"href":"https:\/\/eliquidnicotine.co.uk\/it\/wp-json\/wp\/v2\/media?parent=13105"}],"wp:term":[{"taxonomy":"product_brand","embeddable":true,"href":"https:\/\/eliquidnicotine.co.uk\/it\/wp-json\/wp\/v2\/product_brand?post=13105"},{"taxonomy":"product_cat","embeddable":true,"href":"https:\/\/eliquidnicotine.co.uk\/it\/wp-json\/wp\/v2\/product_cat?post=13105"},{"taxonomy":"product_tag","embeddable":true,"href":"https:\/\/eliquidnicotine.co.uk\/it\/wp-json\/wp\/v2\/product_tag?post=13105"}],"curies":[{"name":"wp","href":"https:\/\/api.w.org\/{rel}","templated":true}]}}