{"id":18946,"date":"2020-06-27T07:53:13","date_gmt":"2020-06-27T07:53:13","guid":{"rendered":"https:\/\/eliquidnicotine.co.uk\/?post_type=product&#038;p=18946"},"modified":"2024-12-22T10:34:37","modified_gmt":"2024-12-22T09:34:37","slug":"12-mg-ml-e-liquid-base","status":"publish","type":"product","link":"https:\/\/eliquidnicotine.co.uk\/it\/shop\/12-mg-ml-base-per-e-liquid\/","title":{"rendered":"12 mg\/ml base per e liquid"},"content":{"rendered":"<p>1000 ml di base pronta all'uso per e-Liquid<\/p>\n<p>1 litro 12 mg\/ml in vari rapporti PG VG. Tutto quello che dovete fare \u00e8 possibilmente aggiungere un aroma e avete un prodotto pronto a svapare. La nicotina utilizzata \u00e8 di Alchem International, il glicole propilenico e la glicerina vegetale sono di altissima qualit\u00e0, cio\u00e8 farmaceutica. Si pu\u00f2 essere in grado di ottenere la scheda tecnica, la scheda di sicurezza, di questi prodotti in modo da sapere esattamente cosa c'\u00e8 in essi, Forniamo il 18 mg\/ml con un valore 10% pi\u00f9 alto, in modo che dopo l'aggiunta di sapore, di solito 10%, si ottiene ancora esattamente 12 mg\/ml.<\/p>","protected":false},"excerpt":{"rendered":"<p>1000 ml 12 mg\/ml di base per e liquido<\/p>","protected":false},"featured_media":18951,"comment_status":"open","ping_status":"closed","template":"","meta":{"_acf_changed":false,"_genesis_hide_title":false,"_genesis_hide_breadcrumbs":false,"_genesis_hide_singular_image":false,"_genesis_hide_footer_widgets":false,"_genesis_custom_body_class":"","_genesis_custom_post_class":"","_genesis_layout":""},"product_brand":[],"product_cat":[572,242],"product_tag":[],"class_list":{"1":"product","2":"type-product","6":"product_cat-e-liquid-base","7":"product_cat-nicotine-liquid","8":"entry","10":"first","11":"instock","12":"taxable","13":"shipping-taxable","14":"purchasable","15":"product-type-variable"},"acf":[],"_links":{"self":[{"href":"https:\/\/eliquidnicotine.co.uk\/it\/wp-json\/wp\/v2\/product\/18946","targetHints":{"allow":["GET"]}}],"collection":[{"href":"https:\/\/eliquidnicotine.co.uk\/it\/wp-json\/wp\/v2\/product"}],"about":[{"href":"https:\/\/eliquidnicotine.co.uk\/it\/wp-json\/wp\/v2\/types\/product"}],"replies":[{"embeddable":true,"href":"https:\/\/eliquidnicotine.co.uk\/it\/wp-json\/wp\/v2\/comments?post=18946"}],"wp:featuredmedia":[{"embeddable":true,"href":"https:\/\/eliquidnicotine.co.uk\/it\/wp-json\/wp\/v2\/media\/18951"}],"wp:attachment":[{"href":"https:\/\/eliquidnicotine.co.uk\/it\/wp-json\/wp\/v2\/media?parent=18946"}],"wp:term":[{"taxonomy":"product_brand","embeddable":true,"href":"https:\/\/eliquidnicotine.co.uk\/it\/wp-json\/wp\/v2\/product_brand?post=18946"},{"taxonomy":"product_cat","embeddable":true,"href":"https:\/\/eliquidnicotine.co.uk\/it\/wp-json\/wp\/v2\/product_cat?post=18946"},{"taxonomy":"product_tag","embeddable":true,"href":"https:\/\/eliquidnicotine.co.uk\/it\/wp-json\/wp\/v2\/product_tag?post=18946"}],"curies":[{"name":"wp","href":"https:\/\/api.w.org\/{rel}","templated":true}]}}