{"id":19482,"date":"2020-11-02T10:42:04","date_gmt":"2020-11-02T09:42:04","guid":{"rendered":"https:\/\/eliquidnicotine.co.uk\/?post_type=product&#038;p=19482"},"modified":"2023-03-07T09:44:12","modified_gmt":"2023-03-07T08:44:12","slug":"liquideo-gary-guet","status":"publish","type":"product","link":"https:\/\/eliquidnicotine.co.uk\/it\/shop\/liquideo-gary-guet\/","title":{"rendered":"Liquideo Gary Guet"},"content":{"rendered":"<p>Le fragole di bosco dell'estate<\/p>\n<p>PG\/VG : 60\/40<\/p>\n<p>Contenuto : 10 ml<\/p>\n<p>forza della nicotina : 0, 3, 6, 10 mg\/ml<\/p>\n<p>Il nostro Gary Guet e-liquido della collezione Fruity Evolution ha un 60\/40 PG\/VG bilanciato e grazie alla sua alta concentrazione di glicole propilenico, il colpo rimane moderato e il vapore soddisfacente, mentre l'aroma \u00e8 preservato. Con il suo buon gusto fruttato, rimarrete incantati dalla sua intensit\u00e0 ad ogni sbuffo. Un piacere da consumare senza alcuna moderazione, ed \u00e8 per questo che \u00e8 stato uno dei nostri bestseller fin dalla sua creazione.<\/p>","protected":false},"excerpt":{"rendered":"<p>Sconto sul volume<br \/>\n1 \u00e8 il prezzo pieno, 5=5% di sconto, 10=10% di sconto<br \/>\nProvate il nostro Gary Guet liquido della collezione Fruit Evolution: leggermente dolce con una punta di sapore piccante, Gary Guet \u00e8 morbido al palato. \u00c8 come se i dolci che compriamo smettessimo di mangiarli solo quando il sacchetto \u00e8 vuoto...<\/p>","protected":false},"featured_media":25475,"comment_status":"open","ping_status":"closed","template":"","meta":{"_acf_changed":false,"_genesis_hide_title":false,"_genesis_hide_breadcrumbs":false,"_genesis_hide_singular_image":false,"_genesis_hide_footer_widgets":false,"_genesis_custom_body_class":"","_genesis_custom_post_class":"","_genesis_layout":""},"product_brand":[],"product_cat":[454],"product_tag":[],"class_list":{"1":"product","2":"type-product","6":"product_cat-liquideo","7":"entry","9":"first","10":"outofstock","11":"taxable","12":"shipping-taxable","13":"purchasable","14":"product-type-variable"},"acf":[],"_links":{"self":[{"href":"https:\/\/eliquidnicotine.co.uk\/it\/wp-json\/wp\/v2\/product\/19482","targetHints":{"allow":["GET"]}}],"collection":[{"href":"https:\/\/eliquidnicotine.co.uk\/it\/wp-json\/wp\/v2\/product"}],"about":[{"href":"https:\/\/eliquidnicotine.co.uk\/it\/wp-json\/wp\/v2\/types\/product"}],"replies":[{"embeddable":true,"href":"https:\/\/eliquidnicotine.co.uk\/it\/wp-json\/wp\/v2\/comments?post=19482"}],"wp:featuredmedia":[{"embeddable":true,"href":"https:\/\/eliquidnicotine.co.uk\/it\/wp-json\/wp\/v2\/media\/25475"}],"wp:attachment":[{"href":"https:\/\/eliquidnicotine.co.uk\/it\/wp-json\/wp\/v2\/media?parent=19482"}],"wp:term":[{"taxonomy":"product_brand","embeddable":true,"href":"https:\/\/eliquidnicotine.co.uk\/it\/wp-json\/wp\/v2\/product_brand?post=19482"},{"taxonomy":"product_cat","embeddable":true,"href":"https:\/\/eliquidnicotine.co.uk\/it\/wp-json\/wp\/v2\/product_cat?post=19482"},{"taxonomy":"product_tag","embeddable":true,"href":"https:\/\/eliquidnicotine.co.uk\/it\/wp-json\/wp\/v2\/product_tag?post=19482"}],"curies":[{"name":"wp","href":"https:\/\/api.w.org\/{rel}","templated":true}]}}