{"id":19486,"date":"2020-11-01T15:22:06","date_gmt":"2020-11-01T14:22:06","guid":{"rendered":"https:\/\/eliquidnicotine.co.uk\/?post_type=product&#038;p=19486"},"modified":"2023-03-07T09:43:42","modified_gmt":"2023-03-07T08:43:42","slug":"liquideo-le-gaulois","status":"publish","type":"product","link":"https:\/\/eliquidnicotine.co.uk\/it\/shop\/liquideo-le-gaulois\/","title":{"rendered":"Liquideo Le Gaulois"},"content":{"rendered":"<p>Questo E-Liquid \u00e8 prodotto dalla societ\u00e0 francese Liquid\u00e9o, uno dei principali attori del mercato Vape, noto per i suoi liquidi di alta qualit\u00e0!<\/p>\n<p>Questo gallico che Vapo d'Oliquide vi propone \u00e8 un e-liquido della gamma Evolution, composto da glicole propilenico, glicerina vegetale, aromi alimentari e nicotina (tranne il dosaggio senza nicotina). Ha un rapporto PG\/VG di 60\/40.<\/p>\n<p>Liquid\u00e9o \u00e8 specializzata nella produzione di e.liquids per e-cig e ha sede a Parigi. \u00c8 composta da esperti di talento che sublimano pi\u00f9 di 130 aromi che troverete in diverse collezioni per soddisfare una vasta gamma di vaporizzatori. Ce n'\u00e8 per tutti i gusti! Gli e-liquidi Liquid\u00e9o sono tutti prodotti in Francia nei suoi laboratori nella regione parigina. Per la composizione di questi prodotti, Liquid\u00e9o utilizza solo aromi alimentari certificati, glicole propilenico, glicerina vegetale, nicotina (ad eccezione dei liquidi 0mg), talvolta etanolo e acqua. Sono garantiti senza diacetile, parabene e ambrox.<\/p>","protected":false},"excerpt":{"rendered":"<p>Sconto sul volume<br \/>\n1 \u00e8 il prezzo pieno, 5=5% di sconto, 10=10% di sconto<br \/>\nIl Gaulois \u00e8 un classico biondo, leggermente dolciastro con un tocco di fichi. Questo liquido \u00e8 preparato dal druido Liquid\u00e9ix della trib\u00f9 Liquid\u00e9o... ma attenzione, non \u00e8 una pozione magica!<\/p>","protected":false},"featured_media":25480,"comment_status":"open","ping_status":"closed","template":"","meta":{"_acf_changed":false,"_genesis_hide_title":false,"_genesis_hide_breadcrumbs":false,"_genesis_hide_singular_image":false,"_genesis_hide_footer_widgets":false,"_genesis_custom_body_class":"","_genesis_custom_post_class":"","_genesis_layout":""},"product_brand":[],"product_cat":[454],"product_tag":[],"class_list":{"1":"product","2":"type-product","6":"product_cat-liquideo","7":"entry","9":"first","10":"outofstock","11":"taxable","12":"shipping-taxable","13":"purchasable","14":"product-type-variable"},"acf":[],"_links":{"self":[{"href":"https:\/\/eliquidnicotine.co.uk\/it\/wp-json\/wp\/v2\/product\/19486","targetHints":{"allow":["GET"]}}],"collection":[{"href":"https:\/\/eliquidnicotine.co.uk\/it\/wp-json\/wp\/v2\/product"}],"about":[{"href":"https:\/\/eliquidnicotine.co.uk\/it\/wp-json\/wp\/v2\/types\/product"}],"replies":[{"embeddable":true,"href":"https:\/\/eliquidnicotine.co.uk\/it\/wp-json\/wp\/v2\/comments?post=19486"}],"wp:featuredmedia":[{"embeddable":true,"href":"https:\/\/eliquidnicotine.co.uk\/it\/wp-json\/wp\/v2\/media\/25480"}],"wp:attachment":[{"href":"https:\/\/eliquidnicotine.co.uk\/it\/wp-json\/wp\/v2\/media?parent=19486"}],"wp:term":[{"taxonomy":"product_brand","embeddable":true,"href":"https:\/\/eliquidnicotine.co.uk\/it\/wp-json\/wp\/v2\/product_brand?post=19486"},{"taxonomy":"product_cat","embeddable":true,"href":"https:\/\/eliquidnicotine.co.uk\/it\/wp-json\/wp\/v2\/product_cat?post=19486"},{"taxonomy":"product_tag","embeddable":true,"href":"https:\/\/eliquidnicotine.co.uk\/it\/wp-json\/wp\/v2\/product_tag?post=19486"}],"curies":[{"name":"wp","href":"https:\/\/api.w.org\/{rel}","templated":true}]}}