{"id":19488,"date":"2020-11-01T15:09:17","date_gmt":"2020-11-01T14:09:17","guid":{"rendered":"https:\/\/eliquidnicotine.co.uk\/?post_type=product&#038;p=19488"},"modified":"2023-03-07T09:44:25","modified_gmt":"2023-03-07T08:44:25","slug":"liquideo-cowboy","status":"publish","type":"product","link":"https:\/\/eliquidnicotine.co.uk\/it\/shop\/liquideo-cowboy\/","title":{"rendered":"Liquideo Cowboy"},"content":{"rendered":"<p>Il nostro Cowboy e-Liquid della collezione Classico Evolution ha un 70\/30 PG\/VG La sua alta concentrazione di glicole propilenico lo rende un e-liquido con un colpo caratteristico e un vapore non troppo denso. Un autentico sapore di classico leggero, dal sapore forte e che vi ricorder\u00e0 le mandorle alla fine del vostro bign\u00e8. Una bevanda potente per tutto il giorno che delizier\u00e0 i vecchi fumatori, amatori di sapori classici e di carattere e sfumature di nocciole.<\/p>","protected":false},"excerpt":{"rendered":"<p>Sconto sul volume<br \/>\n1 \u00e8 il prezzo pieno, 5=5% di sconto, 10=10% di sconto<br \/>\nScopri il nostro Cowboy e-liquid della collezione Clasico Evolution: Gusto forte, classico leggero - forza 5\/5 . Cowboy e-liquid \u00e8 una qualit\u00e0 insuperabile con un aroma piacevole. Questo classico leggero soddisfer\u00e0 la vostra giornata.<\/p>","protected":false},"featured_media":18772,"comment_status":"open","ping_status":"closed","template":"","meta":{"_acf_changed":false,"_genesis_hide_title":false,"_genesis_hide_breadcrumbs":false,"_genesis_hide_singular_image":false,"_genesis_hide_footer_widgets":false,"_genesis_custom_body_class":"","_genesis_custom_post_class":"","_genesis_layout":""},"product_brand":[],"product_cat":[454],"product_tag":[],"class_list":{"1":"product","2":"type-product","6":"product_cat-liquideo","7":"entry","9":"first","10":"outofstock","11":"taxable","12":"shipping-taxable","13":"purchasable","14":"product-type-variable"},"acf":[],"_links":{"self":[{"href":"https:\/\/eliquidnicotine.co.uk\/it\/wp-json\/wp\/v2\/product\/19488","targetHints":{"allow":["GET"]}}],"collection":[{"href":"https:\/\/eliquidnicotine.co.uk\/it\/wp-json\/wp\/v2\/product"}],"about":[{"href":"https:\/\/eliquidnicotine.co.uk\/it\/wp-json\/wp\/v2\/types\/product"}],"replies":[{"embeddable":true,"href":"https:\/\/eliquidnicotine.co.uk\/it\/wp-json\/wp\/v2\/comments?post=19488"}],"wp:featuredmedia":[{"embeddable":true,"href":"https:\/\/eliquidnicotine.co.uk\/it\/wp-json\/wp\/v2\/media\/18772"}],"wp:attachment":[{"href":"https:\/\/eliquidnicotine.co.uk\/it\/wp-json\/wp\/v2\/media?parent=19488"}],"wp:term":[{"taxonomy":"product_brand","embeddable":true,"href":"https:\/\/eliquidnicotine.co.uk\/it\/wp-json\/wp\/v2\/product_brand?post=19488"},{"taxonomy":"product_cat","embeddable":true,"href":"https:\/\/eliquidnicotine.co.uk\/it\/wp-json\/wp\/v2\/product_cat?post=19488"},{"taxonomy":"product_tag","embeddable":true,"href":"https:\/\/eliquidnicotine.co.uk\/it\/wp-json\/wp\/v2\/product_tag?post=19488"}],"curies":[{"name":"wp","href":"https:\/\/api.w.org\/{rel}","templated":true}]}}