{"id":19493,"date":"2020-11-03T08:11:40","date_gmt":"2020-11-03T08:11:40","guid":{"rendered":"https:\/\/eliquidnicotine.co.uk\/?post_type=product&#038;p=19493"},"modified":"2024-11-13T16:13:34","modified_gmt":"2024-11-13T15:13:34","slug":"t-juice-red-astaire-50-ml","status":"publish","type":"product","link":"https:\/\/eliquidnicotine.co.uk\/it\/shop\/t-juice-2\/","title":{"rendered":"T-Juice Rosso Astaire 50 ml"},"content":{"rendered":"<p>E-Liquid Red Astaire T-Juice 50 ml.<\/p>\n<p>Il perfetto connubio tra frutti rossi e uva nera, arricchito da note di menta, anice ed eucalipto. Una ricetta senza tempo<\/p>\n<p>Il Red Astaire E Liquid \u00e8 prodotto nel Regno Unito da T-Juice.<\/p>","protected":false},"excerpt":{"rendered":"<p>Sapori importanti: Bacche rosse | mentolo | anice<br \/>\nPrendeteci sulla parola, questa deliziosa combinazione di bacche rosse e uva nera \u00e8 un gusto che tutti devono provare. L'esotica miscela di eucalipto, anice e mentolo con la propriet\u00e0 di frutta dolce soddisfer\u00e0 le vostre papille gustative ancora e ancora e dar\u00e0 al vostro vape un tocco di eccitazione in pi\u00f9.<\/p>\n<p>Attenzione: questo aroma deve essere diluito in una base.<\/p>\n<p>Miscela consigliata: 15%.<br \/>\nTempo ripido consigliato: 1-3 giorni<\/p>","protected":false},"featured_media":19551,"comment_status":"open","ping_status":"closed","template":"","meta":{"_acf_changed":false,"_genesis_hide_title":false,"_genesis_hide_breadcrumbs":false,"_genesis_hide_singular_image":false,"_genesis_hide_footer_widgets":false,"_genesis_custom_body_class":"","_genesis_custom_post_class":"","_genesis_layout":""},"product_brand":[],"product_cat":[541],"product_tag":[],"class_list":{"1":"product","2":"type-product","6":"product_cat-t-juice","7":"entry","9":"first","10":"outofstock","11":"sale","12":"taxable","13":"shipping-taxable","14":"purchasable","15":"product-type-simple"},"acf":[],"_links":{"self":[{"href":"https:\/\/eliquidnicotine.co.uk\/it\/wp-json\/wp\/v2\/product\/19493","targetHints":{"allow":["GET"]}}],"collection":[{"href":"https:\/\/eliquidnicotine.co.uk\/it\/wp-json\/wp\/v2\/product"}],"about":[{"href":"https:\/\/eliquidnicotine.co.uk\/it\/wp-json\/wp\/v2\/types\/product"}],"replies":[{"embeddable":true,"href":"https:\/\/eliquidnicotine.co.uk\/it\/wp-json\/wp\/v2\/comments?post=19493"}],"wp:featuredmedia":[{"embeddable":true,"href":"https:\/\/eliquidnicotine.co.uk\/it\/wp-json\/wp\/v2\/media\/19551"}],"wp:attachment":[{"href":"https:\/\/eliquidnicotine.co.uk\/it\/wp-json\/wp\/v2\/media?parent=19493"}],"wp:term":[{"taxonomy":"product_brand","embeddable":true,"href":"https:\/\/eliquidnicotine.co.uk\/it\/wp-json\/wp\/v2\/product_brand?post=19493"},{"taxonomy":"product_cat","embeddable":true,"href":"https:\/\/eliquidnicotine.co.uk\/it\/wp-json\/wp\/v2\/product_cat?post=19493"},{"taxonomy":"product_tag","embeddable":true,"href":"https:\/\/eliquidnicotine.co.uk\/it\/wp-json\/wp\/v2\/product_tag?post=19493"}],"curies":[{"name":"wp","href":"https:\/\/api.w.org\/{rel}","templated":true}]}}