{"id":19494,"date":"2020-11-03T08:06:46","date_gmt":"2020-11-03T08:06:46","guid":{"rendered":"https:\/\/eliquidnicotine.co.uk\/?post_type=product&#038;p=19494"},"modified":"2025-05-07T08:25:10","modified_gmt":"2025-05-07T07:25:10","slug":"t-juice-colonel-custard-50-ml","status":"publish","type":"product","link":"https:\/\/eliquidnicotine.co.uk\/it\/shop\/t-juice-colonel-custume-50-ml\/","title":{"rendered":"T-Juice Colonel Custard 50 ml"},"content":{"rendered":"<p>Colonel Custard sapore concentrato di Tjuice per la produzione dei vostri e-liquidi.<\/p>\n<p>Fate attenzione! Il Colonnello \u00e8 qui! Il re del budino. Attenzione a tutti gli appassionati di un forte aroma di budino.<\/p>\n<p>Attenzione: questo aroma deve essere diluito in una base.<\/p>","protected":false},"excerpt":{"rendered":"<p>50 ml<br \/>\nSapori importanti: Vaniglia | Vaniglia<br \/>\nCon una meravigliosa combinazione di vaniglia vellutata e un budino liscio, il Colonnello Custard Concentrate \u00e8 in cima alla pila di e-liquidi dal sapore dolce. Il gusto delizioso di questo vape cremoso si scioglier\u00e0 in bocca e soddisfer\u00e0 la vostra golosit\u00e0 in continuazione. Non si chiama il Re della crema pasticcera per niente.<\/p>\n<p>Nota bene: questo aroma deve essere diluito in una base<\/p>\n<p>Miscela consigliata: 15%.<\/p>\n<p>Tempo ripido consigliato: 1-3 giorni<\/p>","protected":false},"featured_media":19548,"comment_status":"open","ping_status":"closed","template":"","meta":{"_acf_changed":false,"_genesis_hide_title":false,"_genesis_hide_breadcrumbs":false,"_genesis_hide_singular_image":false,"_genesis_hide_footer_widgets":false,"_genesis_custom_body_class":"","_genesis_custom_post_class":"","_genesis_layout":""},"product_brand":[],"product_cat":[541],"product_tag":[],"class_list":{"1":"product","2":"type-product","6":"product_cat-t-juice","7":"entry","9":"first","10":"outofstock","11":"sale","12":"taxable","13":"shipping-taxable","14":"purchasable","15":"product-type-simple"},"acf":[],"_links":{"self":[{"href":"https:\/\/eliquidnicotine.co.uk\/it\/wp-json\/wp\/v2\/product\/19494","targetHints":{"allow":["GET"]}}],"collection":[{"href":"https:\/\/eliquidnicotine.co.uk\/it\/wp-json\/wp\/v2\/product"}],"about":[{"href":"https:\/\/eliquidnicotine.co.uk\/it\/wp-json\/wp\/v2\/types\/product"}],"replies":[{"embeddable":true,"href":"https:\/\/eliquidnicotine.co.uk\/it\/wp-json\/wp\/v2\/comments?post=19494"}],"wp:featuredmedia":[{"embeddable":true,"href":"https:\/\/eliquidnicotine.co.uk\/it\/wp-json\/wp\/v2\/media\/19548"}],"wp:attachment":[{"href":"https:\/\/eliquidnicotine.co.uk\/it\/wp-json\/wp\/v2\/media?parent=19494"}],"wp:term":[{"taxonomy":"product_brand","embeddable":true,"href":"https:\/\/eliquidnicotine.co.uk\/it\/wp-json\/wp\/v2\/product_brand?post=19494"},{"taxonomy":"product_cat","embeddable":true,"href":"https:\/\/eliquidnicotine.co.uk\/it\/wp-json\/wp\/v2\/product_cat?post=19494"},{"taxonomy":"product_tag","embeddable":true,"href":"https:\/\/eliquidnicotine.co.uk\/it\/wp-json\/wp\/v2\/product_tag?post=19494"}],"curies":[{"name":"wp","href":"https:\/\/api.w.org\/{rel}","templated":true}]}}