{"id":19495,"date":"2020-11-02T14:04:34","date_gmt":"2020-11-02T14:04:34","guid":{"rendered":"https:\/\/eliquidnicotine.co.uk\/?post_type=product&#038;p=19495"},"modified":"2024-08-13T11:06:37","modified_gmt":"2024-08-13T10:06:37","slug":"t-juice-ty4","status":"publish","type":"product","link":"https:\/\/eliquidnicotine.co.uk\/it\/shop\/t-juice-ty4\/","title":{"rendered":"T-Juice TY4"},"content":{"rendered":"<p>T Juice TY4 \u00e8 la versione propria del noto e popolare sapore tradizionale RY4. Questo non significa che TY4 sia una versione al vapore o diluita, anzi, al contrario, perch\u00e9 questo speciale e-liquido offre ondata dopo ondata di piacere al vapore di tabacco dolce ma alla nocciola.<\/p>\n<p>\u00c8 la dolcezza di Demerara che d\u00e0 a questo e-liquido il suo vantaggio, in quanto si mescola cos\u00ec bene con il sottotono di nocciola. La miscela intelligente e gli ingredienti di alta qualit\u00e0 rendono questo T Juice TY4 e liquido cos\u00ec popolare come un fumo quotidiano e.<\/p>\n<p>Il TY4 T Juice T \u00e8 un e-liquido prodotto nel Regno Unito, disponibile con un contenuto di nicotina di 3mg, 6mg, 12mg o 18mg.<\/p>","protected":false},"excerpt":{"rendered":"<p>Aromi importanti: noci | zucchero di canna | tabacco Virginia<br \/>\nT-Juice ha combattuto una battaglia con un vero classico per portarvi T-Juice TY-4 - la nostra opinione su RY4! Abbiamo aggiunto un po' pi\u00f9 di nocciola e un pizzico di zucchero demerara per aggiungere un po' pi\u00f9 di magia a questo iconico sapore di e-liquido. Si tratta di un e-liquido irresistibile per ogni fumatore attuale che vuole un'introduzione ai sapori della vaporizzazione mantenendo il classico gusto di tabacco.<\/p>","protected":false},"featured_media":19553,"comment_status":"open","ping_status":"closed","template":"","meta":{"_acf_changed":false,"_genesis_hide_title":false,"_genesis_hide_breadcrumbs":false,"_genesis_hide_singular_image":false,"_genesis_hide_footer_widgets":false,"_genesis_custom_body_class":"","_genesis_custom_post_class":"","_genesis_layout":""},"product_brand":[],"product_cat":[541],"product_tag":[],"class_list":{"1":"product","2":"type-product","6":"product_cat-t-juice","7":"entry","9":"first","10":"outofstock","11":"taxable","12":"shipping-taxable","13":"purchasable","14":"product-type-variable"},"acf":[],"_links":{"self":[{"href":"https:\/\/eliquidnicotine.co.uk\/it\/wp-json\/wp\/v2\/product\/19495","targetHints":{"allow":["GET"]}}],"collection":[{"href":"https:\/\/eliquidnicotine.co.uk\/it\/wp-json\/wp\/v2\/product"}],"about":[{"href":"https:\/\/eliquidnicotine.co.uk\/it\/wp-json\/wp\/v2\/types\/product"}],"replies":[{"embeddable":true,"href":"https:\/\/eliquidnicotine.co.uk\/it\/wp-json\/wp\/v2\/comments?post=19495"}],"wp:featuredmedia":[{"embeddable":true,"href":"https:\/\/eliquidnicotine.co.uk\/it\/wp-json\/wp\/v2\/media\/19553"}],"wp:attachment":[{"href":"https:\/\/eliquidnicotine.co.uk\/it\/wp-json\/wp\/v2\/media?parent=19495"}],"wp:term":[{"taxonomy":"product_brand","embeddable":true,"href":"https:\/\/eliquidnicotine.co.uk\/it\/wp-json\/wp\/v2\/product_brand?post=19495"},{"taxonomy":"product_cat","embeddable":true,"href":"https:\/\/eliquidnicotine.co.uk\/it\/wp-json\/wp\/v2\/product_cat?post=19495"},{"taxonomy":"product_tag","embeddable":true,"href":"https:\/\/eliquidnicotine.co.uk\/it\/wp-json\/wp\/v2\/product_tag?post=19495"}],"curies":[{"name":"wp","href":"https:\/\/api.w.org\/{rel}","templated":true}]}}