{"id":19496,"date":"2020-11-03T08:01:22","date_gmt":"2020-11-03T08:01:22","guid":{"rendered":"https:\/\/eliquidnicotine.co.uk\/?post_type=product&#038;p=19496"},"modified":"2024-08-13T11:06:37","modified_gmt":"2024-08-13T10:06:37","slug":"t-juice-red-astaire","status":"publish","type":"product","link":"https:\/\/eliquidnicotine.co.uk\/it\/shop\/t-juice-red-astaire\/","title":{"rendered":"T-Juice Rosso Astaire"},"content":{"rendered":"<p>Il Red Astaire e-liquid di T-Juice \u00e8 una miscela ad alto contrasto di aromi dolci e speziati, ben equilibrati. All'inalazione, l'anice floreale, i frutti di bosco dolci e l'uva amara sono presenti prima di un retrogusto fresco di mentolo ed eucalipto che crea una miscela complessa e stratificata.<\/p>\n<p>Red Astaire e-liquid \u00e8 disponibile in bottiglie da 10 ml di nicotina da 0mg, 3mg, 6mg, 12mg e 18mg, con forze inferiori che forniscono un colpo di gola pi\u00f9 morbido, in contrasto con una sensazione pi\u00f9 grossolana a forze pi\u00f9 elevate. Con un rapporto VG 50%, questo e-liquido \u00e8 ideale per un gusto chiaro con una foschia minima quando viene utilizzato in uno starter kit o in un dispositivo pod.<\/p>\n<p>T-Juice \u00e8 un produttore britannico noto per le sue miscele uniche ma gustose.<\/p>\n<p>Bottiglie da 10 ml di E-Liquido<br \/>\n50% VG \/ 50% PG<br \/>\nnicotina di 0mg, 3mg, 6mg, 12mg e 18mg<br \/>\nProgettato per starter kit e dispositivi pod<br \/>\nConforme alla TPD<br \/>\nProdotto in Gran Bretagna<br \/>\nCappuccio resistente ai bambini<br \/>\nSigillo a prova di manomissione<\/p>","protected":false},"excerpt":{"rendered":"<p>Sapori importanti: Bacche rosse | mentolo | anice<br \/>\nT-Juice \u00e8 orgogliosa della nostra fantastica nave ammiraglia, la Red Astaire! Questo classico e-liquido inizia con il gusto lussureggiante di bacche rosse mature, uva nera ed eucalipto dolce, seguito da un caldo calcio di anice e termina con un fresco finale al mentolo. Questo e-liquido iconico \u00e8 un vero e proprio sapore \"Riccioli d'oro\", perfetto per vaporizzare tutto il giorno!<\/p>","protected":false},"featured_media":19549,"comment_status":"open","ping_status":"closed","template":"","meta":{"_acf_changed":false,"_genesis_hide_title":false,"_genesis_hide_breadcrumbs":false,"_genesis_hide_singular_image":false,"_genesis_hide_footer_widgets":false,"_genesis_custom_body_class":"","_genesis_custom_post_class":"","_genesis_layout":""},"product_brand":[],"product_cat":[541],"product_tag":[],"class_list":{"1":"product","2":"type-product","6":"product_cat-t-juice","7":"entry","9":"first","10":"outofstock","11":"taxable","12":"shipping-taxable","13":"purchasable","14":"product-type-variable"},"acf":[],"_links":{"self":[{"href":"https:\/\/eliquidnicotine.co.uk\/it\/wp-json\/wp\/v2\/product\/19496","targetHints":{"allow":["GET"]}}],"collection":[{"href":"https:\/\/eliquidnicotine.co.uk\/it\/wp-json\/wp\/v2\/product"}],"about":[{"href":"https:\/\/eliquidnicotine.co.uk\/it\/wp-json\/wp\/v2\/types\/product"}],"replies":[{"embeddable":true,"href":"https:\/\/eliquidnicotine.co.uk\/it\/wp-json\/wp\/v2\/comments?post=19496"}],"wp:featuredmedia":[{"embeddable":true,"href":"https:\/\/eliquidnicotine.co.uk\/it\/wp-json\/wp\/v2\/media\/19549"}],"wp:attachment":[{"href":"https:\/\/eliquidnicotine.co.uk\/it\/wp-json\/wp\/v2\/media?parent=19496"}],"wp:term":[{"taxonomy":"product_brand","embeddable":true,"href":"https:\/\/eliquidnicotine.co.uk\/it\/wp-json\/wp\/v2\/product_brand?post=19496"},{"taxonomy":"product_cat","embeddable":true,"href":"https:\/\/eliquidnicotine.co.uk\/it\/wp-json\/wp\/v2\/product_cat?post=19496"},{"taxonomy":"product_tag","embeddable":true,"href":"https:\/\/eliquidnicotine.co.uk\/it\/wp-json\/wp\/v2\/product_tag?post=19496"}],"curies":[{"name":"wp","href":"https:\/\/api.w.org\/{rel}","templated":true}]}}