{"id":19497,"date":"2020-11-02T14:13:01","date_gmt":"2020-11-02T14:13:01","guid":{"rendered":"https:\/\/eliquidnicotine.co.uk\/?post_type=product&#038;p=19497"},"modified":"2024-08-13T11:06:37","modified_gmt":"2024-08-13T10:06:37","slug":"t-juice-clara-t","status":"publish","type":"product","link":"https:\/\/eliquidnicotine.co.uk\/it\/shop\/t-juice-clara-t\/","title":{"rendered":"T-Juice Clara T"},"content":{"rendered":"<p>Orgogliosamente realizzato in Gran Bretagna<br \/>\n- Disponibile in bottiglie da 10ml e 30ml<br \/>\n- Un rapporto VG\/PG uguale<br \/>\n- Ha un cappuccio resistente ai bambini<br \/>\n- Cappuccio resistente ai bambini<\/p>\n<p>T-Juice produce la sua intera collezione di e-liquido nel Regno Unito. Ci avvaliamo anche di fornitori britannici di fiducia per procurarci nicotina di qualit\u00e0 farmaceutica e diluenti per la produzione di ciascuno dei nostri prodotti e-liquido.<\/p>\n<p>Il nostro catalogo \u00e8 completamente privo di ingredienti vietati dalla normativa europea. Testiamo i nostri prodotti anche rispetto a un pi\u00f9 ampio elenco interno di negativi sulla base delle attuali prove scientifiche. Infine, vogliamo farvi sapere che T-Juice si impegna a fornirvi la massima qualit\u00e0 di e-liquido e a soddisfare tutti gli standard normativi<\/p>","protected":false},"excerpt":{"rendered":"<p>Sapori importanti: Bacche rosse | uva | mentolo<br \/>\nClara T si afferma con il gigante T-Juice Red Astaire con il suo tocco al classico gusto e-liquido. Clara T contiene un tocco pi\u00f9 sottile di anice e un po' pi\u00f9 di freschezza nel gusto delle sue uve verdi. Questo e-liquido delizier\u00e0 le vostre papille gustative e potrebbe essere l'alternativa al Red Astaire che stavate cercando.<\/p>","protected":false},"featured_media":19547,"comment_status":"open","ping_status":"closed","template":"","meta":{"_acf_changed":false,"_genesis_hide_title":false,"_genesis_hide_breadcrumbs":false,"_genesis_hide_singular_image":false,"_genesis_hide_footer_widgets":false,"_genesis_custom_body_class":"","_genesis_custom_post_class":"","_genesis_layout":""},"product_brand":[],"product_cat":[541],"product_tag":[],"class_list":{"1":"product","2":"type-product","6":"product_cat-t-juice","7":"entry","9":"first","10":"outofstock","11":"taxable","12":"shipping-taxable","13":"purchasable","14":"product-type-variable"},"acf":[],"_links":{"self":[{"href":"https:\/\/eliquidnicotine.co.uk\/it\/wp-json\/wp\/v2\/product\/19497","targetHints":{"allow":["GET"]}}],"collection":[{"href":"https:\/\/eliquidnicotine.co.uk\/it\/wp-json\/wp\/v2\/product"}],"about":[{"href":"https:\/\/eliquidnicotine.co.uk\/it\/wp-json\/wp\/v2\/types\/product"}],"replies":[{"embeddable":true,"href":"https:\/\/eliquidnicotine.co.uk\/it\/wp-json\/wp\/v2\/comments?post=19497"}],"wp:featuredmedia":[{"embeddable":true,"href":"https:\/\/eliquidnicotine.co.uk\/it\/wp-json\/wp\/v2\/media\/19547"}],"wp:attachment":[{"href":"https:\/\/eliquidnicotine.co.uk\/it\/wp-json\/wp\/v2\/media?parent=19497"}],"wp:term":[{"taxonomy":"product_brand","embeddable":true,"href":"https:\/\/eliquidnicotine.co.uk\/it\/wp-json\/wp\/v2\/product_brand?post=19497"},{"taxonomy":"product_cat","embeddable":true,"href":"https:\/\/eliquidnicotine.co.uk\/it\/wp-json\/wp\/v2\/product_cat?post=19497"},{"taxonomy":"product_tag","embeddable":true,"href":"https:\/\/eliquidnicotine.co.uk\/it\/wp-json\/wp\/v2\/product_tag?post=19497"}],"curies":[{"name":"wp","href":"https:\/\/api.w.org\/{rel}","templated":true}]}}