{"id":21979,"date":"2022-05-16T11:13:44","date_gmt":"2022-05-16T11:13:44","guid":{"rendered":"https:\/\/eliquidnicotine.co.uk\/?post_type=product&#038;p=21979"},"modified":"2026-01-12T09:00:11","modified_gmt":"2026-01-12T08:00:11","slug":"200-mg-ml-hybrid-nicotine","status":"publish","type":"product","link":"https:\/\/eliquidnicotine.co.uk\/it\/shop\/200-mg-ml-ibrido-nicotina\/","title":{"rendered":"200 mg\/ml di nicotina ibrida"},"content":{"rendered":"<p>Hybrid \u00e8 la nuova base di nicotina, che consente di combinare i vantaggi di entrambi i tipi di nicotina. La base libera d\u00e0 un colpo in gola maggiore, i sali sono pi\u00f9 morbidi, quindi \u00e8 possibile svapare un contenuto di nicotina pi\u00f9 elevato senza l'asprezza della nicotina della base libera.<\/p>\n<p>Pura nicotina Freebase di qualit\u00e0 USP\/EP, con purezza superiore a 99%. Nicotina pura freebase di qualit\u00e0 superiore dedicata alla produzione di e-liquid. Liquido naturale, cristallino e inodore estratto dalle foglie di tabacco.<br \/>\nBenzoato di sale di nicotina - Il benzoato di sale di nicotina fornisce un effetto di nicotina pi\u00f9 lungo e pi\u00f9 forte rispetto agli e-liquid tradizionali.<\/p>","protected":false},"excerpt":{"rendered":"<p>200 mg\/ml Ibrido 50% Freebase 50% Sali Benzoato<\/p>","protected":false},"featured_media":18951,"comment_status":"open","ping_status":"closed","template":"","meta":{"_acf_changed":false,"_genesis_hide_title":false,"_genesis_hide_breadcrumbs":false,"_genesis_hide_singular_image":false,"_genesis_hide_footer_widgets":false,"_genesis_custom_body_class":"","_genesis_custom_post_class":"","_genesis_layout":""},"product_brand":[],"product_cat":[572,242,571],"product_tag":[],"class_list":{"1":"product","2":"type-product","6":"product_cat-e-liquid-base","7":"product_cat-nicotine-liquid","8":"product_cat-wholesale","9":"entry","11":"first","12":"instock","13":"taxable","14":"shipping-taxable","15":"purchasable","16":"product-type-variable"},"acf":[],"_links":{"self":[{"href":"https:\/\/eliquidnicotine.co.uk\/it\/wp-json\/wp\/v2\/product\/21979","targetHints":{"allow":["GET"]}}],"collection":[{"href":"https:\/\/eliquidnicotine.co.uk\/it\/wp-json\/wp\/v2\/product"}],"about":[{"href":"https:\/\/eliquidnicotine.co.uk\/it\/wp-json\/wp\/v2\/types\/product"}],"replies":[{"embeddable":true,"href":"https:\/\/eliquidnicotine.co.uk\/it\/wp-json\/wp\/v2\/comments?post=21979"}],"wp:featuredmedia":[{"embeddable":true,"href":"https:\/\/eliquidnicotine.co.uk\/it\/wp-json\/wp\/v2\/media\/18951"}],"wp:attachment":[{"href":"https:\/\/eliquidnicotine.co.uk\/it\/wp-json\/wp\/v2\/media?parent=21979"}],"wp:term":[{"taxonomy":"product_brand","embeddable":true,"href":"https:\/\/eliquidnicotine.co.uk\/it\/wp-json\/wp\/v2\/product_brand?post=21979"},{"taxonomy":"product_cat","embeddable":true,"href":"https:\/\/eliquidnicotine.co.uk\/it\/wp-json\/wp\/v2\/product_cat?post=21979"},{"taxonomy":"product_tag","embeddable":true,"href":"https:\/\/eliquidnicotine.co.uk\/it\/wp-json\/wp\/v2\/product_tag?post=21979"}],"curies":[{"name":"wp","href":"https:\/\/api.w.org\/{rel}","templated":true}]}}