{"id":22264,"date":"2021-10-29T12:02:13","date_gmt":"2021-10-29T12:02:13","guid":{"rendered":"https:\/\/eliquidnicotine.co.uk\/?post_type=product&#038;p=22264"},"modified":"2025-04-02T15:31:15","modified_gmt":"2025-04-02T14:31:15","slug":"capella-banana-split","status":"publish","type":"product","link":"https:\/\/eliquidnicotine.co.uk\/it\/shop\/capella-banana-split\/","title":{"rendered":"Capella Banana Split"},"content":{"rendered":"<p>Capella Banana Split Concentrate ricrea il gusto del classico dessert con una deliziosa miscela di banane fresche e morbido e cremoso gelato alla vaniglia. Questo concentrato pu\u00f2 essere usato per fare un delizioso svapo, ma \u00e8 anche abbastanza versatile da essere usato in ricette di torte e dessert; vedi sotto per una deliziosa ricetta di dessert usando Capella Banana Split Concentrate.<\/p>\n<p>Istruzioni per la miscelazione<\/p>\n<p>Banana Split di Capella \u00e8 un sapore abbastanza forte. Consigliamo di mescolarlo tra 5% e 10% a seconda dei vostri gusti. Tuttavia, \u00e8 consigliabile iniziare con una percentuale bassa perch\u00e9 il sapore si intensificher\u00e0 significativamente nel tempo man mano che viene lasciato riposare.<\/p>\n<p>Idee di ricette<\/p>\n<p>Banana split con crema e salsa di caramello:<\/p>\n<p>5% Capella Banana Split<\/p>\n<p>3% Caramello mou dell'apprendista profumiere<\/p>\n<p>3% Gelato alla vaniglia di Perfumer's Apprentice<\/p>\n<p>4% Crema montata alla vaniglia Capella<\/p>\n<p>Questa ricetta di banana split \u00e8 un mix di successo di banana, panna, gelato e salsa dolce al caramello. Quando la miscela si infonde, il sapore della banana viene davvero fuori. La ricetta \u00e8 molto versatile. La salsa al caramello pu\u00f2 essere sostituita da una salsa al cioccolato sostituendo i caramelli con il Capella Chocolate Fudge Brownie V2. Per intensificare il sapore di banana mantenendo le note cremose, si pu\u00f2 aggiungere Perfumer's Apprentice Banana Cream.<\/p>\n<p>Queste sono solo le nostre idee approssimative e i risultati della sperimentazione, e siamo sicuri che voi avete le vostre grandi ricette, tra cui Banana Split di Capella.<\/p>\n<p>Sentitevi liberi di aggiungere le vostre ricette preferite o variazioni delle ricette di cui sopra nei commenti qui sotto. Non vediamo l'ora di sentirvi.<\/p>\n<p>Percentuale di miscela consigliata: 10%.<\/p>\n<p>Tempo di infusione raccomandato: 2 - 3 settimane<\/p>\n<p>I concentrati Capella sono tra i migliori al mondo e godono di una meritata reputazione tra i vapers fai da te. Il nome Capella \u00e8 noto in tutto il mondo per una vasta gamma di aromi di grande gusto realizzati con i migliori ingredienti nel loro stabilimento di produzione in California, USA. Tutti i concentrati di aromi Capella soddisfano i pi\u00f9 severi standard di qualit\u00e0 e purezza stabiliti dallo stato della California.<\/p>\n<p>Ingredienti<\/p>\n<p>Aromi naturali e artificiali, glicole propilenico.<\/p>\n<p>Note<\/p>\n<p>Raccomandiamo di miscelare la maggior parte dei concentrati Capella a circa 15% all'inizio e poi di aggiustare in base al tuo gusto personale.<br \/>\nTutti i concentrati Capella sono a base di PG.<br \/>\nCompriamo galloni direttamente da Capella (negli USA) e li travasiamo in bottiglie da 10ml, 100ml e 500ml.<br \/>\nCi possono essere notevoli differenze di colore tra diversi lotti dello stesso aroma. Questo \u00e8 un risultato naturale del processo di creazione dell'aroma.<br \/>\nQuesto \u00e8 un aroma concentrato da mescolare in un e-liquid fai da te. Non deve essere vaporizzato non diluito. Tutti i concentrati di aroma Capella sono a base di PG.<br \/>\nSalute e sicurezza<\/p>\n<p>Si consiglia di indossare indumenti protettivi appropriati, guanti resistenti alle sostanze chimiche, protezione respiratoria e occhiali di sicurezza quando si miscela l'e-liquido.<\/p>","protected":false},"excerpt":{"rendered":"<p>Capella Banana Split Concentrate \u00e8 una deliziosa miscela di banane fresche e gelato alla vaniglia liscio e cremoso che ricrea il gusto del classico dessert.<br \/>\nNon svapare senza diluire.<\/p>","protected":false},"featured_media":22286,"comment_status":"open","ping_status":"closed","template":"","meta":{"_acf_changed":false,"_genesis_hide_title":false,"_genesis_hide_breadcrumbs":false,"_genesis_hide_singular_image":false,"_genesis_hide_footer_widgets":false,"_genesis_custom_body_class":"","_genesis_custom_post_class":"","_genesis_layout":""},"product_brand":[],"product_cat":[398],"product_tag":[],"class_list":{"1":"product","2":"type-product","6":"product_cat-capella-flavours-for-self-mixing-10-30-and-50-ml","7":"entry","9":"first","10":"instock","11":"taxable","12":"shipping-taxable","13":"purchasable","14":"product-type-variable"},"acf":[],"_links":{"self":[{"href":"https:\/\/eliquidnicotine.co.uk\/it\/wp-json\/wp\/v2\/product\/22264","targetHints":{"allow":["GET"]}}],"collection":[{"href":"https:\/\/eliquidnicotine.co.uk\/it\/wp-json\/wp\/v2\/product"}],"about":[{"href":"https:\/\/eliquidnicotine.co.uk\/it\/wp-json\/wp\/v2\/types\/product"}],"replies":[{"embeddable":true,"href":"https:\/\/eliquidnicotine.co.uk\/it\/wp-json\/wp\/v2\/comments?post=22264"}],"wp:featuredmedia":[{"embeddable":true,"href":"https:\/\/eliquidnicotine.co.uk\/it\/wp-json\/wp\/v2\/media\/22286"}],"wp:attachment":[{"href":"https:\/\/eliquidnicotine.co.uk\/it\/wp-json\/wp\/v2\/media?parent=22264"}],"wp:term":[{"taxonomy":"product_brand","embeddable":true,"href":"https:\/\/eliquidnicotine.co.uk\/it\/wp-json\/wp\/v2\/product_brand?post=22264"},{"taxonomy":"product_cat","embeddable":true,"href":"https:\/\/eliquidnicotine.co.uk\/it\/wp-json\/wp\/v2\/product_cat?post=22264"},{"taxonomy":"product_tag","embeddable":true,"href":"https:\/\/eliquidnicotine.co.uk\/it\/wp-json\/wp\/v2\/product_tag?post=22264"}],"curies":[{"name":"wp","href":"https:\/\/api.w.org\/{rel}","templated":true}]}}