{"id":22265,"date":"2021-10-29T12:04:31","date_gmt":"2021-10-29T11:04:31","guid":{"rendered":"https:\/\/eliquidnicotine.co.uk\/?post_type=product&#038;p=22265"},"modified":"2025-10-07T10:20:21","modified_gmt":"2025-10-07T09:20:21","slug":"capella-bavarian-cream","status":"publish","type":"product","link":"https:\/\/eliquidnicotine.co.uk\/it\/shop\/capella-bavarese-crema\/","title":{"rendered":"Crema bavarese Capella"},"content":{"rendered":"<p>Capella Bavarian Cream Concentrate ha un gusto ricco e cremoso ispirato al dolce francese. Il suo gusto ricorda un po' il budino, ma ha una consistenza pi\u00f9 cremosa e ricche sfumature. Capella Bavarian Cream Concentrate \u00e8 l'aggiunta ideale a qualsiasi ricetta di dessert, poich\u00e9 questo gusto offre note profonde e morbide di panna con una leggera nota di dolcezza. Capella Bavarian Cream \u00e8 consigliato per l'uso con altri aromi di panna e bacche ed \u00e8 un perfetto punto di partenza per qualsiasi miscela complessa di dessert fai da te.<\/p>\n<p>Istruzioni per la miscelazione<\/p>\n<p>Capella Bavarian Cream \u00e8 un sapore forte che pu\u00f2 sopraffare gli altri elementi in una miscela e dovrebbe quindi essere usato con parsimonia. Si consiglia di miscelare tra 2% e 8% a seconda del gusto. Tuttavia, \u00e8 consigliabile iniziare con una percentuale bassa, in quanto il sapore si intensificher\u00e0 significativamente nel tempo man mano che si impregna.<\/p>\n<p>Idee di ricette<\/p>\n<p>Ciambella alla crema<\/p>\n<p>10% Ciambella glassata Capella<\/p>\n<p>2% Crema bavarese Capella<\/p>\n<p>3% Crema montata di Perfumer's Apprentice<\/p>\n<p>Questa ricetta \u00e8 una sottile miscela di ciambelle con un pizzico di cannella e una ricca crema. La panna fornisce un sapore pieno che bilancia la ciambella dolce e tiene insieme l'intera miscela. La ricetta pu\u00f2 essere ulteriormente raffinata aggiungendo qualsiasi numero di aromi di frutta come Capella Sweet Strawberry RF, Vapable Blueberry, Perfumer's Apprentice Green Apple o Flavour West Raspberry (Natural).<\/p>\n<p>Queste sono solo le nostre idee approssimative e i risultati della sperimentazione e siamo sicuri che voi avete le vostre grandi ricette, compresa la crema bavarese di Capella.<\/p>\n<p>Sentitevi liberi di condividere le vostre ricette preferite o variazioni di quanto sopra nei commenti qui sotto. Ci piacerebbe sentire da voi.<\/p>\n<p>Percentuale di miscela consigliata: 5%.<\/p>\n<p>Tempo di infusione raccomandato: 4 settimane<\/p>\n<p>I concentrati Capella sono tra i migliori al mondo e godono di una meritata reputazione tra i vapers fai da te. Il nome Capella \u00e8 noto in tutto il mondo per una vasta gamma di aromi di grande gusto realizzati con i migliori ingredienti nel loro stabilimento di produzione in California, USA. Tutti i concentrati di aromi Capella soddisfano i pi\u00f9 severi standard di qualit\u00e0 e purezza stabiliti dallo stato della California.<\/p>\n<p>Ingredienti<\/p>\n<p>Aromi naturali e artificiali, glicole propilenico, alcool.<\/p>\n<p>Note<\/p>\n<p>Raccomandiamo di mescolare la maggior parte dei concentrati Capella con circa 15% inizialmente e poi di aggiustare in base al tuo gusto personale.<br \/>\nTutti i concentrati Capella sono a base di PG.<br \/>\nCompriamo galloni direttamente da Capella (negli USA) e li travasiamo in bottiglie da 10ml, 100ml e 500ml.<br \/>\nCi possono essere notevoli differenze di colore tra diversi lotti dello stesso aroma. Questo \u00e8 un risultato naturale del processo di creazione dell'aroma.<br \/>\nQuesto \u00e8 un aroma concentrato da mescolare in un e-liquid fai da te. Non deve essere vaporizzato non diluito. Tutti i concentrati di aroma Capella sono a base di PG.<br \/>\nSalute e sicurezza<\/p>\n<p>Si consiglia di indossare indumenti protettivi appropriati, guanti resistenti alle sostanze chimiche, protezione respiratoria e occhiali di sicurezza quando si miscela l'e-liquido.<\/p>","protected":false},"excerpt":{"rendered":"<p>Il concentrato di crema bavarese Capella \u00e8 modellato sul dolce francese ed \u00e8 caratterizzato da un gusto morbido e cremoso e da ricche sfumature.<br \/>\nNon svapare senza diluire.<\/p>","protected":false},"featured_media":22285,"comment_status":"open","ping_status":"closed","template":"","meta":{"_acf_changed":false,"_genesis_hide_title":false,"_genesis_hide_breadcrumbs":false,"_genesis_hide_singular_image":false,"_genesis_hide_footer_widgets":false,"_genesis_custom_body_class":"","_genesis_custom_post_class":"","_genesis_layout":""},"product_brand":[],"product_cat":[398],"product_tag":[],"class_list":{"1":"product","2":"type-product","6":"product_cat-capella-flavours-for-self-mixing-10-30-and-50-ml","7":"entry","9":"first","10":"instock","11":"taxable","12":"shipping-taxable","13":"purchasable","14":"product-type-variable"},"acf":[],"_links":{"self":[{"href":"https:\/\/eliquidnicotine.co.uk\/it\/wp-json\/wp\/v2\/product\/22265","targetHints":{"allow":["GET"]}}],"collection":[{"href":"https:\/\/eliquidnicotine.co.uk\/it\/wp-json\/wp\/v2\/product"}],"about":[{"href":"https:\/\/eliquidnicotine.co.uk\/it\/wp-json\/wp\/v2\/types\/product"}],"replies":[{"embeddable":true,"href":"https:\/\/eliquidnicotine.co.uk\/it\/wp-json\/wp\/v2\/comments?post=22265"}],"wp:featuredmedia":[{"embeddable":true,"href":"https:\/\/eliquidnicotine.co.uk\/it\/wp-json\/wp\/v2\/media\/22285"}],"wp:attachment":[{"href":"https:\/\/eliquidnicotine.co.uk\/it\/wp-json\/wp\/v2\/media?parent=22265"}],"wp:term":[{"taxonomy":"product_brand","embeddable":true,"href":"https:\/\/eliquidnicotine.co.uk\/it\/wp-json\/wp\/v2\/product_brand?post=22265"},{"taxonomy":"product_cat","embeddable":true,"href":"https:\/\/eliquidnicotine.co.uk\/it\/wp-json\/wp\/v2\/product_cat?post=22265"},{"taxonomy":"product_tag","embeddable":true,"href":"https:\/\/eliquidnicotine.co.uk\/it\/wp-json\/wp\/v2\/product_tag?post=22265"}],"curies":[{"name":"wp","href":"https:\/\/api.w.org\/{rel}","templated":true}]}}