{"id":22268,"date":"2021-10-29T12:20:02","date_gmt":"2021-10-29T12:20:02","guid":{"rendered":"https:\/\/eliquidnicotine.co.uk\/?post_type=product&#038;p=22268"},"modified":"2025-06-09T07:47:54","modified_gmt":"2025-06-09T06:47:54","slug":"capella-bubblegum","status":"publish","type":"product","link":"https:\/\/eliquidnicotine.co.uk\/it\/shop\/capella-bubblegum\/","title":{"rendered":"Gomma da masticare di Capella"},"content":{"rendered":"<p>Capella Bubblegum Flavour Concentrate riproduce il gusto unico di dolci palline di bubblegum ricoperte di caramelle. Capella Bubblegum Concentrate \u00e8 ottimo come aroma a s\u00e9 stante, ma se hai voglia di sperimentare, prova ad aggiungere pi\u00f9 complessit\u00e0 al tuo e-liquid con altri aromi. Trasforma il tuo gusto di frutta preferito in una confenzione di bubblegum fruttata aggiungendo Capella Bubblegum Concentrate alla tua ricetta di e-liquid fatto in casa e ricrea il gusto di un negozio di dolci vecchio stile. Il gelato alla gomma da masticare potrebbe non essere per tutti i gusti, ma potrebbe valere la pena provare?<\/p>\n<p>Rapporto di miscela consigliato: 15% - 20%.<\/p>\n<p>Tempo di infusione raccomandato: Shake n' Vape<\/p>\n<p>I concentrati Capella sono tra i migliori al mondo e godono di una meritata reputazione tra i vapers fai da te. Il nome Capella \u00e8 noto in tutto il mondo per una vasta gamma di aromi di grande gusto realizzati con i migliori ingredienti nel loro stabilimento di produzione in California, USA. Tutti i concentrati di aromi Capella soddisfano i pi\u00f9 severi standard di qualit\u00e0 e purezza stabiliti dallo stato della California.<\/p>\n<p>Ingredienti<\/p>\n<p>Aroma naturale, glicole propilenico.<\/p>\n<p>Note<\/p>\n<p>Raccomandiamo di miscelare la maggior parte dei concentrati Capella a circa 15% all'inizio e poi di aggiustare in base al tuo gusto personale.<br \/>\nTutti i concentrati Capella sono a base di PG.<br \/>\nCompriamo galloni direttamente da Capella (negli USA) e li travasiamo in bottiglie da 10ml, 100ml e 500ml.<br \/>\nCi possono essere notevoli differenze di colore tra diversi lotti dello stesso aroma. Questo \u00e8 un risultato naturale del processo di creazione dell'aroma.<br \/>\nQuesto \u00e8 un aroma concentrato da mescolare in un e-liquid fai da te. Non deve essere vaporizzato non diluito. Tutti i concentrati di aroma Capella sono a base di PG.<br \/>\nSalute e sicurezza<\/p>\n<p>Si consiglia di indossare indumenti protettivi appropriati, guanti resistenti alle sostanze chimiche, protezione respiratoria e occhiali di sicurezza quando si miscela l'e-liquido.<\/p>","protected":false},"excerpt":{"rendered":"<p>Capella Bubblegum Concentrate conferisce il gusto unico di dolci palline di bubblegum ricoperte di caramelle.<br \/>\nNon vaporizzare senza diluire.<\/p>","protected":false},"featured_media":22278,"comment_status":"open","ping_status":"closed","template":"","meta":{"_acf_changed":false,"_genesis_hide_title":false,"_genesis_hide_breadcrumbs":false,"_genesis_hide_singular_image":false,"_genesis_hide_footer_widgets":false,"_genesis_custom_body_class":"","_genesis_custom_post_class":"","_genesis_layout":""},"product_brand":[],"product_cat":[398],"product_tag":[],"class_list":{"1":"product","2":"type-product","6":"product_cat-capella-flavours-for-self-mixing-10-30-and-50-ml","7":"entry","9":"first","10":"instock","11":"taxable","12":"shipping-taxable","13":"purchasable","14":"product-type-variable"},"acf":[],"_links":{"self":[{"href":"https:\/\/eliquidnicotine.co.uk\/it\/wp-json\/wp\/v2\/product\/22268","targetHints":{"allow":["GET"]}}],"collection":[{"href":"https:\/\/eliquidnicotine.co.uk\/it\/wp-json\/wp\/v2\/product"}],"about":[{"href":"https:\/\/eliquidnicotine.co.uk\/it\/wp-json\/wp\/v2\/types\/product"}],"replies":[{"embeddable":true,"href":"https:\/\/eliquidnicotine.co.uk\/it\/wp-json\/wp\/v2\/comments?post=22268"}],"wp:featuredmedia":[{"embeddable":true,"href":"https:\/\/eliquidnicotine.co.uk\/it\/wp-json\/wp\/v2\/media\/22278"}],"wp:attachment":[{"href":"https:\/\/eliquidnicotine.co.uk\/it\/wp-json\/wp\/v2\/media?parent=22268"}],"wp:term":[{"taxonomy":"product_brand","embeddable":true,"href":"https:\/\/eliquidnicotine.co.uk\/it\/wp-json\/wp\/v2\/product_brand?post=22268"},{"taxonomy":"product_cat","embeddable":true,"href":"https:\/\/eliquidnicotine.co.uk\/it\/wp-json\/wp\/v2\/product_cat?post=22268"},{"taxonomy":"product_tag","embeddable":true,"href":"https:\/\/eliquidnicotine.co.uk\/it\/wp-json\/wp\/v2\/product_tag?post=22268"}],"curies":[{"name":"wp","href":"https:\/\/api.w.org\/{rel}","templated":true}]}}