{"id":22270,"date":"2021-10-29T12:16:20","date_gmt":"2021-10-29T12:16:20","guid":{"rendered":"https:\/\/eliquidnicotine.co.uk\/?post_type=product&#038;p=22270"},"modified":"2025-04-02T15:30:56","modified_gmt":"2025-04-02T14:30:56","slug":"capella-apricot","status":"publish","type":"product","link":"https:\/\/eliquidnicotine.co.uk\/it\/shop\/capella-albicocca\/","title":{"rendered":"Capella Albicocca"},"content":{"rendered":"<p>Capella Apricot Concentrate offre il gusto dolce e succulento delle albicocche fresche e succose. Mordere un'albicocca fresca che scoppia di bont\u00e0 succosa \u00e8 uno dei piaceri pi\u00f9 discreti della vita e Capella Apricot Concentrate riproduce perfettamente quel gusto. Questo concentrato \u00e8 ottimo da solo, ma pu\u00f2 anche essere usato per aggiungere un sapore sottile a una variet\u00e0 di altre ricette. Prova il Concentrato di albicocche Capella in una ricetta di Cheesecake alle mandorle e albicocche fatta in casa - vedi sotto per i dettagli.<\/p>\n<p>Istruzioni per la miscelazione<\/p>\n<p>L'albicocca di Capella \u00e8 un sapore piuttosto delicato. Consigliamo di miscelarlo tra il 15% e il 20%. Se combinata con altri aromi di frutta, l'albicocca d\u00e0 a molte miscele un forte sottofondo, ma pu\u00f2 anche essere troppo forte.<\/p>\n<p>Idee di ricette<\/p>\n<p>Cheesecake alle mandorle e albicocche:<\/p>\n<p>10% Capella Albicocca<\/p>\n<p>5% Perfumer's Apprentice Cheesecake Graham Crust<\/p>\n<p>5% Perfumer's Apprentice Roasted Almond<\/p>\n<p>Questa ricetta di cheesecake \u00e8 una mite miscela di albicocca dolce e mandorla croccante con l'aggiunta della ricca cremosit\u00e0 del cheesecake e una crosta di graham come base.<\/p>\n<p>Queste sono solo le nostre idee approssimative e i risultati della sperimentazione e siamo sicuri che voi avete le vostre grandi ricette, compresa l'albicocca di Capella.<\/p>\n<p>Sentitevi liberi di aggiungere le vostre ricette preferite o variazioni a quanto sopra nei commenti qui sotto. Non vediamo l'ora di sentirvi.<\/p>\n<p>Percentuale di miscelazione raccomandata: 15%.<\/p>\n<p>Tempo di macerazione consigliato: 1 settimana<\/p>\n<p>I concentrati Capella sono tra i migliori al mondo e godono di una meritata reputazione tra i vapers fai da te. Il nome Capella \u00e8 noto in tutto il mondo per una vasta gamma di aromi di grande gusto realizzati con i migliori ingredienti nel loro stabilimento di produzione in California, USA. Tutti i concentrati di aromi Capella soddisfano i pi\u00f9 severi standard di qualit\u00e0 e purezza imposti dallo stato della California.<\/p>\n<p>Ingredienti<\/p>\n<p>Aromi naturali, glicole propilenico e acqua.<\/p>\n<p>Note<\/p>\n<p>Raccomandiamo di mescolare la maggior parte dei concentrati Capella con circa 15% inizialmente e poi di aggiustare in base al tuo gusto personale.<br \/>\nTutti i concentrati Capella sono a base di PG.<br \/>\nAcquistiamo galloni direttamente da Capella (negli USA) e li travasiamo in bottiglie da 10ml, 100ml e 500ml.<br \/>\nCi possono essere notevoli differenze di colore tra diversi lotti dello stesso aroma. Questo \u00e8 un risultato naturale del processo di creazione dell'aroma.<br \/>\nSi tratta di un aroma concentrato che viene miscelato nell'e-liquid fai da te. Non deve essere vaporizzato senza essere diluito. Tutti i concentrati di aroma Capella sono a base di PG.<br \/>\nSalute e sicurezza<\/p>\n<p>Raccomandiamo l'uso di abbigliamento protettivo appropriato, guanti resistenti alle sostanze chimiche, protezione respiratoria e occhiali di sicurezza quando si miscela l'e-liquido.<\/p>","protected":false},"excerpt":{"rendered":"<p>Capella Apricot Concentrate offre il gusto dolce e succoso delle albicocche fresche e succose.<br \/>\nNon vaporizzare senza diluire.<\/p>","protected":false},"featured_media":22280,"comment_status":"open","ping_status":"closed","template":"","meta":{"_acf_changed":false,"_genesis_hide_title":false,"_genesis_hide_breadcrumbs":false,"_genesis_hide_singular_image":false,"_genesis_hide_footer_widgets":false,"_genesis_custom_body_class":"","_genesis_custom_post_class":"","_genesis_layout":""},"product_brand":[],"product_cat":[398],"product_tag":[],"class_list":{"1":"product","2":"type-product","6":"product_cat-capella-flavours-for-self-mixing-10-30-and-50-ml","7":"entry","9":"first","10":"instock","11":"taxable","12":"shipping-taxable","13":"purchasable","14":"product-type-variable"},"acf":[],"_links":{"self":[{"href":"https:\/\/eliquidnicotine.co.uk\/it\/wp-json\/wp\/v2\/product\/22270","targetHints":{"allow":["GET"]}}],"collection":[{"href":"https:\/\/eliquidnicotine.co.uk\/it\/wp-json\/wp\/v2\/product"}],"about":[{"href":"https:\/\/eliquidnicotine.co.uk\/it\/wp-json\/wp\/v2\/types\/product"}],"replies":[{"embeddable":true,"href":"https:\/\/eliquidnicotine.co.uk\/it\/wp-json\/wp\/v2\/comments?post=22270"}],"wp:featuredmedia":[{"embeddable":true,"href":"https:\/\/eliquidnicotine.co.uk\/it\/wp-json\/wp\/v2\/media\/22280"}],"wp:attachment":[{"href":"https:\/\/eliquidnicotine.co.uk\/it\/wp-json\/wp\/v2\/media?parent=22270"}],"wp:term":[{"taxonomy":"product_brand","embeddable":true,"href":"https:\/\/eliquidnicotine.co.uk\/it\/wp-json\/wp\/v2\/product_brand?post=22270"},{"taxonomy":"product_cat","embeddable":true,"href":"https:\/\/eliquidnicotine.co.uk\/it\/wp-json\/wp\/v2\/product_cat?post=22270"},{"taxonomy":"product_tag","embeddable":true,"href":"https:\/\/eliquidnicotine.co.uk\/it\/wp-json\/wp\/v2\/product_tag?post=22270"}],"curies":[{"name":"wp","href":"https:\/\/api.w.org\/{rel}","templated":true}]}}