{"id":22272,"date":"2021-10-29T12:10:39","date_gmt":"2021-10-29T12:10:39","guid":{"rendered":"https:\/\/eliquidnicotine.co.uk\/?post_type=product&#038;p=22272"},"modified":"2025-04-02T15:30:49","modified_gmt":"2025-04-02T14:30:49","slug":"capella-french-vanilla","status":"publish","type":"product","link":"https:\/\/eliquidnicotine.co.uk\/it\/shop\/capella-francese-vaniglia\/","title":{"rendered":"Capella vaniglia francese"},"content":{"rendered":"<p>Il concentrato Capella French Vanilla V1 offre un sapore di vaniglia ricco, cremoso e vellutato. Questo concentrato \u00e8 un must per l'aggiunta a budini o torte e si sposa benissimo con una variet\u00e0 di creme (ad esempio, bavarese o Vienna). \u00c8 uno dei miei gusti di vaniglia preferiti finora e un must per la tua collezione di miscele. Rendi una buona crema pasticcera ancora migliore usando Capella French Vanilla in una piccola percentuale con una base di crema pasticcera di tua scelta e otterrai un meraviglioso sapore di crema pasticcera. Solo una goccia di Capella French Vanilla Concentrate ravviver\u00e0 le vostre ricette preferite di caff\u00e8, bevande o dessert.<\/p>\n<p>Capella French Vanilla V2, che \u00e8 senza diketone, \u00e8 disponibile qui.<\/p>\n<p>Rapporto di miscela consigliato: 10% - 15%.<\/p>\n<p>Tempo di infusione raccomandato: 1 settimana<\/p>\n<p>I concentrati Capella sono tra i migliori al mondo e godono di una meritata reputazione tra i vapers fai da te. Il nome Capella \u00e8 noto in tutto il mondo per la sua vasta gamma di aromi di grande gusto, realizzati con i migliori ingredienti nel suo stabilimento di produzione in California, USA. Tutti i concentrati di aromi Capella soddisfano i pi\u00f9 severi standard di qualit\u00e0 e purezza stabiliti dallo stato della California.<\/p>\n<p>Ingredienti<\/p>\n<p>Aromi naturali e artificiali, glicole propilenico, acqua.<\/p>\n<p>Note<\/p>\n<p>Raccomandiamo di miscelare la maggior parte dei concentrati Capella a circa 15% all'inizio e poi di aggiustare in base al tuo gusto personale.<br \/>\nTutti i concentrati Capella sono a base di PG.<br \/>\nCompriamo galloni direttamente da Capella (negli USA) e li trasferiamo in bottiglie da 10ml, 100ml e 500ml.<br \/>\nCi possono essere notevoli differenze di colore tra diversi lotti dello stesso aroma. Questo \u00e8 un risultato naturale del processo di produzione dell'aroma.<br \/>\nQuesto \u00e8 un aroma concentrato da mescolare in un e-liquid fai da te. Non deve essere vaporizzato non diluito. Tutti i concentrati di aroma Capella sono a base di PG.<br \/>\nSalute e sicurezza<\/p>\n<p>Si consiglia di indossare indumenti protettivi appropriati, guanti resistenti alle sostanze chimiche, protezione respiratoria e occhiali di sicurezza quando si miscela l'e-liquido.<\/p>","protected":false},"excerpt":{"rendered":"<p>Il concentrato Capella French Vanilla V1 offre un sapore di vaniglia ricco, cremoso e vellutato.<br \/>\nNon vaporizzare senza diluire.<\/p>","protected":false},"featured_media":22282,"comment_status":"open","ping_status":"closed","template":"","meta":{"_acf_changed":false,"_genesis_hide_title":false,"_genesis_hide_breadcrumbs":false,"_genesis_hide_singular_image":false,"_genesis_hide_footer_widgets":false,"_genesis_custom_body_class":"","_genesis_custom_post_class":"","_genesis_layout":""},"product_brand":[],"product_cat":[398],"product_tag":[],"class_list":{"1":"product","2":"type-product","6":"product_cat-capella-flavours-for-self-mixing-10-30-and-50-ml","7":"entry","9":"first","10":"instock","11":"taxable","12":"shipping-taxable","13":"purchasable","14":"product-type-variable"},"acf":[],"_links":{"self":[{"href":"https:\/\/eliquidnicotine.co.uk\/it\/wp-json\/wp\/v2\/product\/22272","targetHints":{"allow":["GET"]}}],"collection":[{"href":"https:\/\/eliquidnicotine.co.uk\/it\/wp-json\/wp\/v2\/product"}],"about":[{"href":"https:\/\/eliquidnicotine.co.uk\/it\/wp-json\/wp\/v2\/types\/product"}],"replies":[{"embeddable":true,"href":"https:\/\/eliquidnicotine.co.uk\/it\/wp-json\/wp\/v2\/comments?post=22272"}],"wp:featuredmedia":[{"embeddable":true,"href":"https:\/\/eliquidnicotine.co.uk\/it\/wp-json\/wp\/v2\/media\/22282"}],"wp:attachment":[{"href":"https:\/\/eliquidnicotine.co.uk\/it\/wp-json\/wp\/v2\/media?parent=22272"}],"wp:term":[{"taxonomy":"product_brand","embeddable":true,"href":"https:\/\/eliquidnicotine.co.uk\/it\/wp-json\/wp\/v2\/product_brand?post=22272"},{"taxonomy":"product_cat","embeddable":true,"href":"https:\/\/eliquidnicotine.co.uk\/it\/wp-json\/wp\/v2\/product_cat?post=22272"},{"taxonomy":"product_tag","embeddable":true,"href":"https:\/\/eliquidnicotine.co.uk\/it\/wp-json\/wp\/v2\/product_tag?post=22272"}],"curies":[{"name":"wp","href":"https:\/\/api.w.org\/{rel}","templated":true}]}}