{"id":22273,"date":"2021-10-29T12:08:11","date_gmt":"2021-10-29T12:08:11","guid":{"rendered":"https:\/\/eliquidnicotine.co.uk\/?post_type=product&#038;p=22273"},"modified":"2026-04-08T10:13:10","modified_gmt":"2026-04-08T09:13:10","slug":"capella-blueberry-jam","status":"publish","type":"product","link":"https:\/\/eliquidnicotine.co.uk\/it\/shop\/capella-blueberry-jam\/","title":{"rendered":"Capella Blueberry"},"content":{"rendered":"<p>Capella Blueberry Jam Concentrate offre il gusto meravigliosamente morbido e fruttato dei mirtilli direttamente dal barattolo della marmellata. \u00c8 di gran lunga uno dei migliori concentrati di sapore di marmellata perch\u00e9 l'acidit\u00e0 naturale del sapore di mirtillo impedisce che sia troppo dolce. Capella Blueberry Jam Concentrate ha un sapore di marmellata molto autentico che \u00e8 abbastanza forte, quindi dovrete usarlo con parsimonia all'inizio - probabilmente non pi\u00f9 di 5%. Il sapore forte di Capella Blueberry Jam Concentrate funziona bene da solo, ma questo concentrato aggiunge anche grande profondit\u00e0 a una variet\u00e0 di ricette da forno: pancake, muffin, torte o deliziose ciambelle alla marmellata di mirtilli.<\/p>\n<p>Percentuale di miscela consigliata: 5% - 10%.<\/p>\n<p>Tempo di infusione raccomandato: 2 - 4 settimane<\/p>\n<p>I concentrati Capella sono tra i migliori al mondo e godono di una meritata reputazione tra i vapers fai da te. Il nome Capella \u00e8 noto in tutto il mondo per una vasta gamma di aromi di grande gusto realizzati con i migliori ingredienti nel loro stabilimento di produzione in California, USA. Tutti i concentrati di aromi Capella soddisfano i pi\u00f9 severi standard di qualit\u00e0 e purezza stabiliti dallo stato della California.<\/p>\n<p>Ingredienti<\/p>\n<p>Aromi naturali e artificiali, glicole propilenico, alcol etilico.<\/p>\n<p>Note<\/p>\n<p>Raccomandiamo di mescolare la maggior parte dei concentrati Capella con circa 15% inizialmente e poi di aggiustare in base al tuo gusto personale.<br \/>\nTutti i concentrati Capella sono a base di PG.<br \/>\nCompriamo galloni direttamente da Capella (negli USA) e li travasiamo in bottiglie da 10ml, 100ml e 500ml.<br \/>\nCi possono essere notevoli differenze di colore tra diversi lotti dello stesso aroma. Questo \u00e8 un risultato naturale del processo di creazione dell'aroma.<br \/>\nQuesto \u00e8 un aroma concentrato da mescolare in un e-liquid fai da te. Non deve essere vaporizzato non diluito. Tutti i concentrati di aroma Capella sono a base di PG.<br \/>\nSalute e sicurezza<\/p>\n<p>Si consiglia di indossare indumenti protettivi appropriati, guanti resistenti alle sostanze chimiche, protezione respiratoria e occhiali di sicurezza quando si miscela l'e-liquido.<\/p>","protected":false},"excerpt":{"rendered":"<p>Capella Blueberry Jam Concentrate offre il gusto meravigliosamente morbido e fruttato dei mirtilli direttamente dal barattolo della marmellata.<span style=\"color: #ff0000;\"><strong>Non svapare senza diluire.<\/strong><\/span><\/p>","protected":false},"featured_media":22283,"comment_status":"open","ping_status":"closed","template":"","meta":{"_acf_changed":false,"_genesis_hide_title":false,"_genesis_hide_breadcrumbs":false,"_genesis_hide_singular_image":false,"_genesis_hide_footer_widgets":false,"_genesis_custom_body_class":"","_genesis_custom_post_class":"","_genesis_layout":""},"product_brand":[],"product_cat":[398],"product_tag":[],"class_list":{"1":"product","2":"type-product","6":"product_cat-capella-flavours-for-self-mixing-10-30-and-50-ml","7":"entry","9":"first","10":"instock","11":"taxable","12":"shipping-taxable","13":"purchasable","14":"product-type-variable"},"acf":[],"_links":{"self":[{"href":"https:\/\/eliquidnicotine.co.uk\/it\/wp-json\/wp\/v2\/product\/22273","targetHints":{"allow":["GET"]}}],"collection":[{"href":"https:\/\/eliquidnicotine.co.uk\/it\/wp-json\/wp\/v2\/product"}],"about":[{"href":"https:\/\/eliquidnicotine.co.uk\/it\/wp-json\/wp\/v2\/types\/product"}],"replies":[{"embeddable":true,"href":"https:\/\/eliquidnicotine.co.uk\/it\/wp-json\/wp\/v2\/comments?post=22273"}],"wp:featuredmedia":[{"embeddable":true,"href":"https:\/\/eliquidnicotine.co.uk\/it\/wp-json\/wp\/v2\/media\/22283"}],"wp:attachment":[{"href":"https:\/\/eliquidnicotine.co.uk\/it\/wp-json\/wp\/v2\/media?parent=22273"}],"wp:term":[{"taxonomy":"product_brand","embeddable":true,"href":"https:\/\/eliquidnicotine.co.uk\/it\/wp-json\/wp\/v2\/product_brand?post=22273"},{"taxonomy":"product_cat","embeddable":true,"href":"https:\/\/eliquidnicotine.co.uk\/it\/wp-json\/wp\/v2\/product_cat?post=22273"},{"taxonomy":"product_tag","embeddable":true,"href":"https:\/\/eliquidnicotine.co.uk\/it\/wp-json\/wp\/v2\/product_tag?post=22273"}],"curies":[{"name":"wp","href":"https:\/\/api.w.org\/{rel}","templated":true}]}}