{"id":22274,"date":"2021-10-29T12:06:14","date_gmt":"2021-10-29T12:06:14","guid":{"rendered":"https:\/\/eliquidnicotine.co.uk\/?post_type=product&#038;p=22274"},"modified":"2025-06-09T07:48:02","modified_gmt":"2025-06-09T06:48:02","slug":"capella-honeydew-melon","status":"publish","type":"product","link":"https:\/\/eliquidnicotine.co.uk\/it\/shop\/capella-miele-melone\/","title":{"rendered":"Melone di melone di Capella"},"content":{"rendered":"<p>Capella Honeydew Melon Concentrate offre il gusto dolce e succoso del melone appena tagliato, succoso e maturo. Il sapore di questo concentrato \u00e8 ricco e dolce come quello del melone. Capella Honeydew Melon Concentrate aggiunge un'esplosione di sapore rinvigorente alle vostre ricette di e-liquid alla frutta, dessert e bevande. Un'idea molto semplice ma efficace \u00e8 quella di aggiungere un tocco di mentolo per una nota fresca e fruttata che aprir\u00e0 le vostre vie respiratorie e rinfrescher\u00e0 il vostro palato.<\/p>\n<p>Percentuale di miscela consigliata: 15%.<\/p>\n<p>Tempo di infusione raccomandato: 1 - 3 giorni<\/p>\n<p>I concentrati Capella sono tra i migliori al mondo e godono di una meritata reputazione tra i vapers fai da te. Il nome Capella \u00e8 noto in tutto il mondo per una vasta gamma di aromi di grande gusto realizzati con i migliori ingredienti nel loro stabilimento di produzione in California, USA. Tutti i concentrati di aromi Capella soddisfano i pi\u00f9 severi standard di qualit\u00e0 e purezza stabiliti dallo stato della California.<\/p>\n<p>Ingredienti<\/p>\n<p>Aromi naturali, glicole propilenico.<\/p>\n<p>Note<\/p>\n<p>Raccomandiamo di mescolare la maggior parte dei concentrati Capella con circa 15% inizialmente e poi di aggiustare in base al tuo gusto personale.<br \/>\nTutti i concentrati Capella sono a base di PG.<br \/>\nCompriamo galloni direttamente da Capella (negli Stati Uniti) e li riempiamo qui al in 10ml, 30ml, 50ml, 100ml e 500ml.<br \/>\nCi possono essere notevoli differenze di colore tra diversi lotti dello stesso aroma. Questo \u00e8 un risultato naturale del processo di creazione dell'aroma.<br \/>\nQuesto \u00e8 un aroma concentrato da mescolare in un e-liquid fai da te. Non deve essere vaporizzato non diluito. Tutti i concentrati di aroma Capella sono a base di PG.<br \/>\nSalute e sicurezza<\/p>\n<p>Si consiglia di indossare indumenti protettivi appropriati, guanti resistenti alle sostanze chimiche, protezione respiratoria e occhiali di sicurezza quando si miscela l'e-liquido.<\/p>","protected":false},"excerpt":{"rendered":"<p>Capella Honeydew Melon Concentrate offre il gusto dolce e succoso del melone appena tagliato, succoso e maturo.<br \/>\nNon vaporizzare senza diluire.<\/p>","protected":false},"featured_media":22284,"comment_status":"open","ping_status":"closed","template":"","meta":{"_acf_changed":false,"_genesis_hide_title":false,"_genesis_hide_breadcrumbs":false,"_genesis_hide_singular_image":false,"_genesis_hide_footer_widgets":false,"_genesis_custom_body_class":"","_genesis_custom_post_class":"","_genesis_layout":""},"product_brand":[],"product_cat":[398],"product_tag":[],"class_list":{"1":"product","2":"type-product","6":"product_cat-capella-flavours-for-self-mixing-10-30-and-50-ml","7":"entry","9":"first","10":"instock","11":"taxable","12":"shipping-taxable","13":"purchasable","14":"product-type-variable"},"acf":[],"_links":{"self":[{"href":"https:\/\/eliquidnicotine.co.uk\/it\/wp-json\/wp\/v2\/product\/22274","targetHints":{"allow":["GET"]}}],"collection":[{"href":"https:\/\/eliquidnicotine.co.uk\/it\/wp-json\/wp\/v2\/product"}],"about":[{"href":"https:\/\/eliquidnicotine.co.uk\/it\/wp-json\/wp\/v2\/types\/product"}],"replies":[{"embeddable":true,"href":"https:\/\/eliquidnicotine.co.uk\/it\/wp-json\/wp\/v2\/comments?post=22274"}],"wp:featuredmedia":[{"embeddable":true,"href":"https:\/\/eliquidnicotine.co.uk\/it\/wp-json\/wp\/v2\/media\/22284"}],"wp:attachment":[{"href":"https:\/\/eliquidnicotine.co.uk\/it\/wp-json\/wp\/v2\/media?parent=22274"}],"wp:term":[{"taxonomy":"product_brand","embeddable":true,"href":"https:\/\/eliquidnicotine.co.uk\/it\/wp-json\/wp\/v2\/product_brand?post=22274"},{"taxonomy":"product_cat","embeddable":true,"href":"https:\/\/eliquidnicotine.co.uk\/it\/wp-json\/wp\/v2\/product_cat?post=22274"},{"taxonomy":"product_tag","embeddable":true,"href":"https:\/\/eliquidnicotine.co.uk\/it\/wp-json\/wp\/v2\/product_tag?post=22274"}],"curies":[{"name":"wp","href":"https:\/\/api.w.org\/{rel}","templated":true}]}}