{"id":22562,"date":"2022-01-06T08:49:19","date_gmt":"2022-01-06T08:49:19","guid":{"rendered":"https:\/\/eliquidnicotine.co.uk\/?post_type=product&#038;p=22562"},"modified":"2025-04-02T15:30:28","modified_gmt":"2025-04-02T14:30:28","slug":"capella-yellow-peach","status":"publish","type":"product","link":"https:\/\/eliquidnicotine.co.uk\/it\/shop\/capella-yellow-peach\/","title":{"rendered":"Capella Pesca Gialla"},"content":{"rendered":"<div>Capella Yellow Peach Flavour Concentrate offre il gusto autentico delle pesche appena raccolte, dolci e piccanti. Mordere una pesca fresca e succosa \u00e8 uno dei piaceri pi\u00f9 discreti della vita, e Capella Yellow Peach Flavour Concentrate replica questo sapore cos\u00ec perfettamente che si pu\u00f2 quasi sentire la morbidezza della pelle! Questo concentrato conferisce un sapore dolce ma aspro ed \u00e8 ottimo da solo, ma pu\u00f2 anche essere usato per aggiungere una nota piccante di pesca a una variet\u00e0 di altre ricette; provalo con il gelato alla vaniglia e i concentrati di lampone Capella per fare una deliziosa Peach Melba, o usa Capella Sugar Cookie per creare un Peach Crumble.<\/div>\n<div><\/div>\n<div>Percentuale di miscela consigliata: 15%.<\/div>\n<div><\/div>\n<div>Tempo di infusione raccomandato: 2 - 3 settimane<\/div>\n<div><\/div>\n<div>I concentrati Capella sono tra i migliori al mondo e godono di una meritata reputazione tra i vapers fai da te. Il nome Capella \u00e8 noto in tutto il mondo per una vasta gamma di aromi di grande gusto realizzati con i migliori ingredienti nel loro stabilimento di produzione in California, USA. Tutti i concentrati di aromi Capella soddisfano i pi\u00f9 severi standard di qualit\u00e0 e purezza stabiliti dallo stato della California.<\/div>\n<div><\/div>\n<div>Ingredienti<\/div>\n<div><\/div>\n<div>Aromi naturali, glicole propilenico.<\/div>\n<div><\/div>\n<div>Note<\/div>\n<div><\/div>\n<div>Raccomandiamo di mescolare la maggior parte dei concentrati Capella con circa 15% inizialmente e poi di aggiustare in base al tuo gusto personale.<\/div>\n<div>Tutti i concentrati Capella sono a base di PG.<\/div>\n<div>Ci possono essere notevoli differenze di colore tra diversi lotti dello stesso aroma. Questo \u00e8 un risultato naturale del processo di creazione dell'aroma.<\/div>\n<div>Questo \u00e8 un aroma concentrato da miscelare in e-liquid fai da te. Non deve essere vaporizzato non diluito. Tutti i concentrati di aroma Capella sono a base di PG.<\/div>\n<div>Salute e sicurezza<\/div>\n<div><\/div>\n<div>Si consiglia di indossare indumenti protettivi appropriati, guanti resistenti alle sostanze chimiche, protezione respiratoria e occhiali di sicurezza quando si miscela l'e-liquido.<\/div>","protected":false},"excerpt":{"rendered":"<p>Il concentrato di pesca gialla Capella offre il gusto autentico delle pesche appena raccolte, dolci e piccanti. <span style=\"color: #ff0000;\"><strong>Non vaporizzare senza diluire.<\/strong><\/span><\/p>","protected":false},"featured_media":23095,"comment_status":"open","ping_status":"closed","template":"","meta":{"_acf_changed":false,"_genesis_hide_title":false,"_genesis_hide_breadcrumbs":false,"_genesis_hide_singular_image":false,"_genesis_hide_footer_widgets":false,"_genesis_custom_body_class":"","_genesis_custom_post_class":"","_genesis_layout":""},"product_brand":[],"product_cat":[398,573],"product_tag":[],"class_list":{"1":"product","2":"type-product","6":"product_cat-capella-flavours-for-self-mixing-10-30-and-50-ml","7":"product_cat-flavours-for-e-liquid-mixing","8":"entry","10":"first","11":"outofstock","12":"taxable","13":"shipping-taxable","14":"purchasable","15":"product-type-variable"},"acf":[],"_links":{"self":[{"href":"https:\/\/eliquidnicotine.co.uk\/it\/wp-json\/wp\/v2\/product\/22562","targetHints":{"allow":["GET"]}}],"collection":[{"href":"https:\/\/eliquidnicotine.co.uk\/it\/wp-json\/wp\/v2\/product"}],"about":[{"href":"https:\/\/eliquidnicotine.co.uk\/it\/wp-json\/wp\/v2\/types\/product"}],"replies":[{"embeddable":true,"href":"https:\/\/eliquidnicotine.co.uk\/it\/wp-json\/wp\/v2\/comments?post=22562"}],"wp:featuredmedia":[{"embeddable":true,"href":"https:\/\/eliquidnicotine.co.uk\/it\/wp-json\/wp\/v2\/media\/23095"}],"wp:attachment":[{"href":"https:\/\/eliquidnicotine.co.uk\/it\/wp-json\/wp\/v2\/media?parent=22562"}],"wp:term":[{"taxonomy":"product_brand","embeddable":true,"href":"https:\/\/eliquidnicotine.co.uk\/it\/wp-json\/wp\/v2\/product_brand?post=22562"},{"taxonomy":"product_cat","embeddable":true,"href":"https:\/\/eliquidnicotine.co.uk\/it\/wp-json\/wp\/v2\/product_cat?post=22562"},{"taxonomy":"product_tag","embeddable":true,"href":"https:\/\/eliquidnicotine.co.uk\/it\/wp-json\/wp\/v2\/product_tag?post=22562"}],"curies":[{"name":"wp","href":"https:\/\/api.w.org\/{rel}","templated":true}]}}