{"id":23625,"date":"2022-05-24T12:52:09","date_gmt":"2022-05-24T11:52:09","guid":{"rendered":"https:\/\/eliquidnicotine.co.uk\/?post_type=product&#038;p=23625"},"modified":"2025-04-02T15:25:40","modified_gmt":"2025-04-02T14:25:40","slug":"pistachio-tpa-tfa","status":"publish","type":"product","link":"https:\/\/eliquidnicotine.co.uk\/it\/shop\/pistacchio-tpa-tfa\/","title":{"rendered":"Pistacchio TPA\/TFA"},"content":{"rendered":"<p>Il Concentrato di Pistacchio Perfumer's Apprentice riproduce fedelmente il gusto delizioso dei pistacchi morbidi, ricchi e cremosi. Questo concentrato aromatico ha un sapore di pistacchio cos\u00ec buono che si pu\u00f2 facilmente utilizzare come prodotto a s\u00e9 stante, ma \u00e8 importante infondere questo aroma perch\u00e9 ha bisogno di un'intera settimana per svilupparsi correttamente. Il concentrato di pistacchio di Perfumer's Apprentice \u00e8 un ingrediente estremamente versatile che si integra con gli aromi di pasticceria, di dessert e persino di tabacco. Un'idea per una ricetta semplice \u00e8 quella di aggiungerlo al gelato alla vaniglia per ottenere un e-liquid meravigliosamente liscio e delizioso.<\/p>\n<p>Percentuale consigliata: 5 - 10%<\/p>\n<p>Tempo di infusione consigliato: 1 - 2 settimane<\/p>\n<p>I concentrati di aromi Perfumer's Apprentice sono tra i migliori al mondo, con una reputazione affidabile e meritata tra i vapers fai da te. Fondata nel 2004 a Santa Cruz, in California, Perfumers Apprentice produce i suoi concentrati di aromi utilizzando solo i migliori ingredienti, tutti certificati per uso alimentare e conformi ai pi\u00f9 severi standard di qualit\u00e0 e purezza dello Stato della California.<\/p>\n<p>Ingredienti<br \/>\nAromi artificiali, glicole propilenico, acqua.<\/p>\n<p>Note<br \/>\nSi tratta di un aroma concentrato miscelato in un e-liquid fai da te. Non deve essere fumato non diluito.<br \/>\nSi consiglia di miscelare la maggior parte dei concentrati Perfumer's Apprentice con circa 5-10% all'inizio, regolando poi in base ai propri gusti personali.<br \/>\nTutti i concentrati Perfumer's Apprentice da noi commercializzati sono a base di PG.<br \/>\nPossono esserci differenze di colore evidenti tra diversi lotti dello stesso aroma. Questo \u00e8 un risultato naturale del processo di creazione dell'aroma.<br \/>\nThe Perfumer's Apprentice e The Flavour Apprentice sono la stessa azienda e i prodotti sono gli stessi. Utilizziamo il nome Perfumer's Apprentice solo perch\u00e9 \u00e8 pi\u00f9 conosciuto.<\/p>","protected":false},"excerpt":{"rendered":"<p>Il Concentrato di Pistacchio Perfumer's Apprentice riproduce fedelmente il gusto delizioso di pistacchi morbidi, ricchi e cremosi.<br \/>\nPercentuale consigliata: 5 - 10%<br \/>\nTempo di infusione consigliato: 1 - 2 settimane<\/p>\n<p><span style=\"color: #ff0000;\">Si tratta di un concentrato che non deve essere utilizzato senza diluizione.<\/span><\/p>","protected":false},"featured_media":26217,"comment_status":"open","ping_status":"closed","template":"","meta":{"_acf_changed":false,"_genesis_hide_title":false,"_genesis_hide_breadcrumbs":false,"_genesis_hide_singular_image":false,"_genesis_hide_footer_widgets":false,"_genesis_custom_body_class":"","_genesis_custom_post_class":"","_genesis_layout":""},"product_brand":[],"product_cat":[573,243],"product_tag":[],"class_list":{"1":"product","2":"type-product","6":"product_cat-flavours-for-e-liquid-mixing","7":"product_cat-tpa-flavours-for-self-mixing","8":"entry","10":"first","11":"outofstock","12":"taxable","13":"shipping-taxable","14":"purchasable","15":"product-type-variable"},"acf":[],"_links":{"self":[{"href":"https:\/\/eliquidnicotine.co.uk\/it\/wp-json\/wp\/v2\/product\/23625","targetHints":{"allow":["GET"]}}],"collection":[{"href":"https:\/\/eliquidnicotine.co.uk\/it\/wp-json\/wp\/v2\/product"}],"about":[{"href":"https:\/\/eliquidnicotine.co.uk\/it\/wp-json\/wp\/v2\/types\/product"}],"replies":[{"embeddable":true,"href":"https:\/\/eliquidnicotine.co.uk\/it\/wp-json\/wp\/v2\/comments?post=23625"}],"wp:featuredmedia":[{"embeddable":true,"href":"https:\/\/eliquidnicotine.co.uk\/it\/wp-json\/wp\/v2\/media\/26217"}],"wp:attachment":[{"href":"https:\/\/eliquidnicotine.co.uk\/it\/wp-json\/wp\/v2\/media?parent=23625"}],"wp:term":[{"taxonomy":"product_brand","embeddable":true,"href":"https:\/\/eliquidnicotine.co.uk\/it\/wp-json\/wp\/v2\/product_brand?post=23625"},{"taxonomy":"product_cat","embeddable":true,"href":"https:\/\/eliquidnicotine.co.uk\/it\/wp-json\/wp\/v2\/product_cat?post=23625"},{"taxonomy":"product_tag","embeddable":true,"href":"https:\/\/eliquidnicotine.co.uk\/it\/wp-json\/wp\/v2\/product_tag?post=23625"}],"curies":[{"name":"wp","href":"https:\/\/api.w.org\/{rel}","templated":true}]}}