{"id":23908,"date":"2022-05-20T12:44:40","date_gmt":"2022-05-20T12:44:40","guid":{"rendered":"https:\/\/eliquidnicotine.co.uk\/?post_type=product&#038;p=23908"},"modified":"2025-04-02T15:25:35","modified_gmt":"2025-04-02T14:25:35","slug":"vanilla-swirl-tpa","status":"publish","type":"product","link":"https:\/\/eliquidnicotine.co.uk\/it\/shop\/vaniglia-swirl-tpa\/","title":{"rendered":"TPA alla vaniglia"},"content":{"rendered":"<p>Il Perfumer's Apprentice Vanilla Swirl Concentrate ha un aroma meravigliosamente ricco con un cremoso sapore di vaniglia. Alternativa al famoso Vanilla Custard di The Perfumer's Apprentice, questo aroma non contiene note di vaniglia che potrebbero formare acetoni (acetoina, diacetile e acetilpropionile). Per molti utenti, Capella \u00e8 il re degli aromi alla crema, ma altri trovano che questo aroma alla crema di Perfumer's Apprentice sia migliore, in quanto le sue note di vaniglia sono leggermente pi\u00f9 pronunciate. Come per tutti gli aromi, il gusto \u00e8 soggettivo, ma scoprirete che si tratta di un concentrato meravigliosamente morbido e dolce che pu\u00f2 essere utilizzato in una variet\u00e0 di ricette di torte o dessert, dove conferir\u00e0 un sapore di vaniglia morbido e cremoso senza il rischio di essere un budino.<\/p>\n<p>Percentuale consigliata: 5 - 10%<\/p>\n<p>Tempo di infusione consigliato: 1 - 4 settimane<\/p>\n<p>L'originale Vanilla Custard di Perfumer's Apprentice si trova qui.<\/p>\n<p>I concentrati di aromi Perfumer's Apprentice sono tra i migliori al mondo e godono di una reputazione fidata e meritata tra i vapers fai da te. Fondata nel 2004 a Santa Cruz, in California, Perfumer's Apprentice utilizza solo i migliori ingredienti per la produzione dei suoi concentrati di aromi, tutti certificati per uso alimentare e conformi ai pi\u00f9 severi standard di qualit\u00e0 e purezza dello Stato della California.<\/p>\n<p>&nbsp;<\/p>\n<p>Ingredienti<\/p>\n<p>Aromi artificiali, glicole propilenico, acqua.<\/p>\n<p>Note<br \/>\nSi tratta di un aroma concentrato miscelato in un e-liquid fai da te. Non deve essere fumato non diluito.<br \/>\nSi consiglia di miscelare la maggior parte dei concentrati Perfumer's Apprentice con circa 5-10% all'inizio, regolando poi in base ai propri gusti personali.<br \/>\nTutti i concentrati Perfumer's Apprentice che offriamo sono a base di PG.<br \/>\nCi possono essere notevoli differenze di colore tra diversi lotti dello stesso aroma. Questo \u00e8 un risultato naturale del processo di produzione dell'aroma.<br \/>\nThe Perfumer's Apprentice e The Flavour Apprentice sono la stessa azienda e i prodotti sono gli stessi. Utilizziamo il nome Perfumer's Apprentice solo perch\u00e9 \u00e8 pi\u00f9 conosciuto.<\/p>\n<p>&nbsp;<\/p>","protected":false},"excerpt":{"rendered":"<p>Il Perfumer's Apprentice Vanilla Swirl Concentrate ha un aroma meravigliosamente ricco con un gusto cremoso di vaniglia - un'alternativa alla TPA Vanilla Custard.<br \/>\nPercentuale consigliata: 5 - 10%<br \/>\nTempo di infusione consigliato: 1 - 4 settimane<br \/>\n<span style=\"color: #ff0000;\">Si tratta di un concentrato che non deve essere utilizzato senza diluizione.<\/span><\/p>","protected":false},"featured_media":26144,"comment_status":"open","ping_status":"closed","template":"","meta":{"_acf_changed":false,"_genesis_hide_title":false,"_genesis_hide_breadcrumbs":false,"_genesis_hide_singular_image":false,"_genesis_hide_footer_widgets":false,"_genesis_custom_body_class":"","_genesis_custom_post_class":"","_genesis_layout":""},"product_brand":[],"product_cat":[573,243],"product_tag":[],"class_list":{"1":"product","2":"type-product","6":"product_cat-flavours-for-e-liquid-mixing","7":"product_cat-tpa-flavours-for-self-mixing","8":"entry","10":"first","11":"outofstock","12":"taxable","13":"shipping-taxable","14":"purchasable","15":"product-type-variable"},"acf":[],"_links":{"self":[{"href":"https:\/\/eliquidnicotine.co.uk\/it\/wp-json\/wp\/v2\/product\/23908","targetHints":{"allow":["GET"]}}],"collection":[{"href":"https:\/\/eliquidnicotine.co.uk\/it\/wp-json\/wp\/v2\/product"}],"about":[{"href":"https:\/\/eliquidnicotine.co.uk\/it\/wp-json\/wp\/v2\/types\/product"}],"replies":[{"embeddable":true,"href":"https:\/\/eliquidnicotine.co.uk\/it\/wp-json\/wp\/v2\/comments?post=23908"}],"wp:featuredmedia":[{"embeddable":true,"href":"https:\/\/eliquidnicotine.co.uk\/it\/wp-json\/wp\/v2\/media\/26144"}],"wp:attachment":[{"href":"https:\/\/eliquidnicotine.co.uk\/it\/wp-json\/wp\/v2\/media?parent=23908"}],"wp:term":[{"taxonomy":"product_brand","embeddable":true,"href":"https:\/\/eliquidnicotine.co.uk\/it\/wp-json\/wp\/v2\/product_brand?post=23908"},{"taxonomy":"product_cat","embeddable":true,"href":"https:\/\/eliquidnicotine.co.uk\/it\/wp-json\/wp\/v2\/product_cat?post=23908"},{"taxonomy":"product_tag","embeddable":true,"href":"https:\/\/eliquidnicotine.co.uk\/it\/wp-json\/wp\/v2\/product_tag?post=23908"}],"curies":[{"name":"wp","href":"https:\/\/api.w.org\/{rel}","templated":true}]}}