{"id":23909,"date":"2022-05-20T11:52:14","date_gmt":"2022-05-20T11:52:14","guid":{"rendered":"https:\/\/eliquidnicotine.co.uk\/?post_type=product&#038;p=23909"},"modified":"2025-04-02T15:25:29","modified_gmt":"2025-04-02T14:25:29","slug":"brown-sugar-tpa","status":"publish","type":"product","link":"https:\/\/eliquidnicotine.co.uk\/it\/shop\/zucchero-marrone-tpa\/","title":{"rendered":"Zucchero di canna TPA"},"content":{"rendered":"<p>Il concentrato di zucchero di canna Perfumer's Apprentice \u00e8 ottimo per essere miscelato nelle ricette di e-liquid da dessert, dove aggiunge una dolcezza ricca e scura. L'aggiunta di un po' di questo versatile concentrato pu\u00f2 davvero dare il tocco finale perfetto a molte miscele fai-da-te, in particolare a quelle di pasticceria e dolci. Provate il Perfumer's Apprentice Brown Sugar Concentrate come aggiunta a ricette a base di mela, cannella o anche caff\u00e8: aggiunger\u00e0 una profondit\u00e0 deliziosamente ricca e dolce ai vostri e-liquid, ma assicuratevi di usarlo con parsimonia all'inizio, perch\u00e9 un po' basta e avanza.<\/p>\n<p>Percentuale consigliata: 3-5%<\/p>\n<p>Tempo di infusione consigliato: 1-3 settimane<\/p>\n<p>I concentrati di aromi Perfumer's Apprentice sono tra i migliori al mondo e godono di una reputazione affidabile e meritata tra i vapers fai da te. Fondata nel 2004 a Santa Cruz, in California, Perfumers Apprentice produce i suoi concentrati di aromi utilizzando solo i migliori ingredienti, tutti certificati per uso alimentare e conformi ai pi\u00f9 severi standard di qualit\u00e0 e purezza dello Stato della California.<\/p>\n<p>Ingredienti<br \/>\nAromi artificiali, glicole propilenico, acetoina, acetilpropionile.<\/p>\n<p>Note<br \/>\nSi tratta di un aroma concentrato miscelato in un e-liquid fai da te. Non deve essere vaporizzato non diluito.<br \/>\nSi consiglia di miscelare la maggior parte dei concentrati Perfumer's Apprentice con circa 5-10% all'inizio, regolando poi in base ai propri gusti personali.<br \/>\nTutti i concentrati Perfumer's Apprentice che offriamo sono a base di PG.<br \/>\nCi possono essere notevoli differenze di colore tra diversi lotti dello stesso aroma. Questo \u00e8 un risultato naturale del processo di produzione dell'aroma.<br \/>\nThe Perfumer's Apprentice e The Flavour Apprentice sono la stessa azienda e i prodotti sono gli stessi. Utilizziamo il nome Perfumer's Apprentice solo perch\u00e9 \u00e8 pi\u00f9 conosciuto.<\/p>\n<p>&nbsp;<\/p>","protected":false},"excerpt":{"rendered":"<p>Il Perfumer's Apprentice Brown Sugar Concentrate si presta bene ad essere miscelato in ricette di e-liquid da dessert, dove aggiunge una dolcezza ricca e scura.<br \/>\nPercentuale consigliata: 3-5%<br \/>\nTempo di infusione consigliato: 1-3 settimane<br \/>\n<span style=\"color: #ff0000;\">Si tratta di un concentrato che non deve essere utilizzato senza diluizione.<\/span><\/p>","protected":false},"featured_media":26140,"comment_status":"open","ping_status":"closed","template":"","meta":{"_acf_changed":false,"_genesis_hide_title":false,"_genesis_hide_breadcrumbs":false,"_genesis_hide_singular_image":false,"_genesis_hide_footer_widgets":false,"_genesis_custom_body_class":"","_genesis_custom_post_class":"","_genesis_layout":""},"product_brand":[],"product_cat":[573,243],"product_tag":[],"class_list":{"1":"product","2":"type-product","6":"product_cat-flavours-for-e-liquid-mixing","7":"product_cat-tpa-flavours-for-self-mixing","8":"entry","10":"first","11":"outofstock","12":"taxable","13":"shipping-taxable","14":"purchasable","15":"product-type-variable"},"acf":[],"_links":{"self":[{"href":"https:\/\/eliquidnicotine.co.uk\/it\/wp-json\/wp\/v2\/product\/23909","targetHints":{"allow":["GET"]}}],"collection":[{"href":"https:\/\/eliquidnicotine.co.uk\/it\/wp-json\/wp\/v2\/product"}],"about":[{"href":"https:\/\/eliquidnicotine.co.uk\/it\/wp-json\/wp\/v2\/types\/product"}],"replies":[{"embeddable":true,"href":"https:\/\/eliquidnicotine.co.uk\/it\/wp-json\/wp\/v2\/comments?post=23909"}],"wp:featuredmedia":[{"embeddable":true,"href":"https:\/\/eliquidnicotine.co.uk\/it\/wp-json\/wp\/v2\/media\/26140"}],"wp:attachment":[{"href":"https:\/\/eliquidnicotine.co.uk\/it\/wp-json\/wp\/v2\/media?parent=23909"}],"wp:term":[{"taxonomy":"product_brand","embeddable":true,"href":"https:\/\/eliquidnicotine.co.uk\/it\/wp-json\/wp\/v2\/product_brand?post=23909"},{"taxonomy":"product_cat","embeddable":true,"href":"https:\/\/eliquidnicotine.co.uk\/it\/wp-json\/wp\/v2\/product_cat?post=23909"},{"taxonomy":"product_tag","embeddable":true,"href":"https:\/\/eliquidnicotine.co.uk\/it\/wp-json\/wp\/v2\/product_tag?post=23909"}],"curies":[{"name":"wp","href":"https:\/\/api.w.org\/{rel}","templated":true}]}}