{"id":25154,"date":"2022-05-20T11:14:08","date_gmt":"2022-05-20T11:14:08","guid":{"rendered":"https:\/\/eliquidnicotine.co.uk\/?post_type=product&#038;p=25154"},"modified":"2025-04-02T15:30:03","modified_gmt":"2025-04-02T14:30:03","slug":"capella-juicy-peach","status":"publish","type":"product","link":"https:\/\/eliquidnicotine.co.uk\/it\/shop\/capella-succo-pesca\/","title":{"rendered":"Capella Pesca succosa"},"content":{"rendered":"<p>Il Concentrato di Pesca Juicy di Capella offre l'autentico sapore di un frutto fresco, morbido e sicuro. Un sapore di pesca frizzante, che si sprigiona con forza, \u00e8 una delle pi\u00f9 belle emozioni del mondo, e Capella Juicy Peach Flavour Concentrate riproduce questo sapore in modo cos\u00ec perfetto che l'uomo pu\u00f2 raggiungere velocemente la fluttuazione della testa! Dieses Konzentrat si distingue per essere un prodotto originale, ma pu\u00f2 essere utilizzato anche per arricchire una vasta gamma di ricette Pfirsicharoma. Se si utilizza Capella Vanilleeis- und Himbeerkonzentraten, si pu\u00f2 ottenere un'ottima gelatina di pesce, oppure se si utilizza Capella Sugar Cookie, si pu\u00f2 creare una briciola di pesce.<\/p>\n<p>Mischungsprozentsatz: 15%<\/p>\n<p>Empfohlene Ziehzeit: Shake n' Vape<\/p>\n<p>I carboncini Capella si collocano tra i migliori al mondo e offrono un'atmosfera di benessere tra i vaporizzatori fai-da-te. Il nome Capella \u00e8 conosciuto in tutto il mondo per una vasta gamma di aromi di qualit\u00e0 superiore, che vengono prodotti con le migliori materie prime nel suo stabilimento di produzione in California, negli Stati Uniti. Tutti gli stabilimenti Capella-Aromakonzentrate rispettano i pi\u00f9 severi standard di qualit\u00e0 e di sicurezza, promossi dallo Stato della Kalifornien.<\/p>\n<p>Inhaltsstoffe<\/p>\n<p>Aromi naturali e naturali, Propilenglicolo, Acqua.<\/p>\n<p>Anmerkungen<\/p>\n<p>Consigliamo di scegliere la maggior parte dei centri Capella, a partire da circa 15%. 15% zu mischen und dann nach Ihrem pers\u00f6nlichen Geschmack anzupassen.<br \/>\nTutti i centri di lavoro Capella sono stati sottoposti a controllo PG.<br \/>\n\u00c8 possibile che si verifichino deutlichen Farbunterschieden zwischen verschieden Chargen desselben Aromas kommen. Questo \u00e8 un risultato naturale dei processi di aromatizzazione.<br \/>\nSi tratta di un aroma gradevole da utilizzare per la preparazione di liquidi fai-da-te. Non deve essere inverdito e non deve essere modificato. Tutti i Capella-Aromakonzentrate sono a base di PG.<br \/>\nSalute e sicurezza<\/p>\n<p>Per la vendita di liquidi elettronici, consigliamo di scegliere tra una buona protezione, una protezione chimica migliore, una protezione per le mani e una protezione per le mani.<\/p>","protected":false},"excerpt":{"rendered":"<p>Il Concentrato di Pesca Succosa Capella offre il gusto autentico delle pesche appena raccolte, dolci e succose. <span style=\"color: #ff0000;\">Non svapare senza diluire<\/span><\/p>","protected":false},"featured_media":25985,"comment_status":"open","ping_status":"closed","template":"","meta":{"_acf_changed":false,"_genesis_hide_title":false,"_genesis_hide_breadcrumbs":false,"_genesis_hide_singular_image":false,"_genesis_hide_footer_widgets":false,"_genesis_custom_body_class":"","_genesis_custom_post_class":"","_genesis_layout":""},"product_brand":[],"product_cat":[398,573],"product_tag":[],"class_list":{"1":"product","2":"type-product","6":"product_cat-capella-flavours-for-self-mixing-10-30-and-50-ml","7":"product_cat-flavours-for-e-liquid-mixing","8":"entry","10":"first","11":"instock","12":"taxable","13":"shipping-taxable","14":"purchasable","15":"product-type-variable"},"acf":[],"_links":{"self":[{"href":"https:\/\/eliquidnicotine.co.uk\/it\/wp-json\/wp\/v2\/product\/25154","targetHints":{"allow":["GET"]}}],"collection":[{"href":"https:\/\/eliquidnicotine.co.uk\/it\/wp-json\/wp\/v2\/product"}],"about":[{"href":"https:\/\/eliquidnicotine.co.uk\/it\/wp-json\/wp\/v2\/types\/product"}],"replies":[{"embeddable":true,"href":"https:\/\/eliquidnicotine.co.uk\/it\/wp-json\/wp\/v2\/comments?post=25154"}],"wp:featuredmedia":[{"embeddable":true,"href":"https:\/\/eliquidnicotine.co.uk\/it\/wp-json\/wp\/v2\/media\/25985"}],"wp:attachment":[{"href":"https:\/\/eliquidnicotine.co.uk\/it\/wp-json\/wp\/v2\/media?parent=25154"}],"wp:term":[{"taxonomy":"product_brand","embeddable":true,"href":"https:\/\/eliquidnicotine.co.uk\/it\/wp-json\/wp\/v2\/product_brand?post=25154"},{"taxonomy":"product_cat","embeddable":true,"href":"https:\/\/eliquidnicotine.co.uk\/it\/wp-json\/wp\/v2\/product_cat?post=25154"},{"taxonomy":"product_tag","embeddable":true,"href":"https:\/\/eliquidnicotine.co.uk\/it\/wp-json\/wp\/v2\/product_tag?post=25154"}],"curies":[{"name":"wp","href":"https:\/\/api.w.org\/{rel}","templated":true}]}}