{"id":25425,"date":"2022-04-22T11:51:22","date_gmt":"2022-04-22T11:51:22","guid":{"rendered":"https:\/\/eliquidnicotine.co.uk\/?post_type=product&#038;p=25425"},"modified":"2025-06-17T15:15:33","modified_gmt":"2025-06-17T14:15:33","slug":"genuine-oriental","status":"publish","type":"product","link":"https:\/\/eliquidnicotine.co.uk\/it\/shop\/genuino-orientale\/","title":{"rendered":"Originale orientale"},"content":{"rendered":"","protected":false},"excerpt":{"rendered":"<p>10 ml Estratto di tabacco orientale genuino per liquidi elettronici.<br \/>\nIl tabacco orientale, o tabacco turco, \u00e8 una variet\u00e0 di tabacco. \u00c8 particolarmente noto per i suoi aromi pi\u00f9 pronunciati rispetto ad altre variet\u00e0 di tabacco. \u00c8 una variet\u00e0 con foglie piccole, essiccate al sole. Storicamente \u00e8 stato coltivato in Tracia e Macedonia; la cultura ora si estende dalle coste greche della Turchia al Mar Nero, compresa la Bulgaria e la Macedonia settentrionale. Il tabacco orientale \u00e8 coltivato anche in Egitto e in Sudafrica. Il gusto \u00e8 dolcemente pesante, sudato ed erbaceo.<\/p>","protected":false},"featured_media":25406,"comment_status":"open","ping_status":"closed","template":"","meta":{"_acf_changed":false,"_genesis_hide_title":false,"_genesis_hide_breadcrumbs":false,"_genesis_hide_singular_image":false,"_genesis_hide_footer_widgets":false,"_genesis_custom_body_class":"","_genesis_custom_post_class":"","_genesis_layout":""},"product_brand":[],"product_cat":[570],"product_tag":[],"class_list":{"1":"product","2":"type-product","6":"product_cat-genuine-tobacco-extract","7":"entry","9":"first","10":"outofstock","11":"taxable","12":"shipping-taxable","13":"product-type-simple"},"acf":[],"_links":{"self":[{"href":"https:\/\/eliquidnicotine.co.uk\/it\/wp-json\/wp\/v2\/product\/25425","targetHints":{"allow":["GET"]}}],"collection":[{"href":"https:\/\/eliquidnicotine.co.uk\/it\/wp-json\/wp\/v2\/product"}],"about":[{"href":"https:\/\/eliquidnicotine.co.uk\/it\/wp-json\/wp\/v2\/types\/product"}],"replies":[{"embeddable":true,"href":"https:\/\/eliquidnicotine.co.uk\/it\/wp-json\/wp\/v2\/comments?post=25425"}],"wp:featuredmedia":[{"embeddable":true,"href":"https:\/\/eliquidnicotine.co.uk\/it\/wp-json\/wp\/v2\/media\/25406"}],"wp:attachment":[{"href":"https:\/\/eliquidnicotine.co.uk\/it\/wp-json\/wp\/v2\/media?parent=25425"}],"wp:term":[{"taxonomy":"product_brand","embeddable":true,"href":"https:\/\/eliquidnicotine.co.uk\/it\/wp-json\/wp\/v2\/product_brand?post=25425"},{"taxonomy":"product_cat","embeddable":true,"href":"https:\/\/eliquidnicotine.co.uk\/it\/wp-json\/wp\/v2\/product_cat?post=25425"},{"taxonomy":"product_tag","embeddable":true,"href":"https:\/\/eliquidnicotine.co.uk\/it\/wp-json\/wp\/v2\/product_tag?post=25425"}],"curies":[{"name":"wp","href":"https:\/\/api.w.org\/{rel}","templated":true}]}}