{"id":25980,"date":"2022-05-18T12:56:49","date_gmt":"2022-05-18T12:56:49","guid":{"rendered":"https:\/\/eliquidnicotine.co.uk\/?post_type=product&#038;p=25980"},"modified":"2025-04-02T15:29:39","modified_gmt":"2025-04-02T14:29:39","slug":"capella-kiwi","status":"publish","type":"product","link":"https:\/\/eliquidnicotine.co.uk\/it\/shop\/capella-kiwi\/","title":{"rendered":"Capella Kiwi"},"content":{"rendered":"<p>Il concentrato di kiwi Capella offre il gusto autentico e distinto del kiwi maturo con una dolcezza delicata e rinfrescante. Questo concentrato non ha un elevato contenuto di acidi ed \u00e8 solo leggermente dolce, il che lo rende pi\u00f9 adatto come ingrediente che come aroma a s\u00e9 stante. Utilizzate il Concentrato di Kiwi Capella in una bevanda fai-da-te o in ricette di dessert; combinato con mango, lime, zenzero e panna, il Concentrato di Kiwi Capella crea una deliziosa macedonia di frutta tropicale giamaicana.<\/p>\n<p>Rapporto di miscela consigliato: 15%.<\/p>\n<p>Tempo di infusione consigliato: 1 settimana<\/p>\n<p>I concentrati Capella sono tra i migliori al mondo e godono di una meritata reputazione tra i vapers fai da te. Il nome Capella \u00e8 noto in tutto il mondo per la sua vasta gamma di aromi di grande gusto, realizzati con i migliori ingredienti nel suo stabilimento di produzione in California, USA. Tutti i concentrati di aromi Capella soddisfano i pi\u00f9 severi standard di qualit\u00e0 e purezza stabiliti dallo stato della California.<\/p>\n<p>Ingredienti<\/p>\n<p>Aromi naturali e artificiali, glicole propilenico, acqua.<\/p>\n<p>Note<\/p>\n<p>Raccomandiamo di mescolare la maggior parte dei concentrati Capella con circa 15% inizialmente e poi di aggiustare in base al tuo gusto personale.<br \/>\nTutti i concentrati Capella sono a base di PG.<br \/>\nCi possono essere notevoli differenze di colore tra diversi lotti dello stesso aroma. Questo \u00e8 un risultato naturale del processo di creazione dell'aroma.<br \/>\nQuesto \u00e8 un aroma concentrato da miscelare in e-liquid fai da te. Non deve essere vaporizzato non diluito. Tutti i concentrati di aroma Capella sono a base di PG.<br \/>\nSalute e sicurezza<\/p>\n<p>Si consiglia di indossare indumenti protettivi appropriati, guanti resistenti alle sostanze chimiche, protezione respiratoria e occhiali di sicurezza quando si miscela l'e-liquido.<\/p>","protected":false},"excerpt":{"rendered":"<p>Il concentrato di kiwi Capella offre il gusto autentico e distinto del kiwi maturo con una dolcezza delicata e rinfrescante. <\/p>","protected":false},"featured_media":25988,"comment_status":"open","ping_status":"closed","template":"","meta":{"_acf_changed":false,"_genesis_hide_title":false,"_genesis_hide_breadcrumbs":false,"_genesis_hide_singular_image":false,"_genesis_hide_footer_widgets":false,"_genesis_custom_body_class":"","_genesis_custom_post_class":"","_genesis_layout":""},"product_brand":[],"product_cat":[398,573],"product_tag":[],"class_list":{"1":"product","2":"type-product","6":"product_cat-capella-flavours-for-self-mixing-10-30-and-50-ml","7":"product_cat-flavours-for-e-liquid-mixing","8":"entry","10":"first","11":"instock","12":"taxable","13":"shipping-taxable","14":"purchasable","15":"product-type-variable"},"acf":[],"_links":{"self":[{"href":"https:\/\/eliquidnicotine.co.uk\/it\/wp-json\/wp\/v2\/product\/25980","targetHints":{"allow":["GET"]}}],"collection":[{"href":"https:\/\/eliquidnicotine.co.uk\/it\/wp-json\/wp\/v2\/product"}],"about":[{"href":"https:\/\/eliquidnicotine.co.uk\/it\/wp-json\/wp\/v2\/types\/product"}],"replies":[{"embeddable":true,"href":"https:\/\/eliquidnicotine.co.uk\/it\/wp-json\/wp\/v2\/comments?post=25980"}],"wp:featuredmedia":[{"embeddable":true,"href":"https:\/\/eliquidnicotine.co.uk\/it\/wp-json\/wp\/v2\/media\/25988"}],"wp:attachment":[{"href":"https:\/\/eliquidnicotine.co.uk\/it\/wp-json\/wp\/v2\/media?parent=25980"}],"wp:term":[{"taxonomy":"product_brand","embeddable":true,"href":"https:\/\/eliquidnicotine.co.uk\/it\/wp-json\/wp\/v2\/product_brand?post=25980"},{"taxonomy":"product_cat","embeddable":true,"href":"https:\/\/eliquidnicotine.co.uk\/it\/wp-json\/wp\/v2\/product_cat?post=25980"},{"taxonomy":"product_tag","embeddable":true,"href":"https:\/\/eliquidnicotine.co.uk\/it\/wp-json\/wp\/v2\/product_tag?post=25980"}],"curies":[{"name":"wp","href":"https:\/\/api.w.org\/{rel}","templated":true}]}}