{"id":26488,"date":"2022-06-08T15:21:04","date_gmt":"2022-06-08T15:21:04","guid":{"rendered":"https:\/\/eliquidnicotine.co.uk\/?post_type=product&#038;p=26488"},"modified":"2024-09-18T12:44:45","modified_gmt":"2024-09-18T11:44:45","slug":"genuine-burley-100-ml","status":"publish","type":"product","link":"https:\/\/eliquidnicotine.co.uk\/it\/shop\/genuino-burley-100-ml\/","title":{"rendered":"Burley autentico 100 ML"},"content":{"rendered":"<p>Il tabacco Burley \u00e8 una forma di tabacco chiaro, dorato o giallo, curato all'aria. Sebbene abbia spesso un colore pi\u00f9 chiaro rispetto ad altri tipi di tabacco, ha un sapore pi\u00f9 denso, simile a quello di un sigaro. Ci\u00f2 \u00e8 probabilmente dovuto al basso contenuto di zuccheri del tabacco burley.<\/p>\n<p>Lo zucchero viene spesso aggiunto al tabacco burley per ammorbidire il suo sapore intenso e scuro. Viene anche combinato con altri tipi di tabacco per produrre un fumo misto, equilibrato e saporito.<\/p>\n<p>Sebbene il tabacco sia coltivato da secoli, il tabacco Burley non ha guadagnato molta popolarit\u00e0 fino alla fine del 1800. Tuttavia, fu presto vietato in Canada a causa del suo contenuto di zucchero.<\/p>\n<p>Non \u00e8 intenso come il tabacco turco, noto in tutto il mondo per il suo sapore, ma il tabacco Burley colpisce molto pi\u00f9 duramente della maggior parte dei tabacchi flue-cured. Per questo motivo, viene spesso utilizzato dagli appassionati di pipa che amano un fumo ricco e profondo.<\/p>","protected":false},"excerpt":{"rendered":"<p>Burley genuino 100 ml a riempimento corto<br \/>\nEstratto di tabacco vero e proprio e-liquid<br \/>\n1 Shot = 2 mg\/ml<br \/>\n2 shot = 4 mg\/ml<br \/>\n3 shot = 6 mg\/ml<\/p>","protected":false},"featured_media":26477,"comment_status":"open","ping_status":"closed","template":"","meta":{"_acf_changed":false,"_genesis_hide_title":false,"_genesis_hide_breadcrumbs":false,"_genesis_hide_singular_image":false,"_genesis_hide_footer_widgets":false,"_genesis_custom_body_class":"","_genesis_custom_post_class":"","_genesis_layout":""},"product_brand":[],"product_cat":[588],"product_tag":[],"class_list":{"1":"product","2":"type-product","6":"product_cat-genuine-100-ml-shortfill","7":"entry","9":"first","10":"outofstock","11":"taxable","12":"shipping-taxable","13":"product-type-variable"},"acf":[],"_links":{"self":[{"href":"https:\/\/eliquidnicotine.co.uk\/it\/wp-json\/wp\/v2\/product\/26488","targetHints":{"allow":["GET"]}}],"collection":[{"href":"https:\/\/eliquidnicotine.co.uk\/it\/wp-json\/wp\/v2\/product"}],"about":[{"href":"https:\/\/eliquidnicotine.co.uk\/it\/wp-json\/wp\/v2\/types\/product"}],"replies":[{"embeddable":true,"href":"https:\/\/eliquidnicotine.co.uk\/it\/wp-json\/wp\/v2\/comments?post=26488"}],"wp:featuredmedia":[{"embeddable":true,"href":"https:\/\/eliquidnicotine.co.uk\/it\/wp-json\/wp\/v2\/media\/26477"}],"wp:attachment":[{"href":"https:\/\/eliquidnicotine.co.uk\/it\/wp-json\/wp\/v2\/media?parent=26488"}],"wp:term":[{"taxonomy":"product_brand","embeddable":true,"href":"https:\/\/eliquidnicotine.co.uk\/it\/wp-json\/wp\/v2\/product_brand?post=26488"},{"taxonomy":"product_cat","embeddable":true,"href":"https:\/\/eliquidnicotine.co.uk\/it\/wp-json\/wp\/v2\/product_cat?post=26488"},{"taxonomy":"product_tag","embeddable":true,"href":"https:\/\/eliquidnicotine.co.uk\/it\/wp-json\/wp\/v2\/product_tag?post=26488"}],"curies":[{"name":"wp","href":"https:\/\/api.w.org\/{rel}","templated":true}]}}