{"id":26573,"date":"2022-06-13T08:11:38","date_gmt":"2022-06-13T08:11:38","guid":{"rendered":"https:\/\/eliquidnicotine.co.uk\/?post_type=product&#038;p=26573"},"modified":"2024-09-18T12:44:45","modified_gmt":"2024-09-18T11:44:45","slug":"genuine-virginia-100-ml","status":"publish","type":"product","link":"https:\/\/eliquidnicotine.co.uk\/it\/shop\/genuino-virginia-100-ml\/","title":{"rendered":"Virginia genuino 100 ML"},"content":{"rendered":"<p>Il Flue-cured \u00e8 chiamato anche tabacco Virginia o \"tabacco chiaro\". \u00c8 una variet\u00e0 di tabacco che tradizionalmente veniva appesa a pali o travi in fienili bui. Questa variet\u00e0 di tabacco prende il suo soprannome dallo stato americano della Virginia, dove \u00e8 stato coltivato per la prima volta molti anni fa.<\/p>\n<p>Il tabacco Burley tende a scurirsi durante il processo di essiccazione all'aria, ma questo tabacco \u00e8 in realt\u00e0 di colore piuttosto chiaro. Questa leggerezza si riflette nel suo sapore, che \u00e8 molto pi\u00f9 delicato e croccante del tabacco Burley. Inoltre, mentre il tabacco Burley si asciuga all'aria fresca e fredda, il tabacco flue-cured ha bisogno di stanze calde e buie per asciugarsi.<\/p>\n<p>Negli Stati Uniti viene coltivato da pi\u00f9 tempo del tabacco Burley. Per i primi coloni era una coltura d'esportazione talmente importante che ne hanno piantato centinaia di acri. Questo ha portato a un grave impoverimento del suolo e alla conseguente deforestazione.<\/p>\n<p>Sebbene questa non sia una buona notizia, dimostra quanto fosse popolare la Virginia curata con la canna fumaria pi\u00f9 di cento anni fa.<\/p>\n<p>Il Flue-cured tende a presentare meno muffe rispetto ad altri tabacchi. Ha un basso contenuto di nicotina e un alto contenuto di zuccheri, che lo rendono una scelta ideale per le miscele di sigarette lisce. \u00c8 una delle opzioni pi\u00f9 popolari per chi vuole creare la propria miscela di variet\u00e0.<\/p>","protected":false},"excerpt":{"rendered":"<p>Genuine Virginia 100 ml shortfill<br \/>\nEstratto di tabacco vero e proprio e-liquid<br \/>\n1 Shot = 2 mg\/ml<br \/>\n2 shot = 4 mg\/ml<br \/>\n3 shot = 6 mg\/ml<\/p>","protected":false},"featured_media":26479,"comment_status":"open","ping_status":"closed","template":"","meta":{"_acf_changed":false,"_genesis_hide_title":false,"_genesis_hide_breadcrumbs":false,"_genesis_hide_singular_image":false,"_genesis_hide_footer_widgets":false,"_genesis_custom_body_class":"","_genesis_custom_post_class":"","_genesis_layout":""},"product_brand":[],"product_cat":[588],"product_tag":[],"class_list":{"1":"product","2":"type-product","6":"product_cat-genuine-100-ml-shortfill","7":"entry","9":"first","10":"outofstock","11":"taxable","12":"shipping-taxable","13":"product-type-variable"},"acf":[],"_links":{"self":[{"href":"https:\/\/eliquidnicotine.co.uk\/it\/wp-json\/wp\/v2\/product\/26573","targetHints":{"allow":["GET"]}}],"collection":[{"href":"https:\/\/eliquidnicotine.co.uk\/it\/wp-json\/wp\/v2\/product"}],"about":[{"href":"https:\/\/eliquidnicotine.co.uk\/it\/wp-json\/wp\/v2\/types\/product"}],"replies":[{"embeddable":true,"href":"https:\/\/eliquidnicotine.co.uk\/it\/wp-json\/wp\/v2\/comments?post=26573"}],"wp:featuredmedia":[{"embeddable":true,"href":"https:\/\/eliquidnicotine.co.uk\/it\/wp-json\/wp\/v2\/media\/26479"}],"wp:attachment":[{"href":"https:\/\/eliquidnicotine.co.uk\/it\/wp-json\/wp\/v2\/media?parent=26573"}],"wp:term":[{"taxonomy":"product_brand","embeddable":true,"href":"https:\/\/eliquidnicotine.co.uk\/it\/wp-json\/wp\/v2\/product_brand?post=26573"},{"taxonomy":"product_cat","embeddable":true,"href":"https:\/\/eliquidnicotine.co.uk\/it\/wp-json\/wp\/v2\/product_cat?post=26573"},{"taxonomy":"product_tag","embeddable":true,"href":"https:\/\/eliquidnicotine.co.uk\/it\/wp-json\/wp\/v2\/product_tag?post=26573"}],"curies":[{"name":"wp","href":"https:\/\/api.w.org\/{rel}","templated":true}]}}