{"id":27552,"date":"2022-11-30T12:58:53","date_gmt":"2022-11-30T12:58:53","guid":{"rendered":"https:\/\/eliquidnicotine.co.uk\/?post_type=product&#038;p=27552"},"modified":"2024-11-27T14:34:44","modified_gmt":"2024-11-27T13:34:44","slug":"frunk-bar-frozen-grape","status":"publish","type":"product","link":"https:\/\/eliquidnicotine.co.uk\/it\/shop\/frunk-bar-uva-congelata\/","title":{"rendered":"Frunk Bar Uva ghiacciata"},"content":{"rendered":"<p>Nel mondo dei prodotti per lo svapo, Frunk Bar \u00e8 un nome che gli utenti hanno imparato a conoscere e amare. Fin dalle grandi innovazioni che hanno portato alle barre di svapo usa e getta, Frunk Bar \u00e8 stata al top, offrendo barre di svapo usa e getta ad alte prestazioni che non sono solo comode, ma anche molto convenienti. Continuando a offrire un'incredibile selezione di prodotti nel proprio portafoglio, Frunk Bar, un nome che esiste da anni, ha collaborato per creare la migliore esperienza di vape bar usa e getta, combinando sia un dispositivo usa e getta di qualit\u00e0 superiore che una deliziosa gamma di aromi di uno dei marchi pi\u00f9 riconosciuti del settore.<\/p>\n<p>La Frunk Bar ha un design portatile e sottile, perfetto per chi \u00e8 in viaggio o vuole svapare di nascosto. Ha un design all-in-one ed \u00e8 monouso, quindi potete semplicemente godervela e gettarla via quando avete finito. Non ci sono pulsanti o istruzioni complicate, basta svapare e godere.<\/p>\n<p>Ogni dispositivo monouso Frunk Bar presenta le seguenti caratteristiche:<\/p>\n<p>Disponibile in confezioni da 1.<br \/>\n2% (20 MG) sale di nicotina in volume.<br \/>\n2 ml di e-liquid per dispositivo.<br \/>\nBatteria integrata precaricata da 420 mAh.<br \/>\nCirca 600+ soffi per dispositivo.<\/p>","protected":false},"excerpt":{"rendered":"<p>L'uva pi\u00f9 grooviale con una brezza ghiacciata da frunk bar, un'ottima svapata per tutto il giorno per gli amanti dell'uva! L'e-liquid all'uva \u00e8 uno dei gusti di succo di svapo pi\u00f9 popolari. L'uva \u00e8 disponibile in una variet\u00e0 di colori, dimensioni e sapori e viene coltivata da 8.000 anni. L'uva \u00e8 utilizzata anche in una variet\u00e0 di prodotti al di fuori del vaping, dal vino alla marmellata. L'uva \u00e8 da tempo una delle preferite dai vapers per il suo sapore ricco e dolce. Disponibile in confezioni da 1. 2% (20 MG\/ML) sale di nicotina in volume. 2 ml di e-liquid per dispositivo. Batteria integrata precaricata da 420 mAh. Circa 600+ boccate per dispositivo.<\/p>","protected":false},"featured_media":26706,"comment_status":"open","ping_status":"closed","template":"","meta":{"_acf_changed":false,"_genesis_hide_title":false,"_genesis_hide_breadcrumbs":false,"_genesis_hide_singular_image":false,"_genesis_hide_footer_widgets":false,"_genesis_custom_body_class":"","_genesis_custom_post_class":"","_genesis_layout":""},"product_brand":[],"product_cat":[587,592],"product_tag":[],"class_list":{"1":"product","2":"type-product","6":"product_cat-disposables","7":"product_cat-frunk-bar","8":"entry","10":"first","11":"outofstock","12":"taxable","13":"shipping-taxable","14":"product-type-variable"},"acf":[],"_links":{"self":[{"href":"https:\/\/eliquidnicotine.co.uk\/it\/wp-json\/wp\/v2\/product\/27552","targetHints":{"allow":["GET"]}}],"collection":[{"href":"https:\/\/eliquidnicotine.co.uk\/it\/wp-json\/wp\/v2\/product"}],"about":[{"href":"https:\/\/eliquidnicotine.co.uk\/it\/wp-json\/wp\/v2\/types\/product"}],"replies":[{"embeddable":true,"href":"https:\/\/eliquidnicotine.co.uk\/it\/wp-json\/wp\/v2\/comments?post=27552"}],"wp:featuredmedia":[{"embeddable":true,"href":"https:\/\/eliquidnicotine.co.uk\/it\/wp-json\/wp\/v2\/media\/26706"}],"wp:attachment":[{"href":"https:\/\/eliquidnicotine.co.uk\/it\/wp-json\/wp\/v2\/media?parent=27552"}],"wp:term":[{"taxonomy":"product_brand","embeddable":true,"href":"https:\/\/eliquidnicotine.co.uk\/it\/wp-json\/wp\/v2\/product_brand?post=27552"},{"taxonomy":"product_cat","embeddable":true,"href":"https:\/\/eliquidnicotine.co.uk\/it\/wp-json\/wp\/v2\/product_cat?post=27552"},{"taxonomy":"product_tag","embeddable":true,"href":"https:\/\/eliquidnicotine.co.uk\/it\/wp-json\/wp\/v2\/product_tag?post=27552"}],"curies":[{"name":"wp","href":"https:\/\/api.w.org\/{rel}","templated":true}]}}