{"id":29066,"date":"2022-12-06T12:37:21","date_gmt":"2022-12-06T12:37:21","guid":{"rendered":"https:\/\/eliquidnicotine.co.uk\/?post_type=product&#038;p=29066"},"modified":"2024-11-04T08:57:22","modified_gmt":"2024-11-04T07:57:22","slug":"elfbar-strawberry-ice-cream","status":"publish","type":"product","link":"https:\/\/eliquidnicotine.co.uk\/it\/shop\/elfbar-gelato-alla-fragola\/","title":{"rendered":"Gelato alla fragola ElfBar"},"content":{"rendered":"<p>ElfBar<\/p>\n<p>Elf Bar \u00e8 stata fondata nel 2018 e da allora ha lanciato prodotti sempre pi\u00f9 innovativi con un sistema di riscaldamento intelligente. Stanno rispondendo alla crescente esigenza di sapori naturali e di forme di svapo sempre pi\u00f9 sane. Le parole chiave di Elf Bar sono quindi: pi\u00f9 sano e migliore.<\/p>\n<p>Dopo migliaia di esperimenti, Elf Bar ha trovato il modo di realizzare i suoi prodotti con i materiali meno nocivi, il gusto pi\u00f9 puro e un design pulito, per poi presentarvi prodotti che soddisfino le vostre aspettative.<\/p>\n<p>Elf Bar \u00e8 nota soprattutto per le sue eccellenti sigarette elettroniche monouso, ampiamente utilizzate e popolari in tutto il mondo. I prodotti usa e getta sono sigarette elettroniche pronte all'uso che non devono essere ricaricate, sostituite o ricaricate. La sigaretta elettronica ideale per gli svapatori che desiderano la massima semplicit\u00e0. Basta inalare per vaporizzare. Dopo un certo numero di boccate, che dipende dal dispositivo, il prodotto monouso \u00e8 esaurito e deve essere sostituito.<\/p>\n<p>Eleven Bar offre diversi tipi di sigarette elettroniche monouso e un'ampia gamma di aromi. Di seguito \u00e8 riportata una piccola panoramica delle sigarette elettroniche monouso pi\u00f9 popolari di Eleven Bar.<\/p>","protected":false},"excerpt":{"rendered":"<p>Il kit di svapo monouso Strawberry Ice Cream Elf Bar \u00e8 compatto, semplice e offre una vaporizzazione pi\u00f9 fluida. Ogni barretta contiene una quantit\u00e0 di e-liquid e una batteria sufficientemente grande da durare 20 sigarette a una frazione del costo. Non richiedendo alcuna manutenzione, comprese le ricariche, offre un'esperienza di svapo senza problemi e pu\u00f2 essere utilizzata subito dopo l'acquisto. Disponibile in un'ampia gamma di gusti, ne esiste uno per la maggior parte dei fumatori.<\/p>","protected":false},"featured_media":26696,"comment_status":"open","ping_status":"closed","template":"","meta":{"_acf_changed":false,"_genesis_hide_title":false,"_genesis_hide_breadcrumbs":false,"_genesis_hide_singular_image":false,"_genesis_hide_footer_widgets":false,"_genesis_custom_body_class":"","_genesis_custom_post_class":"","_genesis_layout":""},"product_brand":[],"product_cat":[587,594],"product_tag":[],"class_list":{"1":"product","2":"type-product","6":"product_cat-disposables","7":"product_cat-elfbar","8":"entry","10":"first","11":"outofstock","12":"taxable","13":"shipping-taxable","14":"product-type-variable"},"acf":[],"_links":{"self":[{"href":"https:\/\/eliquidnicotine.co.uk\/it\/wp-json\/wp\/v2\/product\/29066","targetHints":{"allow":["GET"]}}],"collection":[{"href":"https:\/\/eliquidnicotine.co.uk\/it\/wp-json\/wp\/v2\/product"}],"about":[{"href":"https:\/\/eliquidnicotine.co.uk\/it\/wp-json\/wp\/v2\/types\/product"}],"replies":[{"embeddable":true,"href":"https:\/\/eliquidnicotine.co.uk\/it\/wp-json\/wp\/v2\/comments?post=29066"}],"wp:featuredmedia":[{"embeddable":true,"href":"https:\/\/eliquidnicotine.co.uk\/it\/wp-json\/wp\/v2\/media\/26696"}],"wp:attachment":[{"href":"https:\/\/eliquidnicotine.co.uk\/it\/wp-json\/wp\/v2\/media?parent=29066"}],"wp:term":[{"taxonomy":"product_brand","embeddable":true,"href":"https:\/\/eliquidnicotine.co.uk\/it\/wp-json\/wp\/v2\/product_brand?post=29066"},{"taxonomy":"product_cat","embeddable":true,"href":"https:\/\/eliquidnicotine.co.uk\/it\/wp-json\/wp\/v2\/product_cat?post=29066"},{"taxonomy":"product_tag","embeddable":true,"href":"https:\/\/eliquidnicotine.co.uk\/it\/wp-json\/wp\/v2\/product_tag?post=29066"}],"curies":[{"name":"wp","href":"https:\/\/api.w.org\/{rel}","templated":true}]}}