{"id":29118,"date":"2022-11-30T16:19:32","date_gmt":"2022-11-30T16:19:32","guid":{"rendered":"https:\/\/eliquidnicotine.co.uk\/shop\/wpuff-600-frische-minze\/"},"modified":"2025-01-13T05:59:23","modified_gmt":"2025-01-13T04:59:23","slug":"wpuff-600-frische-minze","status":"publish","type":"product","link":"https:\/\/eliquidnicotine.co.uk\/it\/shop\/wpuff-600-frische-minze\/","title":{"rendered":"Wpuff 600 Menta fresca"},"content":{"rendered":"<p><strong>PUFF LIQUIDEO: IL TUBO DELL'ACQUA PER LANCIARE UN FORMATO TASCABILE<\/strong><\/p>\n<p>Una piccola rivoluzione che non passer\u00e0 inosservata! Liquideo, marchio francese specializzato in e-liquid per sigarette elettroniche, mette il suo know-how al servizio dei fumatori e degli appassionati di narghil\u00e8 con un piccolo ma bellissimo accessorio: il PUFF. Simile a una Avape Pen, il suo aspetto ricorda quello di una sigaretta elettronica, ma molto pi\u00f9 sottile. Il design in alluminio colorato e, soprattutto, ultrasottile del PUFF consente di portarlo con s\u00e9 ovunque si vada. Il narghil\u00e8 - dove volete, quando volete! Grazie alla sua facilit\u00e0 d'uso, questo piccolo narghil\u00e8 \u00e8 adatto a tutti. Principianti, fumatori esperti, fumatori accaniti o fumatori occasionali di narghil\u00e8: tutti troveranno qualcosa di adatto a loro. Questo narghil\u00e8 elettronico di nuova generazione \u00e8 stato progettato appositamente per i fumatori insoddisfatti della classica sigaretta elettronica, il cui funzionamento o la forte sensazione in gola possono rallentare.<\/p>\n<p><strong>Come funziona il Liquideo PUFF?<\/strong><\/p>\n<p>Questo accessorio ha la forma di una capsula che contiene tutto ci\u00f2 che serve per gustare sapori deliziosi: una cartuccia di liquido aromatizzato integrata nel dispositivo e una batteria, anch'essa nascosta all'interno, che fa funzionare il dispositivo. Per il resto, lasciatevi guidare: Il puff monouso non richiede alcuna preparazione o configurazione speciale da parte vostra. Infatti, non ci sono pulsanti o manopole integrate. Basta tirare il narghil\u00e8 elettronico e questo si attiver\u00e0 istantaneamente in sincronia con il tiro. Il design di una sigaretta elettronica usa e getta abbinato a un funzionamento che ricorda quello di una sigaretta tradizionale! Gli appassionati di sigarette tradizionali o gli amanti delle sessioni di narghil\u00e8 con tabacco classico noteranno la presenza di nicotina nell'e-liquid. Questa \u00e8 sotto forma di sali di nicotina, meno irritante della nicotina vera e pi\u00f9 facilmente assorbibile dall'organismo. Fornisce una sensazione simile, ma pi\u00f9 morbida, con un minore impatto in gola, per cui potrete godere di tutti i sapori della vostra e-HookahWPUFF! Attualmente sono disponibili tre diversi livelli di nicotina: 1,7% di nicotina, 0,9% di nicotina e una versione senza nicotina. Tutte queste versioni sono adatte ai fumatori che desiderano ridurre il consumo di nicotina, ma l'ultima versione \u00e8 pensata specificamente per chi vuole smettere di fumare. Una versione a basso contenuto di nicotina, ma non certo di gusto! Frutti rossi, cioccolato o menta fresca: i diversi gusti vi porteranno ai tropici in un attimo. Sviluppati con cura in laboratorio, sono il risultato di una sapiente miscelazione per ottenere un risultato unico, dolce e intenso, che non potrete ottenere con nessun altro aroma. Combinazioni aspre e golose che possono ricordare il lato esotico dei sapori del narghil\u00e8<\/p>\n<p><strong>Il Liquideo Wpuff \u00e8 ricaricabile?<\/strong><\/p>\n<p>Questa sigaretta usa e getta preriempita vi accompagner\u00e0 per un po' di tempo: Contiene circa 600 boccate fresche. Gli amanti del vapore denso, caratteristico di una sessione di narghil\u00e8 gustosa e perfettamente preparata, saranno deliziati dalla densa nuvola creata durante le sessioni. Una luce lampeggiante indica che la cartuccia di e-liquid del narghil\u00e8 \u00e8 vuota. La cartuccia diventa quindi inutilizzabile e deve essere sostituita. Sebbene questo narghil\u00e8 sia un accessorio monouso e non ricaricabile, \u00e8 oltre 95% riciclabile. Sia il tubo di alluminio di cui \u00e8 fatto che la batteria possono essere riciclati. Fate qualcosa per l'ambiente e date una seconda vita al vostro WPUFF Liquideo Pod! Riciclate la batteria nello stesso modo in cui riciclate le pile.<\/p>\n<p><strong>Qual \u00e8 la differenza tra un puff e un narghil\u00e8?<\/strong><\/p>\n<p>L'Hookahdisposable \u00e8 perfetto per i tossicodipendenti del narghil\u00e8 grazie al suo vapore dall'odore intenso e piacevole e ha molte altre qualit\u00e0 da offrire. Grazie alle sue dimensioni compatte di pochi centimetri, il WPUFF in formato Hookahpocket \u00e8 facile da trasportare e rappresenta un risparmio. Grazie alla sua facilit\u00e0 d'uso, offre un alto livello di convenienza e permette di godere di sessioni a costi inferiori. Un altro vantaggio di questo narghil\u00e8 portatile \u00e8 la possibilit\u00e0 di godere di pi\u00f9 sessioni a piacere, senza bisogno di braci o tabacco. Non \u00e8 necessaria alcuna preparazione per gustare questi sapori deliziosi, ideali per i nomadi o per chi va di fretta. Inoltre, non \u00e8 necessaria alcuna manutenzione o pulizia rispetto a un narghil\u00e8 tradizionale. In questo modo si risparmia tempo e si possono fare pause pi\u00f9 lunghe con il narghil\u00e8, per godere dei sapori pi\u00f9 a lungo! Specifiche - Lunghezza: circa 11,5 cm - Diametro: circa 1,5 cm - Tre versioni: Senza nicotina \/ 0,9% nicotina \/ 1,7% nicotina - Monouso, non ricaricabile - Manicotto riutilizzabile.<\/p>","protected":false},"excerpt":{"rendered":"<p>Sorprendente e originale, il Wpuff Fresh Mint, una vera delizia quando si vaporizza!<\/p>","protected":false},"featured_media":29270,"comment_status":"open","ping_status":"closed","template":"","meta":{"_acf_changed":false,"_genesis_hide_title":false,"_genesis_hide_breadcrumbs":false,"_genesis_hide_singular_image":false,"_genesis_hide_footer_widgets":false,"_genesis_custom_body_class":"","_genesis_custom_post_class":"","_genesis_layout":""},"product_brand":[],"product_cat":[587,599],"product_tag":[],"class_list":{"1":"product","2":"type-product","6":"product_cat-disposables","7":"product_cat-wpuff-liquideo","8":"entry","10":"first","11":"outofstock","12":"taxable","13":"shipping-taxable","14":"product-type-variable"},"acf":[],"_links":{"self":[{"href":"https:\/\/eliquidnicotine.co.uk\/it\/wp-json\/wp\/v2\/product\/29118","targetHints":{"allow":["GET"]}}],"collection":[{"href":"https:\/\/eliquidnicotine.co.uk\/it\/wp-json\/wp\/v2\/product"}],"about":[{"href":"https:\/\/eliquidnicotine.co.uk\/it\/wp-json\/wp\/v2\/types\/product"}],"replies":[{"embeddable":true,"href":"https:\/\/eliquidnicotine.co.uk\/it\/wp-json\/wp\/v2\/comments?post=29118"}],"wp:featuredmedia":[{"embeddable":true,"href":"https:\/\/eliquidnicotine.co.uk\/it\/wp-json\/wp\/v2\/media\/29270"}],"wp:attachment":[{"href":"https:\/\/eliquidnicotine.co.uk\/it\/wp-json\/wp\/v2\/media?parent=29118"}],"wp:term":[{"taxonomy":"product_brand","embeddable":true,"href":"https:\/\/eliquidnicotine.co.uk\/it\/wp-json\/wp\/v2\/product_brand?post=29118"},{"taxonomy":"product_cat","embeddable":true,"href":"https:\/\/eliquidnicotine.co.uk\/it\/wp-json\/wp\/v2\/product_cat?post=29118"},{"taxonomy":"product_tag","embeddable":true,"href":"https:\/\/eliquidnicotine.co.uk\/it\/wp-json\/wp\/v2\/product_tag?post=29118"}],"curies":[{"name":"wp","href":"https:\/\/api.w.org\/{rel}","templated":true}]}}