{"id":29159,"date":"2022-11-30T16:34:36","date_gmt":"2022-11-30T16:34:36","guid":{"rendered":"https:\/\/eliquidnicotine.co.uk\/shop\/crystal-bar-lemon-peach-passionfruit\/"},"modified":"2024-09-18T12:32:36","modified_gmt":"2024-09-18T11:32:36","slug":"crystal-bar-lemon-peach-passionfruit","status":"publish","type":"product","link":"https:\/\/eliquidnicotine.co.uk\/it\/shop\/barretta-di-cristallo-limone-pesca-pompelmo\/","title":{"rendered":"Crystal Bar Limone Pesca Pompelmo"},"content":{"rendered":"<p><strong>SKE Crystal Bar monouso<\/strong><\/p>\n<p>I vaporizzatori monouso Crystal Original sono disponibili in una variet\u00e0 di gusti. Ogni dispositivo contiene 2 ml di sale di nicotina con un'intensit\u00e0 di nicotina di 20 mg ed \u00e8 alimentato da una batteria integrata da 500 mAh.<\/p>\n<p>In grado di erogare fino a 600 boccate e utilizzabile subito dopo l'acquisto, ogni dispositivo si attiva per estrazione, il che significa che gli utenti devono semplicemente inalare sul dispositivo per attivarlo. Una volta che il dispositivo ha utilizzato tutto l'e-liquid, pu\u00f2 essere gettato.<\/p>\n<p>Specifiche:<\/p>\n<p>Fino a 600 soffi<br \/>\nBatteria da 500 mAh<br \/>\nVaping MTL<br \/>\nLiquido elettronico al sale di nicotina da 2 ml<br \/>\nIntensit\u00e0 di nicotina 20 mg<\/p>","protected":false},"excerpt":{"rendered":"<p>La sigaretta elettronica monouso Lemon Peach Passion Fruit di SKE ha il sapore di una miscela di limone, pesca e frutto della passione e ha un'intensit\u00e0 di nicotina di 20 mg.<\/p>","protected":false},"featured_media":29317,"comment_status":"open","ping_status":"closed","template":"","meta":{"_acf_changed":false,"_genesis_hide_title":false,"_genesis_hide_breadcrumbs":false,"_genesis_hide_singular_image":false,"_genesis_hide_footer_widgets":false,"_genesis_custom_body_class":"","_genesis_custom_post_class":"","_genesis_layout":""},"product_brand":[],"product_cat":[598,587],"product_tag":[],"class_list":{"1":"product","2":"type-product","6":"product_cat-crystal-bar","7":"product_cat-disposables","8":"entry","10":"first","11":"outofstock","12":"taxable","13":"shipping-taxable","14":"purchasable","15":"product-type-variable"},"acf":[],"_links":{"self":[{"href":"https:\/\/eliquidnicotine.co.uk\/it\/wp-json\/wp\/v2\/product\/29159","targetHints":{"allow":["GET"]}}],"collection":[{"href":"https:\/\/eliquidnicotine.co.uk\/it\/wp-json\/wp\/v2\/product"}],"about":[{"href":"https:\/\/eliquidnicotine.co.uk\/it\/wp-json\/wp\/v2\/types\/product"}],"replies":[{"embeddable":true,"href":"https:\/\/eliquidnicotine.co.uk\/it\/wp-json\/wp\/v2\/comments?post=29159"}],"wp:featuredmedia":[{"embeddable":true,"href":"https:\/\/eliquidnicotine.co.uk\/it\/wp-json\/wp\/v2\/media\/29317"}],"wp:attachment":[{"href":"https:\/\/eliquidnicotine.co.uk\/it\/wp-json\/wp\/v2\/media?parent=29159"}],"wp:term":[{"taxonomy":"product_brand","embeddable":true,"href":"https:\/\/eliquidnicotine.co.uk\/it\/wp-json\/wp\/v2\/product_brand?post=29159"},{"taxonomy":"product_cat","embeddable":true,"href":"https:\/\/eliquidnicotine.co.uk\/it\/wp-json\/wp\/v2\/product_cat?post=29159"},{"taxonomy":"product_tag","embeddable":true,"href":"https:\/\/eliquidnicotine.co.uk\/it\/wp-json\/wp\/v2\/product_tag?post=29159"}],"curies":[{"name":"wp","href":"https:\/\/api.w.org\/{rel}","templated":true}]}}