{"id":29747,"date":"2023-01-06T15:04:06","date_gmt":"2023-01-06T14:04:06","guid":{"rendered":"https:\/\/eliquidnicotine.co.uk\/?post_type=product&#038;p=29747"},"modified":"2024-09-18T12:32:36","modified_gmt":"2024-09-18T11:32:36","slug":"crystal-bar-blueberry-peach-ice","status":"publish","type":"product","link":"https:\/\/eliquidnicotine.co.uk\/it\/shop\/crystal-bar-bluberry-peach-ice\/","title":{"rendered":"Bar Crystal Bar Mirtillo Pesca Ghiaccio"},"content":{"rendered":"<p>Specifiche tecniche Modello: SKE Crystal Bar Monouso Tipo: Power puff sigaretta elettronica usa e getta Materiali: lega di alluminio + PCTG Dimensioni: 16,25 x 16 x 110mm Capacit\u00e0 della batteria: 500 mAh Capacit\u00e0 del serbatoio: 2ml Puff: 600 puff Tipo di bobina: bobina a rete - per l'esperienza di gusto finale Resistenza della bobina: 1,2ohm Tensione \/ wattaggio: 11W Potenza della nicotina: 2% (20mg sale di nicotina)<\/p>","protected":false},"excerpt":{"rendered":"<p>La SKE Crystal Bar Blueberry Peach Ice \u00e8 una sigaretta elettronica monouso che contiene 600 boccate (3 pacchetti di sigarette). L'effetto della Crystal Bar pu\u00f2 essere paragonato a quello di una sigaretta. La variet\u00e0 Blueberry Peach Ice ha il sapore di una miscela di mirtilli e pesca con...<\/p>","protected":false},"featured_media":29795,"comment_status":"open","ping_status":"closed","template":"","meta":{"_acf_changed":false,"_genesis_hide_title":false,"_genesis_hide_breadcrumbs":false,"_genesis_hide_singular_image":false,"_genesis_hide_footer_widgets":false,"_genesis_custom_body_class":"","_genesis_custom_post_class":"","_genesis_layout":""},"product_brand":[],"product_cat":[598,587],"product_tag":[],"class_list":{"1":"product","2":"type-product","6":"product_cat-crystal-bar","7":"product_cat-disposables","8":"entry","10":"first","11":"outofstock","12":"taxable","13":"shipping-taxable","14":"purchasable","15":"product-type-variable"},"acf":[],"_links":{"self":[{"href":"https:\/\/eliquidnicotine.co.uk\/it\/wp-json\/wp\/v2\/product\/29747","targetHints":{"allow":["GET"]}}],"collection":[{"href":"https:\/\/eliquidnicotine.co.uk\/it\/wp-json\/wp\/v2\/product"}],"about":[{"href":"https:\/\/eliquidnicotine.co.uk\/it\/wp-json\/wp\/v2\/types\/product"}],"replies":[{"embeddable":true,"href":"https:\/\/eliquidnicotine.co.uk\/it\/wp-json\/wp\/v2\/comments?post=29747"}],"wp:featuredmedia":[{"embeddable":true,"href":"https:\/\/eliquidnicotine.co.uk\/it\/wp-json\/wp\/v2\/media\/29795"}],"wp:attachment":[{"href":"https:\/\/eliquidnicotine.co.uk\/it\/wp-json\/wp\/v2\/media?parent=29747"}],"wp:term":[{"taxonomy":"product_brand","embeddable":true,"href":"https:\/\/eliquidnicotine.co.uk\/it\/wp-json\/wp\/v2\/product_brand?post=29747"},{"taxonomy":"product_cat","embeddable":true,"href":"https:\/\/eliquidnicotine.co.uk\/it\/wp-json\/wp\/v2\/product_cat?post=29747"},{"taxonomy":"product_tag","embeddable":true,"href":"https:\/\/eliquidnicotine.co.uk\/it\/wp-json\/wp\/v2\/product_tag?post=29747"}],"curies":[{"name":"wp","href":"https:\/\/api.w.org\/{rel}","templated":true}]}}