{"id":38085,"date":"2025-01-24T10:13:57","date_gmt":"2025-01-24T09:13:57","guid":{"rendered":"https:\/\/eliquidnicotine.co.uk\/?post_type=product&#038;p=38085"},"modified":"2025-12-13T08:11:49","modified_gmt":"2025-12-13T07:11:49","slug":"nicotine-salt-crystals","status":"publish","type":"product","link":"https:\/\/eliquidnicotine.co.uk\/it\/shop\/cristalli-di-sale-di-nicotina\/","title":{"rendered":"Cristalli di sale di nicotina"},"content":{"rendered":"<p>----------------BENZOATO SALICILATO MALATO<\/p>\n<p>Contenuto di nicotina libera:      +- 57% +- 54% +- 55%<\/p>\n<p>Forza massima 200 mg\/ml 150 mg\/ml 200 mg\/ml<\/p>\n<p>Colpo alla gola S\u00ec S\u00ec S\u00ec<\/p>\n<p>Stoccaggio -25-5 C -25-5 C -25-5 C<\/p>\n<p>Gusto Neutro Neutro Agrumi\/Acido<\/p>\n<p>Per miscelare 100 mg\/ml, utilizzare circa 170-185 grammi su un litro.<\/p>","protected":false},"excerpt":{"rendered":"<p>Sali di nicotina in polvere, da diluire in PG, VG o in una miscela. Quando si diluisce, utilizzare una base leggermente \"calda\", lasciandola riposare in acqua calda, per accelerare il processo. Agitare bene ogni tot minuti o ore e attendere che la polvere sia completamente assorbita dalla base, il che pu\u00f2 richiedere un po' di tempo, anche un giorno o una notte.<\/p>\n<p>L'imballaggio potrebbe essere diverso dall'immagine reale del prodotto.<\/p>","protected":false},"featured_media":38145,"comment_status":"open","ping_status":"closed","template":"","meta":{"_acf_changed":false,"_genesis_hide_title":false,"_genesis_hide_breadcrumbs":false,"_genesis_hide_singular_image":false,"_genesis_hide_footer_widgets":false,"_genesis_custom_body_class":"","_genesis_custom_post_class":"","_genesis_layout":""},"product_brand":[],"product_cat":[571],"product_tag":[],"class_list":{"1":"product","2":"type-product","6":"product_cat-wholesale","7":"entry","9":"first","10":"instock","11":"taxable","12":"shipping-taxable","13":"purchasable","14":"product-type-variable"},"acf":[],"_links":{"self":[{"href":"https:\/\/eliquidnicotine.co.uk\/it\/wp-json\/wp\/v2\/product\/38085","targetHints":{"allow":["GET"]}}],"collection":[{"href":"https:\/\/eliquidnicotine.co.uk\/it\/wp-json\/wp\/v2\/product"}],"about":[{"href":"https:\/\/eliquidnicotine.co.uk\/it\/wp-json\/wp\/v2\/types\/product"}],"replies":[{"embeddable":true,"href":"https:\/\/eliquidnicotine.co.uk\/it\/wp-json\/wp\/v2\/comments?post=38085"}],"wp:featuredmedia":[{"embeddable":true,"href":"https:\/\/eliquidnicotine.co.uk\/it\/wp-json\/wp\/v2\/media\/38145"}],"wp:attachment":[{"href":"https:\/\/eliquidnicotine.co.uk\/it\/wp-json\/wp\/v2\/media?parent=38085"}],"wp:term":[{"taxonomy":"product_brand","embeddable":true,"href":"https:\/\/eliquidnicotine.co.uk\/it\/wp-json\/wp\/v2\/product_brand?post=38085"},{"taxonomy":"product_cat","embeddable":true,"href":"https:\/\/eliquidnicotine.co.uk\/it\/wp-json\/wp\/v2\/product_cat?post=38085"},{"taxonomy":"product_tag","embeddable":true,"href":"https:\/\/eliquidnicotine.co.uk\/it\/wp-json\/wp\/v2\/product_tag?post=38085"}],"curies":[{"name":"wp","href":"https:\/\/api.w.org\/{rel}","templated":true}]}}