{"id":5918,"date":"2019-11-23T13:49:28","date_gmt":"2019-11-23T13:49:28","guid":{"rendered":"https:\/\/eliquidnicotine.co.uk\/shop\/la-tabaccheria-black-cavendish-tabak-extrakt-aroma\/"},"modified":"2021-08-07T13:54:15","modified_gmt":"2021-08-07T13:54:15","slug":"la-tabaccheria-black-cavendish-tobacco-extract-flavour","status":"publish","type":"product","link":"https:\/\/eliquidnicotine.co.uk\/it\/shop\/la-tabaccheria-black-cavendish-cavendish-tobacco-estratto-sapore\/","title":{"rendered":"La Tabaccheria Black Cavendish"},"content":{"rendered":"<p>Il metodo consiste nel sottoporre il tabacco ad Aromatizzazione o nel sottoporre il tabacco ad una forte pressione facilitando il rilascio di zuccheri naturali. L'estratto di tabacco Black Cavendish Tobacco Extract \u00e8 una perfetta armonia di aromaticit\u00e0, tra il leggermente dolce e il secco, un equilibrio cos\u00ec perfetto da non riuscire a stabilire una posizione precisa e questo \u00e8 il suo punto di forza. Sar\u00e0 un fedele compagno di vapore per tutto il giorno sia per gli amanti dei sapori secchi che per gli amanti dei gusti pi\u00f9 aromatici.<\/p>","protected":false},"excerpt":{"rendered":"<p>Contenuto 10 ml di Black Cavendish non \u00e8 una vera variet\u00e0 di tabacco, ma un metodo di cura supplementare applicato ad una miscela di tabacco non lavorato. Pi\u00f9 comunemente si usa Virginia e\/o Burley.<\/p>","protected":false},"featured_media":439,"comment_status":"open","ping_status":"closed","template":"","meta":{"_acf_changed":false,"_genesis_hide_title":false,"_genesis_hide_breadcrumbs":false,"_genesis_hide_singular_image":false,"_genesis_hide_footer_widgets":false,"_genesis_custom_body_class":"","_genesis_custom_post_class":"","_genesis_layout":""},"product_brand":[],"product_cat":[250],"product_tag":[],"class_list":{"1":"product","2":"type-product","6":"product_cat-pure-tobacco-extract-flavours","7":"entry","9":"first","10":"outofstock","11":"taxable","12":"shipping-taxable","13":"purchasable","14":"product-type-simple"},"acf":[],"_links":{"self":[{"href":"https:\/\/eliquidnicotine.co.uk\/it\/wp-json\/wp\/v2\/product\/5918","targetHints":{"allow":["GET"]}}],"collection":[{"href":"https:\/\/eliquidnicotine.co.uk\/it\/wp-json\/wp\/v2\/product"}],"about":[{"href":"https:\/\/eliquidnicotine.co.uk\/it\/wp-json\/wp\/v2\/types\/product"}],"replies":[{"embeddable":true,"href":"https:\/\/eliquidnicotine.co.uk\/it\/wp-json\/wp\/v2\/comments?post=5918"}],"wp:featuredmedia":[{"embeddable":true,"href":"https:\/\/eliquidnicotine.co.uk\/it\/wp-json\/wp\/v2\/media\/439"}],"wp:attachment":[{"href":"https:\/\/eliquidnicotine.co.uk\/it\/wp-json\/wp\/v2\/media?parent=5918"}],"wp:term":[{"taxonomy":"product_brand","embeddable":true,"href":"https:\/\/eliquidnicotine.co.uk\/it\/wp-json\/wp\/v2\/product_brand?post=5918"},{"taxonomy":"product_cat","embeddable":true,"href":"https:\/\/eliquidnicotine.co.uk\/it\/wp-json\/wp\/v2\/product_cat?post=5918"},{"taxonomy":"product_tag","embeddable":true,"href":"https:\/\/eliquidnicotine.co.uk\/it\/wp-json\/wp\/v2\/product_tag?post=5918"}],"curies":[{"name":"wp","href":"https:\/\/api.w.org\/{rel}","templated":true}]}}