{"id":5924,"date":"2019-11-23T13:49:29","date_gmt":"2019-11-23T13:49:29","guid":{"rendered":"https:\/\/eliquidnicotine.co.uk\/shop\/la-tabaccheria-balkan-mixture-tabak-extrakt-aroma\/"},"modified":"2021-03-08T09:23:04","modified_gmt":"2021-03-08T09:23:04","slug":"la-tabaccheria-balkan-mixture-tobacco-extract-flavour","status":"publish","type":"product","link":"https:\/\/eliquidnicotine.co.uk\/it\/shop\/tabaccheria-miscela-balkan\/","title":{"rendered":"La Tabaccheria Balkan Mixture"},"content":{"rendered":"<p>La costante \u00e8 una forte presenza dell'Orientale, accompagnata da Virginia e Latakia e spesso da altre variet\u00e0. Abbiamo interpretato questa miscela in modo tale che le note dell'Orientale sono le protagoniste. Questa miscela \u00e8 la Quintessenza dell'Orientale, dove le sue note speziate sono iconizzate senza contrasto con le note aromatiche e fumose di Latakia e le note dolci della Virginia. Una miscela aromatica che pu\u00f2 accompagnare i vaporizzatori pi\u00f9 esigenti per tutta la giornata. A completare la sinfonia di aromi sono le note Barrique che completano e impreziosiscono il gusto di una delle miscele pi\u00f9 elaborate.<\/p>","protected":false},"excerpt":{"rendered":"<p>Contenuto 10 ml La miscela balcanica \u00e8 spesso considerata un EM (English Mixture) a causa della sua buona dose di Latakia e cos\u00ec come l'EM ha diverse interpretazioni e ricette.\u00a0<\/p>","protected":false},"featured_media":440,"comment_status":"open","ping_status":"closed","template":"","meta":{"_acf_changed":false,"_genesis_hide_title":false,"_genesis_hide_breadcrumbs":false,"_genesis_hide_singular_image":false,"_genesis_hide_footer_widgets":false,"_genesis_custom_body_class":"","_genesis_custom_post_class":"","_genesis_layout":""},"product_brand":[],"product_cat":[250],"product_tag":[],"class_list":{"1":"product","2":"type-product","6":"product_cat-pure-tobacco-extract-flavours","7":"entry","9":"first","10":"outofstock","11":"taxable","12":"shipping-taxable","13":"purchasable","14":"product-type-simple"},"acf":[],"_links":{"self":[{"href":"https:\/\/eliquidnicotine.co.uk\/it\/wp-json\/wp\/v2\/product\/5924","targetHints":{"allow":["GET"]}}],"collection":[{"href":"https:\/\/eliquidnicotine.co.uk\/it\/wp-json\/wp\/v2\/product"}],"about":[{"href":"https:\/\/eliquidnicotine.co.uk\/it\/wp-json\/wp\/v2\/types\/product"}],"replies":[{"embeddable":true,"href":"https:\/\/eliquidnicotine.co.uk\/it\/wp-json\/wp\/v2\/comments?post=5924"}],"wp:featuredmedia":[{"embeddable":true,"href":"https:\/\/eliquidnicotine.co.uk\/it\/wp-json\/wp\/v2\/media\/440"}],"wp:attachment":[{"href":"https:\/\/eliquidnicotine.co.uk\/it\/wp-json\/wp\/v2\/media?parent=5924"}],"wp:term":[{"taxonomy":"product_brand","embeddable":true,"href":"https:\/\/eliquidnicotine.co.uk\/it\/wp-json\/wp\/v2\/product_brand?post=5924"},{"taxonomy":"product_cat","embeddable":true,"href":"https:\/\/eliquidnicotine.co.uk\/it\/wp-json\/wp\/v2\/product_cat?post=5924"},{"taxonomy":"product_tag","embeddable":true,"href":"https:\/\/eliquidnicotine.co.uk\/it\/wp-json\/wp\/v2\/product_tag?post=5924"}],"curies":[{"name":"wp","href":"https:\/\/api.w.org\/{rel}","templated":true}]}}