{"id":5926,"date":"2019-11-23T13:49:29","date_gmt":"2019-11-23T13:49:29","guid":{"rendered":"https:\/\/eliquidnicotine.co.uk\/shop\/la-tabaccheria-bezuki-tabak-extrakt-aroma\/"},"modified":"2021-06-14T07:30:36","modified_gmt":"2021-06-14T07:30:36","slug":"la-tabaccheria-bezuki-tobacco-extract-flavour","status":"publish","type":"product","link":"https:\/\/eliquidnicotine.co.uk\/it\/shop\/la-tabaccheria-bezuki-bezuki-tobacco-extract-flavour\/","title":{"rendered":"La Tabaccheria Bezuki"},"content":{"rendered":"<p>Bezuki appartiene alla classe Dark Air Cured. I tabacchi appartenenti a questa classe sono utilizzati per la fabbricazione di sigari, sono essiccati all'aria e subiscono una fermentazione dopo la quale le foglie ottengono un colore decisamente scuro e caratteristiche aromatiche molto marcate. Bezuki \u00e8 utilizzato per la produzione di molti sigari sia come Wrapper (Outer Cigar Belt), come Binder (Cigar Subbelt), sia come Filler (Cigar Filling), spesso preferito per le sue notevoli caratteristiche aromatiche a Connecticut Shade, uno dei sigari pi\u00f9 utilizzati. L'estratto di tabacco Bezuki, appartenente alla nostra linea Elite, vi stupir\u00e0 con un aroma unico e diverso da qualsiasi altro tabacco, intenso e speziato che vi permetter\u00e0 di creare nuove e soddisfacenti miscele personalizzate. Bezuki \u00e8 un \"Must\" per gli amanti dei sigari e dei sigari che cercano quel gusto speciale che si pu\u00f2 trovare solo in un sigaro di qualit\u00e0.<\/p>","protected":false},"excerpt":{"rendered":"<p>Contenuto 10 ml Bezuki \u00e8 un tabacco tipico dell'Indonesia, una terra benedetta dal sole, dal suolo vulcanico e da un adeguato grado di umidit\u00e0, caratteristiche ideali per la coltivazione e la cura di questo tabacco molto speciale.\u00a0<\/p>","protected":false},"featured_media":435,"comment_status":"open","ping_status":"closed","template":"","meta":{"_acf_changed":false,"_genesis_hide_title":false,"_genesis_hide_breadcrumbs":false,"_genesis_hide_singular_image":false,"_genesis_hide_footer_widgets":false,"_genesis_custom_body_class":"","_genesis_custom_post_class":"","_genesis_layout":""},"product_brand":[],"product_cat":[250],"product_tag":[],"class_list":{"1":"product","2":"type-product","6":"product_cat-pure-tobacco-extract-flavours","7":"entry","9":"first","10":"outofstock","11":"taxable","12":"shipping-taxable","13":"purchasable","14":"product-type-simple"},"acf":[],"_links":{"self":[{"href":"https:\/\/eliquidnicotine.co.uk\/it\/wp-json\/wp\/v2\/product\/5926","targetHints":{"allow":["GET"]}}],"collection":[{"href":"https:\/\/eliquidnicotine.co.uk\/it\/wp-json\/wp\/v2\/product"}],"about":[{"href":"https:\/\/eliquidnicotine.co.uk\/it\/wp-json\/wp\/v2\/types\/product"}],"replies":[{"embeddable":true,"href":"https:\/\/eliquidnicotine.co.uk\/it\/wp-json\/wp\/v2\/comments?post=5926"}],"wp:featuredmedia":[{"embeddable":true,"href":"https:\/\/eliquidnicotine.co.uk\/it\/wp-json\/wp\/v2\/media\/435"}],"wp:attachment":[{"href":"https:\/\/eliquidnicotine.co.uk\/it\/wp-json\/wp\/v2\/media?parent=5926"}],"wp:term":[{"taxonomy":"product_brand","embeddable":true,"href":"https:\/\/eliquidnicotine.co.uk\/it\/wp-json\/wp\/v2\/product_brand?post=5926"},{"taxonomy":"product_cat","embeddable":true,"href":"https:\/\/eliquidnicotine.co.uk\/it\/wp-json\/wp\/v2\/product_cat?post=5926"},{"taxonomy":"product_tag","embeddable":true,"href":"https:\/\/eliquidnicotine.co.uk\/it\/wp-json\/wp\/v2\/product_tag?post=5926"}],"curies":[{"name":"wp","href":"https:\/\/api.w.org\/{rel}","templated":true}]}}