{"id":5928,"date":"2019-11-23T13:49:29","date_gmt":"2019-11-23T13:49:29","guid":{"rendered":"https:\/\/eliquidnicotine.co.uk\/shop\/la-tabaccheria-piloto-cubano-tabak-extrakt-aroma\/"},"modified":"2021-05-17T06:29:06","modified_gmt":"2021-05-17T06:29:06","slug":"la-tabaccheria-piloto-cubano-tobacco-extract-flavour","status":"publish","type":"product","link":"https:\/\/eliquidnicotine.co.uk\/it\/shop\/la-tabaccheria-piloto-cubano-tabacco-estratto-sapore\/","title":{"rendered":"La Tabaccheria Piloto Cubano"},"content":{"rendered":"<p>Da queste 2 famiglie di tabacco cubano sono nate molte delle successive ibridazioni utilizzate ancora oggi per la fabbricazione di sigari cubani come ad esempio: Criollo 98, Corojo 99, Habana 92 e Habana 2000. Il Piloto Cubano prende il nome dalla citt\u00e0 di origine cubana, Pilotos nella regione di Pinar del Rio, approdata nella Repubblica Dominicana nel 1960 dove le condizioni pedoclimatiche sono ideali per la coltivazione di questo \"Genitore\" della famiglia Havanensis coltivato al di fuori della terra di origine. Il pilota cubano appartiene alla classe \"Dark Air Cured\". I tabacchi appartenenti a questa classe vengono utilizzati per la fabbricazione di sigari, sono essiccati all'aria e sottoposti a fermentazione, dopodich\u00e9 le foglie ottengono un colore decisamente scuro e caratteristiche aromatiche molto marcate. Il Cuban Pilot da noi selezionato \u00e8 un Sun-Grown-Filler, un tabacco coltivato al sole e utilizzato come ripieno nella fabbricazione di sigari. La particolarit\u00e0 di questo tabacco, che la nostra azienda trova anche su altri tabacchi da sigaro, \u00e8 che nonostante la forza e la corposit\u00e0 che ha se fumato in modo tradizionale, l'estratto di Piloto Cubano, appartenente alla nostra Linea Elite, \u00e8 invece morbido e avvolgente e sar\u00e0 un eccezionale compagno vaporizzante per gli appassionati e gli amanti dei sigari cubani, alla ricerca di quel sapore unico, che si pu\u00f2 trovare solo annusando il profumo del vero sigaro cubano.<\/p>","protected":false},"excerpt":{"rendered":"<p>Contenuto 10 ml Dopo la rivoluzione del 1959 a Cuba, alcuni coltivatori emigrarono nella Repubblica Dominicana, portando con s\u00e9 i semi e l'arte di coltivare e curare il \"Tabaco Negro Cuban\", la cui specie \u00e8 divisa in 2 famiglie principali: Criollo e Corojo.\u00a0<\/p>","protected":false},"featured_media":431,"comment_status":"open","ping_status":"closed","template":"","meta":{"_acf_changed":false,"_genesis_hide_title":false,"_genesis_hide_breadcrumbs":false,"_genesis_hide_singular_image":false,"_genesis_hide_footer_widgets":false,"_genesis_custom_body_class":"","_genesis_custom_post_class":"","_genesis_layout":""},"product_brand":[],"product_cat":[250],"product_tag":[],"class_list":{"1":"product","2":"type-product","6":"product_cat-pure-tobacco-extract-flavours","7":"entry","9":"first","10":"outofstock","11":"taxable","12":"shipping-taxable","13":"purchasable","14":"product-type-simple"},"acf":[],"_links":{"self":[{"href":"https:\/\/eliquidnicotine.co.uk\/it\/wp-json\/wp\/v2\/product\/5928","targetHints":{"allow":["GET"]}}],"collection":[{"href":"https:\/\/eliquidnicotine.co.uk\/it\/wp-json\/wp\/v2\/product"}],"about":[{"href":"https:\/\/eliquidnicotine.co.uk\/it\/wp-json\/wp\/v2\/types\/product"}],"replies":[{"embeddable":true,"href":"https:\/\/eliquidnicotine.co.uk\/it\/wp-json\/wp\/v2\/comments?post=5928"}],"wp:featuredmedia":[{"embeddable":true,"href":"https:\/\/eliquidnicotine.co.uk\/it\/wp-json\/wp\/v2\/media\/431"}],"wp:attachment":[{"href":"https:\/\/eliquidnicotine.co.uk\/it\/wp-json\/wp\/v2\/media?parent=5928"}],"wp:term":[{"taxonomy":"product_brand","embeddable":true,"href":"https:\/\/eliquidnicotine.co.uk\/it\/wp-json\/wp\/v2\/product_brand?post=5928"},{"taxonomy":"product_cat","embeddable":true,"href":"https:\/\/eliquidnicotine.co.uk\/it\/wp-json\/wp\/v2\/product_cat?post=5928"},{"taxonomy":"product_tag","embeddable":true,"href":"https:\/\/eliquidnicotine.co.uk\/it\/wp-json\/wp\/v2\/product_tag?post=5928"}],"curies":[{"name":"wp","href":"https:\/\/api.w.org\/{rel}","templated":true}]}}