{"id":5930,"date":"2019-11-23T13:49:29","date_gmt":"2019-11-23T13:49:29","guid":{"rendered":"https:\/\/eliquidnicotine.co.uk\/shop\/la-tabaccheria-mata-fina-tabak-extrakt-aroma\/"},"modified":"2021-03-01T12:52:51","modified_gmt":"2021-03-01T12:52:51","slug":"la-tabaccheria-mata-fina-tobacco-extract-flavour","status":"publish","type":"product","link":"https:\/\/eliquidnicotine.co.uk\/it\/shop\/la-tabaccheria-mata-fina-estratto-di-tabacco\/","title":{"rendered":"La tabaccheria Mata Fina"},"content":{"rendered":"<p>Definisce il \"Prima Donna\" per le sue propriet\u00e0 aromatiche davvero notevoli, ma allo stesso tempo molto delicate. La Mata Fina appartiene alla classe Dark Air Cured. I tabacchi di questa classe vengono utilizzati per la produzione di sigari, vengono trattati con aria e sottoposti a fermentazione, dopodich\u00e9 le foglie assumono un colore estremamente scuro e propriet\u00e0 aromatiche molto pronunciate. Il Mata Fina che selezioniamo \u00e8 un tabacco da fascia o da fasciatura coltivato al sole. Questi tabacchi si differenziano dagli involucri Shade-Grown proprio perch\u00e9 la cultura del sole fa s\u00ec che queste piante producano un aroma pi\u00f9 forte rispetto agli Shades, che sono pi\u00f9 morbidi e neutri. Nella produzione dei sigari, le fascette sono definite come la foglia esterna, i leganti sono la fascia inferiore e i riempitivi sono il riempimento. L'estratto di tabacco Mata Fina della nostra linea Elite \u00e8 un compagno inseparabile per tutti coloro che sono alla ricerca di un aroma veramente distintivo, delicato e sensuale al tempo stesso, e come un elegante \"Prima Donna\" al vostro fianco, manterr\u00e0 la giornata<\/p>","protected":false},"excerpt":{"rendered":"<p>Contenuto 10 ml La Mata Fina, descritta come la \"prima donna\" del tabacco da sigaro, \u00e8 un tabacco di qualit\u00e0 superiore prodotto nello stato brasiliano di Bahia e viene utilizzato per produrre molti sigari di qualit\u00e0.\u00a0<\/p>","protected":false},"featured_media":433,"comment_status":"open","ping_status":"closed","template":"","meta":{"_acf_changed":false,"_genesis_hide_title":false,"_genesis_hide_breadcrumbs":false,"_genesis_hide_singular_image":false,"_genesis_hide_footer_widgets":false,"_genesis_custom_body_class":"","_genesis_custom_post_class":"","_genesis_layout":""},"product_brand":[],"product_cat":[250],"product_tag":[],"class_list":{"1":"product","2":"type-product","6":"product_cat-pure-tobacco-extract-flavours","7":"entry","9":"first","10":"outofstock","11":"taxable","12":"shipping-taxable","13":"purchasable","14":"product-type-simple"},"acf":[],"_links":{"self":[{"href":"https:\/\/eliquidnicotine.co.uk\/it\/wp-json\/wp\/v2\/product\/5930","targetHints":{"allow":["GET"]}}],"collection":[{"href":"https:\/\/eliquidnicotine.co.uk\/it\/wp-json\/wp\/v2\/product"}],"about":[{"href":"https:\/\/eliquidnicotine.co.uk\/it\/wp-json\/wp\/v2\/types\/product"}],"replies":[{"embeddable":true,"href":"https:\/\/eliquidnicotine.co.uk\/it\/wp-json\/wp\/v2\/comments?post=5930"}],"wp:featuredmedia":[{"embeddable":true,"href":"https:\/\/eliquidnicotine.co.uk\/it\/wp-json\/wp\/v2\/media\/433"}],"wp:attachment":[{"href":"https:\/\/eliquidnicotine.co.uk\/it\/wp-json\/wp\/v2\/media?parent=5930"}],"wp:term":[{"taxonomy":"product_brand","embeddable":true,"href":"https:\/\/eliquidnicotine.co.uk\/it\/wp-json\/wp\/v2\/product_brand?post=5930"},{"taxonomy":"product_cat","embeddable":true,"href":"https:\/\/eliquidnicotine.co.uk\/it\/wp-json\/wp\/v2\/product_cat?post=5930"},{"taxonomy":"product_tag","embeddable":true,"href":"https:\/\/eliquidnicotine.co.uk\/it\/wp-json\/wp\/v2\/product_tag?post=5930"}],"curies":[{"name":"wp","href":"https:\/\/api.w.org\/{rel}","templated":true}]}}