{"id":5934,"date":"2019-11-23T13:49:29","date_gmt":"2019-11-23T13:49:29","guid":{"rendered":"https:\/\/eliquidnicotine.co.uk\/shop\/la-tabaccheria-kentucky-usa-elite-tabak-extrakt-aroma\/"},"modified":"2021-03-25T08:05:28","modified_gmt":"2021-03-25T08:05:28","slug":"la-tabaccheria-kentucky-usa-elite-tobacco-extract-flavour","status":"publish","type":"product","link":"https:\/\/eliquidnicotine.co.uk\/it\/shop\/la-tabaccheria-kentucky-usa-elite-tobacco-extract-flavour\/","title":{"rendered":"La Tabaccheria Kentucky USA Elite"},"content":{"rendered":"<p>Si tratta di un tabacco molto speciale prodotto in America e precisamente in Tennessee. Come ogni Kentucky appartiene alla classe Fire Cured ma a differenza del Kentucky utilizzato nella nostra Linea Estratti di Tabacco, questo prodotto ci ha stupito per la particolare affumicatura, molto diversa, se vogliamo molto pi\u00f9 forte. Tuttavia, le note affumicate sono pi\u00f9 amabili e molto pi\u00f9 aromatiche di un \"Classico\" Kentucky. Kentucky USA Tobacco Extract, appartenente alla nostra Linea Elite, ha un gusto forte e aromatico, un aroma che ricorda l'odore di un buon barbecue e sar\u00e0 ideale dopo un pasto a base di carne. L'estratto di Kentucky USA Tobacco, anche se non \u00e8 un aroma pensato per il vapore quotidiano, \u00e8 un \"Must\" per chi cerca un gusto davvero speciale e diverso nel tabacco da fuoco.<\/p>","protected":false},"excerpt":{"rendered":"<p>Contenuto 10 ml Kentucky USA \u00e8 un nome che abbiamo voluto dare per differenziare questo prodotto dal precedente Kentucky.\u00a0<\/p>","protected":false},"featured_media":436,"comment_status":"open","ping_status":"closed","template":"","meta":{"_acf_changed":false,"_genesis_hide_title":false,"_genesis_hide_breadcrumbs":false,"_genesis_hide_singular_image":false,"_genesis_hide_footer_widgets":false,"_genesis_custom_body_class":"","_genesis_custom_post_class":"","_genesis_layout":""},"product_brand":[],"product_cat":[250],"product_tag":[],"class_list":{"1":"product","2":"type-product","6":"product_cat-pure-tobacco-extract-flavours","7":"entry","9":"first","10":"outofstock","11":"taxable","12":"shipping-taxable","13":"purchasable","14":"product-type-simple"},"acf":[],"_links":{"self":[{"href":"https:\/\/eliquidnicotine.co.uk\/it\/wp-json\/wp\/v2\/product\/5934","targetHints":{"allow":["GET"]}}],"collection":[{"href":"https:\/\/eliquidnicotine.co.uk\/it\/wp-json\/wp\/v2\/product"}],"about":[{"href":"https:\/\/eliquidnicotine.co.uk\/it\/wp-json\/wp\/v2\/types\/product"}],"replies":[{"embeddable":true,"href":"https:\/\/eliquidnicotine.co.uk\/it\/wp-json\/wp\/v2\/comments?post=5934"}],"wp:featuredmedia":[{"embeddable":true,"href":"https:\/\/eliquidnicotine.co.uk\/it\/wp-json\/wp\/v2\/media\/436"}],"wp:attachment":[{"href":"https:\/\/eliquidnicotine.co.uk\/it\/wp-json\/wp\/v2\/media?parent=5934"}],"wp:term":[{"taxonomy":"product_brand","embeddable":true,"href":"https:\/\/eliquidnicotine.co.uk\/it\/wp-json\/wp\/v2\/product_brand?post=5934"},{"taxonomy":"product_cat","embeddable":true,"href":"https:\/\/eliquidnicotine.co.uk\/it\/wp-json\/wp\/v2\/product_cat?post=5934"},{"taxonomy":"product_tag","embeddable":true,"href":"https:\/\/eliquidnicotine.co.uk\/it\/wp-json\/wp\/v2\/product_tag?post=5934"}],"curies":[{"name":"wp","href":"https:\/\/api.w.org\/{rel}","templated":true}]}}