{"id":5948,"date":"2019-11-23T13:49:29","date_gmt":"2019-11-23T13:49:29","guid":{"rendered":"https:\/\/eliquidnicotine.co.uk\/shop\/la-tabaccheria-hells-mixture-n-759-tabak-extrakt-aroma\/"},"modified":"2021-03-24T13:23:39","modified_gmt":"2021-03-24T13:23:39","slug":"la-tabaccheria-hells-mixture-n-759-tobacco-extract-flavour","status":"publish","type":"product","link":"https:\/\/eliquidnicotine.co.uk\/it\/shop\/tabaccheria-759-estratto-di-tabacco\/","title":{"rendered":"La Tabaccheria Miscela Inferno N.759"},"content":{"rendered":"<p>Questa \u00e8 la nostra interpretazione della miscela! Nell'effettuare questa recensione, dobbiamo tenere conto di alcuni fattori importanti, in quanto vogliamo essere chiari e trasparenti con i nostri clienti, come sempre. Il primo fattore da considerare \u00e8 il fatto che questa miscela non \u00e8 pi\u00f9 prodotta nella sua versione originale. Sarebbe impossibile per chiunque produrre nuovamente questo prodotto, anche se sono ancora disponibili scorte molto rare, ma non quantit\u00e0 che consentirebbero la produzione di vapore (tra l'altro, non consigliamo a nessuno di vaporizzare i prodotti del tabacco lavorati per vari motivi, \u00e8 sempre meglio utilizzare estratti fatti con tabacco grezzo e di ottima qualit\u00e0). Tuttavia, occorre tenere conto di un altro fattore: I tabacchi che compongono questa miscela non sono pi\u00f9 coltivati e disponibili, come il siriano Latakia. Per ricreare proprio questa miscela leggendaria, sarebbe impossibile oggi, anche per la casa produttrice che contiene la ricetta originale, non solo le proporzioni dei tabacchi giocano un ruolo importante, ma proprio questi tabacchi, come la qualit\u00e0, la qualit\u00e0, la provenienza, ma anche l'annata, un po' come la produzione del vino. Immaginate poi se alcuni di questi tabacchi non fossero pi\u00f9 coltivati. Consideriamo ora altre due differenze principali: - La prima differenza \u00e8 tra il tabacco lavorato (speziato, aromatizzato, trattato) e il tabacco non lavorato come lo usiamo noi. - Un'altra differenza \u00e8 tra il tabacco da fumo e il tabacco estratto e vape. Tutto questo per dire che oggi qualsiasi approccio senza la ricetta esatta e senza queste materie prime pu\u00f2 essere solo una recensione basata sulla letteratura, ma non potrebbe mai essere o pretendere di essere questo prodotto che ora rimane una leggenda! Tuttavia, sulla base dell'esperienza del team e della grande letteratura disponibile, abbiamo fatto tutto il possibile per creare questa miscela degna della nostra linea Hell's Mixtures.<\/p>","protected":false},"excerpt":{"rendered":"<h2>Siamo lieti di presentarvi il nostro \"nuovo demone\", il miglior colpo alla gola sul mercato<\/h2>\n<p>Contenuto 10 ml La revisione di una miscela leggendaria attorno alla quale \u00e8 stato creato un mito e per la quale \u00e8 stata fatta pi\u00f9 letteratura e ipotesi sulla vera ricetta di qualsiasi altra miscela di tabacco.<\/p>","protected":false},"featured_media":11699,"comment_status":"open","ping_status":"closed","template":"","meta":{"_acf_changed":false,"_genesis_hide_title":false,"_genesis_hide_breadcrumbs":false,"_genesis_hide_singular_image":false,"_genesis_hide_footer_widgets":false,"_genesis_custom_body_class":"","_genesis_custom_post_class":"","_genesis_layout":""},"product_brand":[],"product_cat":[250],"product_tag":[],"class_list":{"1":"product","2":"type-product","6":"product_cat-pure-tobacco-extract-flavours","7":"entry","9":"first","10":"outofstock","11":"taxable","12":"shipping-taxable","13":"purchasable","14":"product-type-simple"},"acf":[],"_links":{"self":[{"href":"https:\/\/eliquidnicotine.co.uk\/it\/wp-json\/wp\/v2\/product\/5948","targetHints":{"allow":["GET"]}}],"collection":[{"href":"https:\/\/eliquidnicotine.co.uk\/it\/wp-json\/wp\/v2\/product"}],"about":[{"href":"https:\/\/eliquidnicotine.co.uk\/it\/wp-json\/wp\/v2\/types\/product"}],"replies":[{"embeddable":true,"href":"https:\/\/eliquidnicotine.co.uk\/it\/wp-json\/wp\/v2\/comments?post=5948"}],"wp:featuredmedia":[{"embeddable":true,"href":"https:\/\/eliquidnicotine.co.uk\/it\/wp-json\/wp\/v2\/media\/11699"}],"wp:attachment":[{"href":"https:\/\/eliquidnicotine.co.uk\/it\/wp-json\/wp\/v2\/media?parent=5948"}],"wp:term":[{"taxonomy":"product_brand","embeddable":true,"href":"https:\/\/eliquidnicotine.co.uk\/it\/wp-json\/wp\/v2\/product_brand?post=5948"},{"taxonomy":"product_cat","embeddable":true,"href":"https:\/\/eliquidnicotine.co.uk\/it\/wp-json\/wp\/v2\/product_cat?post=5948"},{"taxonomy":"product_tag","embeddable":true,"href":"https:\/\/eliquidnicotine.co.uk\/it\/wp-json\/wp\/v2\/product_tag?post=5948"}],"curies":[{"name":"wp","href":"https:\/\/api.w.org\/{rel}","templated":true}]}}